{"id":71,"date":"2023-10-16T14:53:27","date_gmt":"2023-10-16T17:53:27","guid":{"rendered":"https:\/\/planilhasexcell.com.br\/loja-de-planilhas\/?post_type=product&#038;p=71"},"modified":"2025-03-15T08:11:26","modified_gmt":"2025-03-15T11:11:26","slug":"planilha-excel-controle-de-importacoes-e-exportacoes","status":"publish","type":"product","link":"https:\/\/planilhasexcell.com.br\/loja-de-planilhas\/produto\/planilha-excel-controle-de-importacoes-e-exportacoes\/","title":{"rendered":"Planilha Excel Controle de Importa\u00e7\u00f5es e Exporta\u00e7\u00f5es"},"content":{"rendered":"<h1><span style=\"font-size: 14pt;\">Planilha Excel Controle de Importa\u00e7\u00f5es e Exporta\u00e7\u00f5es<\/span><\/h1>\n<h2><span style=\"font-size: 14pt;\">Planilha Excel Controle de Importa\u00e7\u00f5es e Exporta\u00e7\u00f5es, a\u00a0princ\u00edpio, a log\u00edstica internacional \u00e9 uma \u00e1rea complexa que requer um gerenciamento eficiente para garantir o sucesso das opera\u00e7\u00f5es de importa\u00e7\u00e3o e exporta\u00e7\u00e3o.<\/span><\/h2>\n<p>Planilha Excel Controle de Importa\u00e7\u00f5es e Exporta\u00e7\u00f5es<\/p>\n<p><img fetchpriority=\"high\" decoding=\"async\" class=\"aligncenter wp-image-351 size-medium\" title=\"planilha-excel-controle-de-importacao-e-exportacao\" src=\"https:\/\/planilhasexcell.com.br\/loja-de-planilhas\/wp-content\/uploads\/2023\/10\/planilha-excel-controle-de-importacao-e-exportacao-1-300x300.jpg\" alt=\"planilha-excel-controle-de-importacao-e-exportacao\" width=\"300\" height=\"300\" srcset=\"https:\/\/planilhasexcell.com.br\/loja-de-planilhas\/wp-content\/uploads\/2023\/10\/planilha-excel-controle-de-importacao-e-exportacao-1-300x300.jpg 300w, https:\/\/planilhasexcell.com.br\/loja-de-planilhas\/wp-content\/uploads\/2023\/10\/planilha-excel-controle-de-importacao-e-exportacao-1-1024x1024.jpg 1024w, https:\/\/planilhasexcell.com.br\/loja-de-planilhas\/wp-content\/uploads\/2023\/10\/planilha-excel-controle-de-importacao-e-exportacao-1-150x150.jpg 150w, https:\/\/planilhasexcell.com.br\/loja-de-planilhas\/wp-content\/uploads\/2023\/10\/planilha-excel-controle-de-importacao-e-exportacao-1-768x768.jpg 768w, https:\/\/planilhasexcell.com.br\/loja-de-planilhas\/wp-content\/uploads\/2023\/10\/planilha-excel-controle-de-importacao-e-exportacao-1-1536x1536.jpg 1536w, https:\/\/planilhasexcell.com.br\/loja-de-planilhas\/wp-content\/uploads\/2023\/10\/planilha-excel-controle-de-importacao-e-exportacao-1-600x600.jpg 600w, https:\/\/planilhasexcell.com.br\/loja-de-planilhas\/wp-content\/uploads\/2023\/10\/planilha-excel-controle-de-importacao-e-exportacao-1-100x100.jpg 100w, https:\/\/planilhasexcell.com.br\/loja-de-planilhas\/wp-content\/uploads\/2023\/10\/planilha-excel-controle-de-importacao-e-exportacao-1.jpg 1595w\" sizes=\"(max-width: 300px) 100vw, 300px\" \/><\/p>\n<p><a href=\"https:\/\/www.planilhasbr.com.br\">Planilha Excel Controle de Importa\u00e7\u00f5es e Exporta\u00e7\u00f5es<\/a><\/p>\n<p>Uma das ferramentas fundamentais para manter o controle dessas atividades \u00e9 a planilha de controle de importa\u00e7\u00f5es e exporta\u00e7\u00f5es.<\/p>\n<h3><span style=\"font-size: 14pt;\">Benef\u00edcios da Planilha de Controle de Importa\u00e7\u00f5es e Exporta\u00e7\u00f5es:<\/span><\/h3>\n<p>A <strong>planilha de controle de importa\u00e7\u00f5es e exporta\u00e7\u00f5es<\/strong> mant\u00e9m o registro organizado de todas as transa\u00e7\u00f5es comerciais internacionais realizadas pela empresa.<\/p>\n<p><strong>Alguns benef\u00edcios dessa ferramenta:<\/strong><\/p>\n<ol>\n<li><strong>Organiza\u00e7\u00e3o centralizada:<\/strong> Com a planilha, voc\u00ea pode centralizar todas as informa\u00e7\u00f5es relevantes em um \u00fanico lugar, facilitando o acesso e evitando a dispers\u00e3o de dados.<\/li>\n<li><strong>Acompanhamento em tempo real:<\/strong> Mantenha um registro atualizado de todos os pedidos, permitindo um acompanhamento preciso das opera\u00e7\u00f5es em tempo real.<\/li>\n<li><strong>Controle de custos:<\/strong> A planilha permite registrar os valores unit\u00e1rios e totais dos produtos, auxiliando no controle de custos das importa\u00e7\u00f5es e exporta\u00e7\u00f5es. Isso \u00e9 essencial para o planejamento financeiro da empresa.<\/li>\n<li><strong>Monitoramento de prazos:<\/strong> Com a planilha, \u00e9 poss\u00edvel estabelecer alertas e acompanhar os prazos de entrega, garantindo que as opera\u00e7\u00f5es sejam conclu\u00eddas dentro do prazo estipulado.<\/li>\n<li><strong>Gerenciamento de fornecedores e clientes:<\/strong> A planilha permite registrar informa\u00e7\u00f5es sobre fornecedores e clientes, como pa\u00eds de origem e destino, facilitando a comunica\u00e7\u00e3o e o relacionamento comercial.<\/li>\n<li><strong>An\u00e1lise e relat\u00f3rios:<\/strong> Com os dados registrados na planilha, \u00e9 poss\u00edvel realizar an\u00e1lises, gerar relat\u00f3rios e identificar padr\u00f5es e tend\u00eancias que possam otimizar as opera\u00e7\u00f5es no futuro.<\/li>\n<\/ol>\n<p>A <strong>Planilha Excel Controle de Importa\u00e7\u00f5es e Exporta\u00e7\u00f5es<\/strong> \u00e9 totalmente personaliz\u00e1vel, permitindo que voc\u00ea adapte as colunas, campos e formatos de acordo com as necessidades espec\u00edficas da sua empresa.<\/p>\n<p>Por fim, al\u00e9m de um visual completamente inovador e elegante, voc\u00ea ter\u00e1 acesso a funcionalidades incr\u00edveis.<\/p>\n<p>O acesso \u00e9 liberado imediatamente, ap\u00f3s a confirma\u00e7\u00e3o do pagamento voc\u00ea recebe no seu e-mail ou via WhatsApp.<\/p>\n<p>Com Pix e Cart\u00e3o de Cr\u00e9dito, a compra \u00e9 liberada em minutos.<\/p>\n<p>\u00c9 100% edit\u00e1vel (insira sua logo)<br \/>\nFaz c\u00e1lculos autom\u00e1ticos<br \/>\nLhe fornece v\u00e1rias sugest\u00f5es e dicas.<\/p>\n<p><strong>Veja abaixo o que voc\u00ea recebe ao adquirir a Planilha Excel Controle de Importa\u00e7\u00f5es e Exporta\u00e7\u00f5es:<\/strong><\/p>\n<p><span style=\"font-size: 14pt;\"><strong>1 &#8211;<\/strong><\/span> Planilha Excel Controle de Importa\u00e7\u00f5es e Exporta\u00e7\u00f5es<\/p>\n<p><span style=\"font-size: 14pt;\"><strong>2 &#8211;<\/strong><\/span> Capas e Imagens<\/p>\n<p><span style=\"font-size: 14pt;\"><strong>3 &#8211;<\/strong><\/span> Instru\u00e7\u00f5es de Uso<\/p>\n<p><strong>Voc\u00ea recebe de Imediato ap\u00f3s o pagamento via E-mail ou WhatsApp<\/strong><\/p>\n<p><strong>Nessa compra receba totalmente gratuito os B\u00f4nus Abaixo:<\/strong><\/p>\n<p><span style=\"font-size: 14pt;\"><strong>1 &#8211;<\/strong><\/span> Kit Planilhas + 1600<\/p>\n<p><span style=\"font-size: 14pt;\"><strong>2 &#8211;<\/strong><\/span> Kit Cartas Comerciais + 2000<\/p>\n<p><span style=\"font-size: 14pt;\"><strong>3 &#8211;<\/strong><\/span> Kit de Planilhas de Gest\u00e3o Empresarial no Varejo Prontas e Edit\u00e1veis (5 Planilhas: Planilha de Contas a Pagar + Planilha de Contas a Receber + Planilha de Controle de Estoques + Planilha de Forma\u00e7\u00e3o de Pre\u00e7o + Planilha de Or\u00e7amento Mensal)<\/p>\n<p><span style=\"font-size: 14pt;\"><strong>4 &#8211;<\/strong><\/span> Curso Excel em V\u00eddeos Aulas<\/p>\n<h3><span style=\"font-size: 12pt;\"><strong>Um pouco mais sobre Planilha Excel Controle de Importa\u00e7\u00f5es e Exporta\u00e7\u00f5es:<\/strong><\/span><\/h3>\n<p>&#8220;Texto apenas Ilustrativo&#8221;<\/p>\n<p>Uma planilha Excel de Controle de Importa\u00e7\u00f5es e Exporta\u00e7\u00f5es \u00e9 uma ferramenta essencial para empresas envolvidas no com\u00e9rcio internacional.<\/p>\n<p>Essa planilha permite que as empresas acompanhem e gerenciem todas as opera\u00e7\u00f5es relacionadas \u00e0 importa\u00e7\u00e3o e exporta\u00e7\u00e3o de mercadorias, facilitando o cumprimento de regulamenta\u00e7\u00f5es governamentais, controle de custos e otimiza\u00e7\u00e3o de processos.<\/p>\n<p>A seguir, destacaremos alguns dos principais componentes e funcionalidades que podem ser incorporados a uma planilha Excel de Controle de Importa\u00e7\u00f5es e Exporta\u00e7\u00f5es:<\/p>\n<ol>\n<li><strong>Registro de Dados de Importa\u00e7\u00e3o e Exporta\u00e7\u00e3o:<\/strong>\n<ul>\n<li>N\u00famero de pedido ou contrato.<\/li>\n<li>Data de envio\/recebimento.<\/li>\n<li>Pa\u00eds de origem\/destino.<\/li>\n<li>Descri\u00e7\u00e3o detalhada dos produtos.<\/li>\n<li>Quantidade, peso e valor das mercadorias.<\/li>\n<\/ul>\n<\/li>\n<li><strong>C\u00e1lculo de Custos:<\/strong>\n<ul>\n<li>Custo de transporte mar\u00edtimo, a\u00e9reo, terrestre, etc.<\/li>\n<li>Despesas aduaneiras e tarifas.<\/li>\n<li>Custos de armazenagem.<\/li>\n<li>Seguro de carga.<\/li>\n<li>Taxas de c\u00e2mbio.<\/li>\n<\/ul>\n<\/li>\n<li><strong>Controle de Documenta\u00e7\u00e3o:<\/strong>\n<ul>\n<li>Rastreamento de documentos, como faturas comerciais, conhecimentos de embarque, certificados de origem, etc.<\/li>\n<li>Datas de vencimento e renova\u00e7\u00e3o de licen\u00e7as e autoriza\u00e7\u00f5es.<\/li>\n<\/ul>\n<\/li>\n<li><strong>Status de Entrega e Prazos:<\/strong>\n<ul>\n<li>Acompanhamento das etapas de transporte.<\/li>\n<li>Prazos de entrega previstos e reais.<\/li>\n<li>Notifica\u00e7\u00e3o de atrasos ou problemas.<\/li>\n<\/ul>\n<\/li>\n<li><strong>Controle de Pagamentos e Recebimentos:<\/strong>\n<ul>\n<li>Registro de pagamentos a fornecedores e recebimentos de clientes.<\/li>\n<li>C\u00e1lculo de margens de lucro.<\/li>\n<li>Fluxo de caixa relacionado a opera\u00e7\u00f5es de importa\u00e7\u00e3o\/exporta\u00e7\u00e3o.<\/li>\n<\/ul>\n<\/li>\n<li><strong>Relat\u00f3rios e Gr\u00e1ficos:<\/strong>\n<ul>\n<li>Gera\u00e7\u00e3o de relat\u00f3rios personalizados para an\u00e1lise de desempenho.<\/li>\n<li>Gr\u00e1ficos de tend\u00eancias e hist\u00f3ricos.<\/li>\n<li>An\u00e1lise de rentabilidade por cliente, produto ou rota.<\/li>\n<\/ul>\n<\/li>\n<li><strong>Gerenciamento de Riscos:<\/strong>\n<ul>\n<li>Identifica\u00e7\u00e3o e avalia\u00e7\u00e3o de riscos associados \u00e0s opera\u00e7\u00f5es.<\/li>\n<li>Implementa\u00e7\u00e3o de medidas de mitiga\u00e7\u00e3o.<\/li>\n<\/ul>\n<\/li>\n<li><strong>Automatiza\u00e7\u00e3o de Processos:<\/strong>\n<ul>\n<li>Utiliza\u00e7\u00e3o de f\u00f3rmulas e macros para automatizar c\u00e1lculos e atualiza\u00e7\u00f5es.<\/li>\n<li>Uso de alertas para destacar informa\u00e7\u00f5es cr\u00edticas.<\/li>\n<\/ul>\n<\/li>\n<li><strong>Backups e Seguran\u00e7a:<\/strong>\n<ul>\n<li>Implementa\u00e7\u00e3o de medidas de seguran\u00e7a para proteger informa\u00e7\u00f5es sens\u00edveis.<\/li>\n<li>C\u00f3pias de seguran\u00e7a regulares para evitar a perda de dados.<\/li>\n<\/ul>\n<\/li>\n<li><strong>Treinamento e Uso Eficiente:<\/strong>\n<ul>\n<li>Certificar-se de que a equipe respons\u00e1vel compreenda como utilizar a planilha de forma eficaz.<\/li>\n<li>Fornecer documenta\u00e7\u00e3o e orienta\u00e7\u00f5es para a utiliza\u00e7\u00e3o adequada.<\/li>\n<\/ul>\n<\/li>\n<\/ol>\n<p>Uma planilha Excel de Controle de Importa\u00e7\u00f5es e Exporta\u00e7\u00f5es n\u00e3o apenas simplifica a gest\u00e3o de opera\u00e7\u00f5es internacionais, mas tamb\u00e9m proporciona maior transpar\u00eancia, facilita a tomada de decis\u00f5es e contribui para a efici\u00eancia geral da empresa no com\u00e9rcio internacional.<\/p>\n<p>\u00c0 medida que as opera\u00e7\u00f5es de importa\u00e7\u00e3o e exporta\u00e7\u00e3o continuam a crescer em complexidade, a utiliza\u00e7\u00e3o de uma planilha bem estruturada pode ser fundamental para o sucesso nos mercados globais.<\/p>\n","protected":false},"excerpt":{"rendered":"<h1><span style=\"font-size: 14pt;\">Planilha Excel Controle de Importa\u00e7\u00f5es e Exporta\u00e7\u00f5es<\/span><\/h1>\n<h2><span style=\"font-size: 14pt;\">Planilha Excel Controle de Importa\u00e7\u00f5es e Exporta\u00e7\u00f5es, a\u00a0princ\u00edpio, a log\u00edstica internacional \u00e9 uma \u00e1rea complexa que requer um gerenciamento eficiente para garantir o sucesso das opera\u00e7\u00f5es de importa\u00e7\u00e3o e exporta\u00e7\u00e3o.<\/span><\/h2>\n<p style=\"text-align: center;\"><span style=\"color: #008080;\"><strong>Adquira Agora Via Pix e Tenha 15% de Desconto e Receba todo o Conte\u00fado em seu E-mail ou se Preferir via WhatsApp.<\/strong><\/span><\/p>\n","protected":false},"featured_media":309,"comment_status":"closed","ping_status":"closed","template":"","meta":{"_sitemap_exclude":false,"_sitemap_priority":"","_sitemap_frequency":"","site-sidebar-layout":"default","site-content-layout":"","ast-site-content-layout":"default","site-content-style":"default","site-sidebar-style":"default","ast-global-header-display":"","ast-banner-title-visibility":"","ast-main-header-display":"","ast-hfb-above-header-display":"","ast-hfb-below-header-display":"","ast-hfb-mobile-header-display":"","site-post-title":"","ast-breadcrumbs-content":"","ast-featured-img":"","footer-sml-layout":"","ast-disable-related-posts":"","theme-transparent-header-meta":"default","adv-header-id-meta":"","stick-header-meta":"default","header-above-stick-meta":"","header-main-stick-meta":"","header-below-stick-meta":"","astra-migrate-meta-layouts":"set","ast-page-background-enabled":"default","ast-page-background-meta":{"desktop":{"background-color":"var(--ast-global-color-4)","background-image":"","background-repeat":"repeat","background-position":"center center","background-size":"auto","background-attachment":"scroll","background-type":"","background-media":"","overlay-type":"","overlay-color":"","overlay-opacity":"","overlay-gradient":""},"tablet":{"background-color":"","background-image":"","background-repeat":"repeat","background-position":"center center","background-size":"auto","background-attachment":"scroll","background-type":"","background-media":"","overlay-type":"","overlay-color":"","overlay-opacity":"","overlay-gradient":""},"mobile":{"background-color":"","background-image":"","background-repeat":"repeat","background-position":"center center","background-size":"auto","background-attachment":"scroll","background-type":"","background-media":"","overlay-type":"","overlay-color":"","overlay-opacity":"","overlay-gradient":""}},"ast-content-background-meta":{"desktop":{"background-color":"var(--ast-global-color-5)","background-image":"","background-repeat":"repeat","background-position":"center center","background-size":"auto","background-attachment":"scroll","background-type":"","background-media":"","overlay-type":"","overlay-color":"","overlay-opacity":"","overlay-gradient":""},"tablet":{"background-color":"var(--ast-global-color-5)","background-image":"","background-repeat":"repeat","background-position":"center center","background-size":"auto","background-attachment":"scroll","background-type":"","background-media":"","overlay-type":"","overlay-color":"","overlay-opacity":"","overlay-gradient":""},"mobile":{"background-color":"var(--ast-global-color-5)","background-image":"","background-repeat":"repeat","background-position":"center center","background-size":"auto","background-attachment":"scroll","background-type":"","background-media":"","overlay-type":"","overlay-color":"","overlay-opacity":"","overlay-gradient":""}}},"product_brand":[],"product_cat":[1114,20],"product_tag":[1059,1060,1061,1062,1063,1064,1065,1066,1067,1068,1069,1070,1071,1072,1073,1074,1075,1076,1077,493,1078,1079,1080,1081,1082,1083,171,1084,1085,1086,1087,1088,1089,1090,1091,1092,1093,1094,1095,1096,1097,1098,1099,1100,1101,1102,1103,1104],"class_list":{"0":"post-71","1":"product","2":"type-product","3":"status-publish","4":"has-post-thumbnail","6":"product_cat-importacao-e-exportacao","7":"product_cat-planilhas-excel","8":"product_tag-planilha-excel-analise","9":"product_tag-planilha-excel-analise-de-dados","10":"product_tag-planilha-excel-aprovacoes","11":"product_tag-planilha-excel-auditoria","12":"product_tag-planilha-excel-automacao","13":"product_tag-planilha-excel-cambio","14":"product_tag-planilha-excel-carga","15":"product_tag-planilha-excel-clientes","16":"product_tag-planilha-excel-comercio-internacional","17":"product_tag-planilha-excel-compliance","18":"product_tag-planilha-excel-conformidade","19":"product_tag-planilha-excel-contratos","20":"product_tag-planilha-excel-controle","21":"product_tag-planilha-excel-custos","22":"product_tag-planilha-excel-dados","23":"product_tag-planilha-excel-despesas","24":"product_tag-planilha-excel-documentos","25":"product_tag-planilha-excel-eficiencia","26":"product_tag-planilha-excel-equipe","27":"product_tag-planilha-excel-estoque","28":"product_tag-planilha-excel-exportacao","29":"product_tag-planilha-excel-financeiro","30":"product_tag-planilha-excel-fornecedores","31":"product_tag-planilha-excel-fornecimento","32":"product_tag-planilha-excel-gestao","33":"product_tag-planilha-excel-importacao","34":"product_tag-planilha-excel-indicadores","35":"product_tag-planilha-excel-logistica","36":"product_tag-planilha-excel-lucro","37":"product_tag-planilha-excel-margens","38":"product_tag-planilha-excel-mercadorias","39":"product_tag-planilha-excel-operacoes","40":"product_tag-planilha-excel-pagamento","41":"product_tag-planilha-excel-parceiros","42":"product_tag-planilha-excel-planejamento","43":"product_tag-planilha-excel-prazos","44":"product_tag-planilha-excel-processos","45":"product_tag-planilha-excel-produtividade","46":"product_tag-planilha-excel-rastreamento","47":"product_tag-planilha-excel-recebimento","48":"product_tag-planilha-excel-registro","49":"product_tag-planilha-excel-regulamentacoes","50":"product_tag-planilha-excel-relatorios","51":"product_tag-planilha-excel-seguranca","52":"product_tag-planilha-excel-seguro","53":"product_tag-planilha-excel-tarifas","54":"product_tag-planilha-excel-transporte","55":"product_tag-planilha-excel-treinamento","56":"desktop-align-center","57":"tablet-align-left","58":"mobile-align-left","59":"ast-product-gallery-layout-horizontal-slider","60":"ast-product-tabs-layout-horizontal","62":"first","63":"instock","64":"shipping-taxable","65":"purchasable","66":"product-type-simple"},"_links":{"self":[{"href":"https:\/\/planilhasexcell.com.br\/loja-de-planilhas\/wp-json\/wp\/v2\/product\/71","targetHints":{"allow":["GET"]}}],"collection":[{"href":"https:\/\/planilhasexcell.com.br\/loja-de-planilhas\/wp-json\/wp\/v2\/product"}],"about":[{"href":"https:\/\/planilhasexcell.com.br\/loja-de-planilhas\/wp-json\/wp\/v2\/types\/product"}],"replies":[{"embeddable":true,"href":"https:\/\/planilhasexcell.com.br\/loja-de-planilhas\/wp-json\/wp\/v2\/comments?post=71"}],"wp:featuredmedia":[{"embeddable":true,"href":"https:\/\/planilhasexcell.com.br\/loja-de-planilhas\/wp-json\/wp\/v2\/media\/309"}],"wp:attachment":[{"href":"https:\/\/planilhasexcell.com.br\/loja-de-planilhas\/wp-json\/wp\/v2\/media?parent=71"}],"wp:term":[{"taxonomy":"product_brand","embeddable":true,"href":"https:\/\/planilhasexcell.com.br\/loja-de-planilhas\/wp-json\/wp\/v2\/product_brand?post=71"},{"taxonomy":"product_cat","embeddable":true,"href":"https:\/\/planilhasexcell.com.br\/loja-de-planilhas\/wp-json\/wp\/v2\/product_cat?post=71"},{"taxonomy":"product_tag","embeddable":true,"href":"https:\/\/planilhasexcell.com.br\/loja-de-planilhas\/wp-json\/wp\/v2\/product_tag?post=71"}],"curies":[{"name":"wp","href":"https:\/\/api.w.org\/{rel}","templated":true}]}}