{"id":65,"date":"2023-10-16T14:53:26","date_gmt":"2023-10-16T17:53:26","guid":{"rendered":"https:\/\/planilhasexcell.com.br\/loja-de-planilhas\/?post_type=product&#038;p=65"},"modified":"2025-09-20T17:02:23","modified_gmt":"2025-09-20T20:02:23","slug":"planilha-de-gestao-de-clinicas-medicas","status":"publish","type":"product","link":"https:\/\/planilhasexcell.com.br\/loja-de-planilhas\/produto\/planilha-de-gestao-de-clinicas-medicas\/","title":{"rendered":"Planilha de Gest\u00e3o de Cl\u00ednicas M\u00e9dicas"},"content":{"rendered":"<h1><span style=\"font-size: 14pt;\">Planilha de Gest\u00e3o de Cl\u00ednicas M\u00e9dicas<\/span><\/h1>\n<h2><span style=\"font-size: 14pt;\">Planilha de Gest\u00e3o de Cl\u00ednicas M\u00e9dicas, tenha controle total da sua cl\u00ednica ou consult\u00f3rio com essa Planilha em Excel Completa.<\/span><\/h2>\n<p>Planilha de Gest\u00e3o de Cl\u00ednicas M\u00e9dicas<\/p>\n<p><img fetchpriority=\"high\" decoding=\"async\" class=\"aligncenter wp-image-227 size-medium\" title=\"planilha-gestao-clinicas-medicas\" src=\"https:\/\/planilhasexcell.com.br\/loja-de-planilhas\/wp-content\/uploads\/2023\/10\/planilha-gestao-clinicas-medicas-216x300.jpg\" alt=\"planilha-gestao-clinicas-medicas\" width=\"216\" height=\"300\" srcset=\"https:\/\/planilhasexcell.com.br\/loja-de-planilhas\/wp-content\/uploads\/2023\/10\/planilha-gestao-clinicas-medicas-216x300.jpg 216w, https:\/\/planilhasexcell.com.br\/loja-de-planilhas\/wp-content\/uploads\/2023\/10\/planilha-gestao-clinicas-medicas-737x1024.jpg 737w, https:\/\/planilhasexcell.com.br\/loja-de-planilhas\/wp-content\/uploads\/2023\/10\/planilha-gestao-clinicas-medicas-768x1067.jpg 768w, https:\/\/planilhasexcell.com.br\/loja-de-planilhas\/wp-content\/uploads\/2023\/10\/planilha-gestao-clinicas-medicas-1106x1536.jpg 1106w, https:\/\/planilhasexcell.com.br\/loja-de-planilhas\/wp-content\/uploads\/2023\/10\/planilha-gestao-clinicas-medicas-1474x2048.jpg 1474w, https:\/\/planilhasexcell.com.br\/loja-de-planilhas\/wp-content\/uploads\/2023\/10\/planilha-gestao-clinicas-medicas-600x834.jpg 600w, https:\/\/planilhasexcell.com.br\/loja-de-planilhas\/wp-content\/uploads\/2023\/10\/planilha-gestao-clinicas-medicas.jpg 1600w\" sizes=\"(max-width: 216px) 100vw, 216px\" \/><\/p>\n<p><a href=\"https:\/\/www.planilhasbr.com.br\" target=\"_blank\" rel=\"noopener\"><strong>Planilha Excel para Gest\u00e3o de Cl\u00ednicas M\u00e9dicas<\/strong><\/a> e Consult\u00f3rios pronta e edit\u00e1vel, sem bloqueio ou senha, voc\u00ea pode usar a planilha para controlar e fazer toda a gest\u00e3o da sua cl\u00ednica ou consultoria e ainda pode personalizar, inserindo logo e outras fun\u00e7\u00f5es na planilha.<\/p>\n<p>Fa\u00e7a o controle completo da sua cl\u00ednica ou consult\u00f3rio. Com essa planilha voc\u00ea conseguir\u00e1 fazer a gest\u00e3o financeira, estoque, consultas e identificar\u00e1 seus principais clientes, fornecedores e planos de sa\u00fade usados.<\/p>\n<p>Cadastro de Clientes, Planos de Sa\u00fade, Materiais e Fornecedores e muito mais&#8230;<\/p>\n<p>Fa\u00e7a o registro de todos os itens que s\u00e3o relevantes para uma gest\u00e3o completa da sua cl\u00ednica ou consult\u00f3rio m\u00e9dico<\/p>\n<p><strong>Controle e An\u00e1lise de Consultas<\/strong><\/p>\n<p>Fa\u00e7a o agendamento de todas as consultas que est\u00e3o marcadas e, sempre que quiser, analise todas as consultas agendadas para determinado dia.<\/p>\n<p><strong>Controle de Uso de Materiais, de Compras e Despesas<\/strong><\/p>\n<p>Registre todo o uso de materiais para entender quando eles est\u00e3o acabando. Dessa forma voc\u00ea sabe exatamente quando ser\u00e1 necess\u00e1rio comprar mais e ter\u00e1 um controle dessas compras e despesas relacionados<\/p>\n<p><strong>Fluxo de Caixa da Cl\u00ednica<\/strong><\/p>\n<p>De acordo com o preenchimento dos registros de consultas, receitas, compras e despesas, automaticamente voc\u00ea j\u00e1 consegue visualizar esse relat\u00f3rio com as principais informa\u00e7\u00f5es financeiras da sua cl\u00ednica<\/p>\n<p><strong>Dashboard Financeiro<\/strong><\/p>\n<p>Veja um painel de controle financeiro da sua cl\u00ednica com os principais indicadores e gr\u00e1ficos necess\u00e1rios para voc\u00ea entender se est\u00e1 tendo resultado positivo m\u00eas a m\u00eas e o quanto tem acumulado.<\/p>\n<p><strong>Relat\u00f3rio de Consultas Marcadas<\/strong><\/p>\n<p>Veja exatamente a quantidade de consultas que est\u00e1 tendo mensalmente e quais s\u00e3o os planos de sa\u00fade que mais contribuem para esse resultado.<\/p>\n<p><strong>Dashboard de Consultas<\/strong><\/p>\n<p>An\u00e1lise rapidamente a quantidade total de consultas, a receita gerada com isso e o valor m\u00e9dio por consulta que voc\u00ea recebe. Al\u00e9m disso um gr\u00e1fico faz voc\u00ea entender como est\u00e1 a varia\u00e7\u00e3o mensal de cada um desses indicadores.<\/p>\n<p><strong>Relat\u00f3rio de Controle de Estoque<\/strong><\/p>\n<p>Entenda quanto itens dispon\u00edveis voc\u00ea tem por material cadastrado no seu estoque e receba atualiza\u00e7\u00f5es autom\u00e1tica do status de cada um deles. Sempre que um material estiver com uma quantidade menor do que o estoque m\u00ednimo voc\u00ea receber\u00e1 um aviso de compra necess\u00e1ria.<\/p>\n<p><strong>Dashboard de Estoques<\/strong><\/p>\n<p>De acordo com um material escolhido, visualize um gr\u00e1fico com a quantidade de entradas, sa\u00eddas, saldo atual em estoque e estoque m\u00ednimo.<\/p>\n<p><strong>An\u00e1lise de Planos de Sa\u00fade<\/strong><\/p>\n<p>De acordo com um plano de sa\u00fade selecionado, voc\u00ea pode visualizar para cada um dos meses do ano quantas consultas, receitas e percentuais relativos a isso ele proporcionou para a sua cl\u00ednica.<\/p>\n<p><strong>&#8212; 100% edit\u00e1vel (insira sua logo)<\/strong><br \/>\n<strong>&#8212; Faz c\u00e1lculos autom\u00e1ticos<\/strong><br \/>\n<strong>&#8212; Possui diversos dashboards<\/strong><br \/>\n<strong>&#8212; Fornece v\u00e1rias sugest\u00f5es e dicas<\/strong><\/p>\n<p>Planilha de Gest\u00e3o de Cl\u00ednicas M\u00e9dicas<\/p>\n<p><strong>Veja o que voc\u00ea recebe ao Adquirir Agora a Planilha de Gest\u00e3o de Cl\u00ednicas M\u00e9dicas:<\/strong><\/p>\n<p><span style=\"font-size: 14pt;\"><strong>1 &#8211;<\/strong><\/span> Planilha De Gest\u00e3o De Cl\u00ednicas M\u00e9dicas &#8211; Pronta e Edit\u00e1vel<\/p>\n<p><span style=\"font-size: 14pt;\"><strong>2 &#8211;<\/strong><\/span> Capas e Imagens em 3D<\/p>\n<p><span style=\"font-size: 14pt;\"><strong>3 &#8211;<\/strong><\/span> V\u00eddeo Tutorial<\/p>\n<p><strong>Na Compra da Planilha Excel Gest\u00e3o para Cl\u00ednicas M\u00e9dicas e Consult\u00f3rios voc\u00ea ainda recebe B\u00d4NUS:<\/strong><\/p>\n<p><span style=\"font-size: 14pt;\"><strong>1 &#8211;<\/strong><\/span> Kit Planilhas Excel + 1600 Planilhas Prontas e Edit\u00e1veis<\/p>\n<p><span style=\"font-size: 14pt;\"><strong>2 &#8211;<\/strong><\/span> Kit Cartas Comerciais + 2000 Cartas Prontas e Edit\u00e1veis<\/p>\n<p><span style=\"font-size: 14pt;\"><strong>3 &#8211;<\/strong><\/span> Kit de Planilhas de Gest\u00e3o Empresarial no Varejo Prontas e Edit\u00e1veis (5 Planilhas: Planilha de Contas a Pagar + Planilha de Contas a Receber + Planilha de Controle de Estoques + Planilha de Forma\u00e7\u00e3o de Pre\u00e7o + Planilha de Or\u00e7amento Mensal)<\/p>\n<p>Voc\u00ea recebe a <strong>Planilha Excel Gest\u00e3o para Cl\u00ednicas M\u00e9dicas Excel<\/strong>\u00a0ap\u00f3s o pagamento em seu e-mail ou se preferir via WhatsApp.<\/p>\n<p>Planilha Excel Cl\u00ednica M\u00e9dica<br \/>\nPlanilha Excel Consult\u00f3rio M\u00e9dico<br \/>\nPlanilha Excel Cardiologia<br \/>\nPlanilha Excel Neurologia<br \/>\nPlanilha Excel Psiquiatria<br \/>\nPlanilha Excel Endocrinologia<br \/>\nPlanilha Excel Ortopedia<br \/>\nPlanilha Excel Traumatologia<br \/>\nPlanilha Excel Dermatologia<br \/>\nPlanilha Excel Oftalmologia<br \/>\nPlanilha Excel Anestesiologia<br \/>\nPlanilha Excel Ginecologia<br \/>\nPlanilha Excel Obstetr\u00edcia<br \/>\nPlanilha Excel Pediatria<br \/>\nPlanilha Excel Urologista<br \/>\nPlanilha Excel Neurologia<br \/>\nPlanilha Excel Cirurgia Pl\u00e1stica<br \/>\nPlanilha Excel Geriatria<br \/>\nPlanilha Excel Mastologia<br \/>\nPlanilha Excel Otorrinolaringologia<br \/>\nPlanilha Excel Reumatologia<\/p>\n<p><strong>Um pouco mais sobre Planilhas Excel para Gest\u00e3o de Cl\u00ednicas M\u00e9dicas e Consult\u00f3rios:<\/strong><\/p>\n<h3><span style=\"font-size: 14pt;\"><strong>Planilha Excel para Gest\u00e3o de Cl\u00ednicas M\u00e9dicas e Consult\u00f3rios<\/strong><\/span><\/h3>\n<p>A gest\u00e3o eficiente de cl\u00ednicas m\u00e9dicas e consult\u00f3rios \u00e9 essencial para garantir o bom funcionamento e a presta\u00e7\u00e3o de servi\u00e7os de qualidade aos pacientes.<\/p>\n<p>Com a crescente complexidade das opera\u00e7\u00f5es de sa\u00fade, \u00e9 fundamental contar com ferramentas que facilitem o controle de processos e informa\u00e7\u00f5es importantes.<\/p>\n<p>Nesse contexto, a utiliza\u00e7\u00e3o de planilhas Excel tem se mostrado uma op\u00e7\u00e3o pr\u00e1tica, vers\u00e1til e eficaz.<\/p>\n<p>Uma das principais vantagens da utiliza\u00e7\u00e3o de planilhas Excel para a gest\u00e3o de cl\u00ednicas m\u00e9dicas \u00e9 a possibilidade de personaliza\u00e7\u00e3o.<\/p>\n<p>\u00c9 poss\u00edvel criar planilhas sob medida, adaptadas \u00e0s necessidades espec\u00edficas de cada estabelecimento de sa\u00fade.<\/p>\n<p>Dessa forma, \u00e9 vi\u00e1vel acompanhar desde o agendamento de consultas e procedimentos at\u00e9 o controle de estoque de medicamentos e materiais, passando pela gest\u00e3o financeira e relat\u00f3rios de desempenho.<\/p>\n<p>Para auxiliar nessa importante tarefa, a <strong>Planilha BR<\/strong> se destaca como uma refer\u00eancia na oferta de solu\u00e7\u00f5es para gest\u00e3o de cl\u00ednicas m\u00e9dicas e consult\u00f3rios.<\/p>\n<p>Reconhecida por sua qualidade e efici\u00eancia, a Planilha BR disponibiliza um amplo cat\u00e1logo de planilhas Excel, projetadas para atender \u00e0s necessidades espec\u00edficas do setor de sa\u00fade.<\/p>\n<p>Atrav\u00e9s da Planilha BR, gestores de cl\u00ednicas m\u00e9dicas e consult\u00f3rios t\u00eam acesso \u00e0s melhores ferramentas para otimizar seus processos internos, possibilitando uma vis\u00e3o mais abrangente e organizada da rotina do estabelecimento.<\/p>\n<p>A plataforma oferece planilhas intuitivas e de f\u00e1cil uso, permitindo que qualquer profissional da sa\u00fade, mesmo sem grande familiaridade com o Excel, possa aproveitar ao m\u00e1ximo seus recursos.<\/p>\n<p>Na <strong>loja virtual da Planilha BR<\/strong>, os interessados encontram uma vasta gama de produtos para gest\u00e3o de cl\u00ednicas m\u00e9dicas e consult\u00f3rios, incluindo a &#8220;Planilha de Gest\u00e3o de Cl\u00ednicas M\u00e9dicas&#8221;, uma solu\u00e7\u00e3o completa e abrangente para aprimorar o gerenciamento de todos os processos envolvidos na rotina cl\u00ednica.<\/p>\n<p>Com essa planilha, \u00e9 poss\u00edvel agendar consultas, controlar o hist\u00f3rico de pacientes, gerir pagamentos e despesas, al\u00e9m de obter relat\u00f3rios gerenciais essenciais para a tomada de decis\u00f5es estrat\u00e9gicas.<\/p>\n<p>Se voc\u00ea est\u00e1 em busca de uma ferramenta que facilite a gest\u00e3o de sua cl\u00ednica m\u00e9dica ou consult\u00f3rio, n\u00e3o deixe de visitar a loja virtual da Planilha BR.<\/p>\n<p><strong>Acesse agora mesmo:<\/strong> <a href=\"https:\/\/www.planilhasbr.com.br\/produto\/planilha-de-gestao-de-clinicas-medicas\" target=\"_new\" rel=\"noopener\">https:\/\/www.planilhasbr.com.br\/produto\/planilha-de-gestao-de-clinicas-medicas<\/a>.<\/p>\n<p>Com as planilhas Excel da Planilha BR, voc\u00ea ter\u00e1 o suporte necess\u00e1rio para elevar a efici\u00eancia e qualidade dos servi\u00e7os prestados, proporcionando uma experi\u00eancia ainda mais satisfat\u00f3ria para seus pacientes e colaboradores.<\/p>\n<p>Simplifique a gest\u00e3o de sua cl\u00ednica m\u00e9dica e consult\u00f3rio com a Planilha BR e alcance resultados excepcionais.<\/p>\n","protected":false},"excerpt":{"rendered":"<h1><span style=\"font-size: 14pt;\">Planilha de Gest\u00e3o de Cl\u00ednicas M\u00e9dicas<\/span><\/h1>\n<h2><span style=\"font-size: 14pt;\">Planilha de Gest\u00e3o de Cl\u00ednicas M\u00e9dicas, tenha controle total da sua cl\u00ednica ou consult\u00f3rio com essa Planilha em Excel Completa.<\/span><\/h2>\n<p style=\"text-align: center;\"><span style=\"color: #008080;\"><strong>Adquira Agora Via Pix e Tenha 15% de Desconto e Receba todo o Conte\u00fado em seu E-mail ou se Preferir via WhatsApp.<\/strong><\/span><\/p>\n","protected":false},"featured_media":227,"comment_status":"closed","ping_status":"closed","template":"","meta":{"_sitemap_exclude":false,"_sitemap_priority":"","_sitemap_frequency":"","site-sidebar-layout":"default","site-content-layout":"","ast-site-content-layout":"default","site-content-style":"default","site-sidebar-style":"default","ast-global-header-display":"","ast-banner-title-visibility":"","ast-main-header-display":"","ast-hfb-above-header-display":"","ast-hfb-below-header-display":"","ast-hfb-mobile-header-display":"","site-post-title":"","ast-breadcrumbs-content":"","ast-featured-img":"","footer-sml-layout":"","ast-disable-related-posts":"","theme-transparent-header-meta":"default","adv-header-id-meta":"","stick-header-meta":"default","header-above-stick-meta":"","header-main-stick-meta":"","header-below-stick-meta":"","astra-migrate-meta-layouts":"set","ast-page-background-enabled":"default","ast-page-background-meta":{"desktop":{"background-color":"var(--ast-global-color-4)","background-image":"","background-repeat":"repeat","background-position":"center center","background-size":"auto","background-attachment":"scroll","background-type":"","background-media":"","overlay-type":"","overlay-color":"","overlay-opacity":"","overlay-gradient":""},"tablet":{"background-color":"","background-image":"","background-repeat":"repeat","background-position":"center center","background-size":"auto","background-attachment":"scroll","background-type":"","background-media":"","overlay-type":"","overlay-color":"","overlay-opacity":"","overlay-gradient":""},"mobile":{"background-color":"","background-image":"","background-repeat":"repeat","background-position":"center center","background-size":"auto","background-attachment":"scroll","background-type":"","background-media":"","overlay-type":"","overlay-color":"","overlay-opacity":"","overlay-gradient":""}},"ast-content-background-meta":{"desktop":{"background-color":"var(--ast-global-color-5)","background-image":"","background-repeat":"repeat","background-position":"center center","background-size":"auto","background-attachment":"scroll","background-type":"","background-media":"","overlay-type":"","overlay-color":"","overlay-opacity":"","overlay-gradient":""},"tablet":{"background-color":"var(--ast-global-color-5)","background-image":"","background-repeat":"repeat","background-position":"center center","background-size":"auto","background-attachment":"scroll","background-type":"","background-media":"","overlay-type":"","overlay-color":"","overlay-opacity":"","overlay-gradient":""},"mobile":{"background-color":"var(--ast-global-color-5)","background-image":"","background-repeat":"repeat","background-position":"center center","background-size":"auto","background-attachment":"scroll","background-type":"","background-media":"","overlay-type":"","overlay-color":"","overlay-opacity":"","overlay-gradient":""}}},"product_brand":[],"product_cat":[1115,20],"product_tag":[729,730,731,732,344,733,734,735,736,737,738,739,740,741,742,743,744,745,407,746,747,748,749,750,751,752,753,754,755,756,757,758,759,760,761,762,763,412],"class_list":{"0":"post-65","1":"product","2":"type-product","3":"status-publish","4":"has-post-thumbnail","6":"product_cat-clinicas-medicas","7":"product_cat-planilhas-excel","8":"product_tag-abertura-de-clinica-medica","9":"product_tag-abrir-clinica-medica","10":"product_tag-clinica-medica","11":"product_tag-clinica-medica-popular","12":"product_tag-planilha","13":"product_tag-planilha-cardiologia","14":"product_tag-planilha-cirurgia-plastica","15":"product_tag-planilha-clinica-medica","16":"product_tag-planilha-consultorio-medico","17":"product_tag-planilha-de-clinica","18":"product_tag-planilha-de-clinica-complementar","19":"product_tag-planilha-de-clinica-de-terapia","20":"product_tag-planilha-de-clinica-holistica","21":"product_tag-planilha-de-clinica-integrativa","22":"product_tag-planilha-de-clinica-terapeutica","23":"product_tag-planilha-de-consultas-medicas","24":"product_tag-planilha-dermatologia","25":"product_tag-planilha-endocrinolgia","26":"product_tag-planilha-excel-plr","27":"product_tag-planilha-geriatria","28":"product_tag-planilha-ginecologia","29":"product_tag-planilha-medica","30":"product_tag-planilha-medico","31":"product_tag-planilha-neurologia","32":"product_tag-planilha-obstericia","33":"product_tag-planilha-oftalmologia","34":"product_tag-planilha-ortopedia","35":"product_tag-planilha-otorrinolaringologia","36":"product_tag-planilha-para-clinica","37":"product_tag-planilha-para-clinica-medica","38":"product_tag-planilha-para-consultorio","39":"product_tag-planilha-pediatria","40":"product_tag-planilha-psicologo","41":"product_tag-planilha-psiquiatria","42":"product_tag-planilha-reumatologia","43":"product_tag-planilha-traumatologia","44":"product_tag-planilha-urologia","45":"product_tag-plr-planilha-excel","46":"desktop-align-center","47":"tablet-align-left","48":"mobile-align-left","49":"ast-product-gallery-layout-horizontal-slider","50":"ast-product-tabs-layout-horizontal","52":"first","53":"instock","54":"featured","55":"shipping-taxable","56":"purchasable","57":"product-type-simple"},"_links":{"self":[{"href":"https:\/\/planilhasexcell.com.br\/loja-de-planilhas\/wp-json\/wp\/v2\/product\/65","targetHints":{"allow":["GET"]}}],"collection":[{"href":"https:\/\/planilhasexcell.com.br\/loja-de-planilhas\/wp-json\/wp\/v2\/product"}],"about":[{"href":"https:\/\/planilhasexcell.com.br\/loja-de-planilhas\/wp-json\/wp\/v2\/types\/product"}],"replies":[{"embeddable":true,"href":"https:\/\/planilhasexcell.com.br\/loja-de-planilhas\/wp-json\/wp\/v2\/comments?post=65"}],"wp:featuredmedia":[{"embeddable":true,"href":"https:\/\/planilhasexcell.com.br\/loja-de-planilhas\/wp-json\/wp\/v2\/media\/227"}],"wp:attachment":[{"href":"https:\/\/planilhasexcell.com.br\/loja-de-planilhas\/wp-json\/wp\/v2\/media?parent=65"}],"wp:term":[{"taxonomy":"product_brand","embeddable":true,"href":"https:\/\/planilhasexcell.com.br\/loja-de-planilhas\/wp-json\/wp\/v2\/product_brand?post=65"},{"taxonomy":"product_cat","embeddable":true,"href":"https:\/\/planilhasexcell.com.br\/loja-de-planilhas\/wp-json\/wp\/v2\/product_cat?post=65"},{"taxonomy":"product_tag","embeddable":true,"href":"https:\/\/planilhasexcell.com.br\/loja-de-planilhas\/wp-json\/wp\/v2\/product_tag?post=65"}],"curies":[{"name":"wp","href":"https:\/\/api.w.org\/{rel}","templated":true}]}}