{"id":63,"date":"2023-10-16T14:53:25","date_gmt":"2023-10-16T17:53:25","guid":{"rendered":"https:\/\/planilhasexcell.com.br\/loja-de-planilhas\/?post_type=product&#038;p=63"},"modified":"2025-03-15T08:12:48","modified_gmt":"2025-03-15T11:12:48","slug":"planilha-de-custos-de-importacao","status":"publish","type":"product","link":"https:\/\/planilhasexcell.com.br\/loja-de-planilhas\/produto\/planilha-de-custos-de-importacao\/","title":{"rendered":"Planilha de Custos de Importa\u00e7\u00e3o"},"content":{"rendered":"<h1><span style=\"font-size: 14pt;\">Planilha de Custos de Importa\u00e7\u00e3o Excel<\/span><\/h1>\n<h2><span style=\"font-size: 14pt;\">Planilha de Custos de Importa\u00e7\u00e3o Excel defina os custos em moeda estrangeira para obter o valor aduaneiro em reais e calcular com precis\u00e3o os custos e impostos de importa\u00e7\u00e3o.<\/span><\/h2>\n<p>Planilha de Custos de Importa\u00e7\u00e3o<\/p>\n<p><img fetchpriority=\"high\" decoding=\"async\" class=\"aligncenter wp-image-204 size-medium\" title=\"planilha-de-custos-de-importacao-excel\" src=\"https:\/\/planilhasexcell.com.br\/loja-de-planilhas\/wp-content\/uploads\/2023\/10\/planilha-de-custos-de-importacao-excel-300x300.jpg\" alt=\"planilha-de-custos-de-importacao-excel\" width=\"300\" height=\"300\" srcset=\"https:\/\/planilhasexcell.com.br\/loja-de-planilhas\/wp-content\/uploads\/2023\/10\/planilha-de-custos-de-importacao-excel-300x300.jpg 300w, https:\/\/planilhasexcell.com.br\/loja-de-planilhas\/wp-content\/uploads\/2023\/10\/planilha-de-custos-de-importacao-excel-1024x1024.jpg 1024w, https:\/\/planilhasexcell.com.br\/loja-de-planilhas\/wp-content\/uploads\/2023\/10\/planilha-de-custos-de-importacao-excel-150x150.jpg 150w, https:\/\/planilhasexcell.com.br\/loja-de-planilhas\/wp-content\/uploads\/2023\/10\/planilha-de-custos-de-importacao-excel-768x768.jpg 768w, https:\/\/planilhasexcell.com.br\/loja-de-planilhas\/wp-content\/uploads\/2023\/10\/planilha-de-custos-de-importacao-excel-1536x1536.jpg 1536w, https:\/\/planilhasexcell.com.br\/loja-de-planilhas\/wp-content\/uploads\/2023\/10\/planilha-de-custos-de-importacao-excel-600x600.jpg 600w, https:\/\/planilhasexcell.com.br\/loja-de-planilhas\/wp-content\/uploads\/2023\/10\/planilha-de-custos-de-importacao-excel-100x100.jpg 100w, https:\/\/planilhasexcell.com.br\/loja-de-planilhas\/wp-content\/uploads\/2023\/10\/planilha-de-custos-de-importacao-excel.jpg 1595w\" sizes=\"(max-width: 300px) 100vw, 300px\" \/><\/p>\n<p>Defina os custos em uma moeda estrangeira para saber exatamente o valor aduaneiro em reais e calcular os custos e impostos de importa\u00e7\u00e3o.<\/p>\n<p><strong>Funcionalidades:<\/strong><\/p>\n<p>Com essa planilha voc\u00ea consegue fazer cota\u00e7\u00f5es em diferentes moedas, ver o valor aduaneiro de determinada mercadoria, calcular os impostos e taxas de importa\u00e7\u00e3o para saber exatamente qual foi o total de custos que sua empresa teve.<\/p>\n<p><strong>Cota\u00e7\u00e3o<\/strong><\/p>\n<p>Adicione o valor de moedas estrangeiras para o dia em que voc\u00ea estiver realizando a importa\u00e7\u00e3o.<\/p>\n<p><strong>Descri\u00e7\u00e3o da Importa\u00e7\u00e3o<\/strong><\/p>\n<p>Liste at\u00e9 500 mercadorias que est\u00e3o sendo importadas, adicionando seus valores, o c\u00f3digo NCM e quantidade, unidade de medida<\/p>\n<p><strong>Custos de Importa\u00e7\u00e3o<\/strong><\/p>\n<p>Veja o valor da mercadoria que est\u00e1 sendo importada, seus custos, impostos e taxas para saber exatamente qual vai ser o custo total de importa\u00e7\u00e3o<\/p>\n<p>Planilha de Custos de Importa\u00e7\u00e3o<\/p>\n<p><strong>Siglas<\/strong><\/p>\n<p>Veja as principais siglas utilizadas no c\u00e1lculo de custos de importa\u00e7\u00e3o e transa\u00e7\u00f5es aduaneiras<\/p>\n<p>A <strong>Planilha pode ser Replicada<\/strong>, basta abrir v\u00e1rias vezes a Planilha e Salvar com outro nome, assim voc\u00ea poder\u00e1 ter diversas planilhas com outros dados.<\/p>\n<p><strong>Acompanha V\u00eddeo Tutorial de como Usar a Planilha<\/strong><\/p>\n<p>&#8212; \u00c9 100% edit\u00e1vel (insira sua logo)<br \/>\n&#8212; Faz c\u00e1lculos autom\u00e1ticos<br \/>\n&#8212; Possui diversos dashboards<br \/>\n&#8212; Fornece v\u00e1rias sugest\u00f5es e dicas<\/p>\n<p><strong>Produto totalmente desprotegido<\/strong><\/p>\n<p>&#8212; N\u00e3o possui Senhas<\/p>\n<p>&#8212; N\u00e3o possui licen\u00e7as de uso<\/p>\n<p>&#8212; Utilize em quantas m\u00e1quinas, computadores, Notebook voc\u00ea precisar<\/p>\n<p>&#8212; Produto de alt\u00edssima qualidade<\/p>\n<p>&#8212; 100% edit\u00e1vel<\/p>\n<p><strong>Veja o que voc\u00ea vai receber ap\u00f3s a compra da Planilha de Custos de Importa\u00e7\u00e3o Excel:<\/strong><\/p>\n<p><span style=\"font-size: 14pt;\"><strong>1 &#8211;<\/strong><\/span> 3 Planilhas Prontas e Edit\u00e1veis em Excel &#8211; Totalmente Edit\u00e1veis<\/p>\n<p><span style=\"font-size: 14pt;\"><strong>2 &#8211;<\/strong><\/span> V\u00eddeo Tutorial Ensinando como Usar a Planilha<\/p>\n<p><span style=\"font-size: 14pt;\"><strong>3 &#8211;<\/strong><\/span> Capas 3D e Imagens do Produto<\/p>\n<p><strong>Receba de B\u00f4nus na Compra da Planilha Excel Custos de Importa\u00e7\u00e3o:<\/strong><\/p>\n<p><span style=\"font-size: 14pt;\"><strong>1 &#8211;<\/strong><\/span> Kit Planilhas Excel + 1600 Planilhas Prontas e Edit\u00e1veis<\/p>\n<p><span style=\"font-size: 14pt;\"><strong>2 &#8211;<\/strong><\/span> Kit Cartas Comerciais + 2000 Cartas Prontas e Edit\u00e1veis<\/p>\n<p><span style=\"font-size: 14pt;\"><strong>3 &#8211;<\/strong><\/span> Kit de Planilhas de Gest\u00e3o Empresarial no Varejo Prontas e Edit\u00e1veis (5 Planilhas: Planilha de Contas a Pagar + Planilha de Contas a Receber + Planilha de Controle de Estoques + Planilha de Forma\u00e7\u00e3o de Pre\u00e7o + Planilha de Or\u00e7amento Mensal)<\/p>\n<p>Voc\u00ea recebe a Planilha Custos de Importa\u00e7\u00e3o Excel ap\u00f3s o pagamento em seu e-mail ou se preferir via WhatsApp.<\/p>\n<p>Planilha de Custos de Importa\u00e7\u00e3o<\/p>\n<p><strong>Fique sabendo um pouco mais sobre Planilha de Custos de Importa\u00e7\u00e3o Excel<\/strong><\/p>\n<p>Uma planilha de Custos de Importa\u00e7\u00e3o em Excel \u00e9 uma ferramenta essencial para empresas que se envolvem em atividades de importa\u00e7\u00e3o, proporcionando uma maneira organizada e eficiente de calcular e gerenciar todos os gastos relacionados ao processo de importa\u00e7\u00e3o.<\/p>\n<p>Planilha de Custos de Importa\u00e7\u00e3o<\/p>\n<p>Essa planilha permite aos empres\u00e1rios e gestores terem uma vis\u00e3o clara e abrangente de todos os custos envolvidos, permitindo uma melhor tomada de decis\u00f5es e planejamento financeiro.<\/p>\n<p>Planilha de Custos de Importa\u00e7\u00e3o<\/p>\n","protected":false},"excerpt":{"rendered":"<h1><span style=\"font-size: 14pt;\">Planilha de Custos de Importa\u00e7\u00e3o Excel<\/span><\/h1>\n<h2><span style=\"font-size: 14pt;\">Planilha de Custos de Importa\u00e7\u00e3o Excel defina os custos em moeda estrangeira para obter o valor aduaneiro em reais e calcular com precis\u00e3o os custos e impostos de importa\u00e7\u00e3o.<\/span><\/h2>\n<p style=\"text-align: center;\"><span style=\"color: #008080;\"><strong>Adquira Agora Via Pix e Tenha 15% de Desconto e Receba todo o Conte\u00fado em seu E-mail ou se Preferir via WhatsApp.<\/strong><\/span><\/p>\n","protected":false},"featured_media":204,"comment_status":"closed","ping_status":"closed","template":"","meta":{"_sitemap_exclude":false,"_sitemap_priority":"","_sitemap_frequency":"","site-sidebar-layout":"default","site-content-layout":"","ast-site-content-layout":"default","site-content-style":"default","site-sidebar-style":"default","ast-global-header-display":"","ast-banner-title-visibility":"","ast-main-header-display":"","ast-hfb-above-header-display":"","ast-hfb-below-header-display":"","ast-hfb-mobile-header-display":"","site-post-title":"","ast-breadcrumbs-content":"","ast-featured-img":"","footer-sml-layout":"","ast-disable-related-posts":"","theme-transparent-header-meta":"default","adv-header-id-meta":"","stick-header-meta":"default","header-above-stick-meta":"","header-main-stick-meta":"","header-below-stick-meta":"","astra-migrate-meta-layouts":"set","ast-page-background-enabled":"default","ast-page-background-meta":{"desktop":{"background-color":"var(--ast-global-color-4)","background-image":"","background-repeat":"repeat","background-position":"center center","background-size":"auto","background-attachment":"scroll","background-type":"","background-media":"","overlay-type":"","overlay-color":"","overlay-opacity":"","overlay-gradient":""},"tablet":{"background-color":"","background-image":"","background-repeat":"repeat","background-position":"center center","background-size":"auto","background-attachment":"scroll","background-type":"","background-media":"","overlay-type":"","overlay-color":"","overlay-opacity":"","overlay-gradient":""},"mobile":{"background-color":"","background-image":"","background-repeat":"repeat","background-position":"center center","background-size":"auto","background-attachment":"scroll","background-type":"","background-media":"","overlay-type":"","overlay-color":"","overlay-opacity":"","overlay-gradient":""}},"ast-content-background-meta":{"desktop":{"background-color":"var(--ast-global-color-5)","background-image":"","background-repeat":"repeat","background-position":"center center","background-size":"auto","background-attachment":"scroll","background-type":"","background-media":"","overlay-type":"","overlay-color":"","overlay-opacity":"","overlay-gradient":""},"tablet":{"background-color":"var(--ast-global-color-5)","background-image":"","background-repeat":"repeat","background-position":"center center","background-size":"auto","background-attachment":"scroll","background-type":"","background-media":"","overlay-type":"","overlay-color":"","overlay-opacity":"","overlay-gradient":""},"mobile":{"background-color":"var(--ast-global-color-5)","background-image":"","background-repeat":"repeat","background-position":"center center","background-size":"auto","background-attachment":"scroll","background-type":"","background-media":"","overlay-type":"","overlay-color":"","overlay-opacity":"","overlay-gradient":""}}},"product_brand":[],"product_cat":[1114,20],"product_tag":[651,652,653,654,655,656,597,657,658,659,598,660,661,600,553,328,662,663,664,606,565,665,666,667,668,669,670,671,672,673,674,572,344,675,676,677,678,679,680,681,682,683,684,620,621,685,686,687,688,689],"class_list":{"0":"post-63","1":"product","2":"type-product","3":"status-publish","4":"has-post-thumbnail","6":"product_cat-importacao-e-exportacao","7":"product_cat-planilhas-excel","8":"product_tag-agentes-aduaneiros","9":"product_tag-armazenagem","10":"product_tag-atualizacao","11":"product_tag-calculos","12":"product_tag-comissoes","13":"product_tag-conversao","14":"product_tag-custos","15":"product_tag-custos-adicionais","16":"product_tag-dados-da-importacao","17":"product_tag-data-de-compra","18":"product_tag-decisoes","19":"product_tag-despesas-alfandegarias","20":"product_tag-economia","21":"product_tag-eficiencia","22":"product_tag-empresas","23":"product_tag-excel","24":"product_tag-fornecedor","25":"product_tag-frete-internacional","26":"product_tag-gastos","27":"product_tag-gestao","28":"product_tag-graficos","29":"product_tag-icms","30":"product_tag-importacao","31":"product_tag-imposto-de-importacao","32":"product_tag-impostos","33":"product_tag-interpretacao","34":"product_tag-investimento-total","35":"product_tag-logistica","36":"product_tag-moeda-estrangeira","37":"product_tag-pais-de-origem","38":"product_tag-pis-cofins","39":"product_tag-planejamento-financeiro","40":"product_tag-planilha","41":"product_tag-planilha-de-custos-de-importacao","42":"product_tag-planilha-de-custos-de-importacao-excel","43":"product_tag-planilha-excel-custos-de-importacao","44":"product_tag-planilha-plr","45":"product_tag-plr-planilha","46":"product_tag-preco-de-venda","47":"product_tag-produto","48":"product_tag-reais","49":"product_tag-referencia-do-pedido","50":"product_tag-regulamentacoes-alfandegarias","51":"product_tag-relatorios","52":"product_tag-rentabilidade","53":"product_tag-seguro","54":"product_tag-taxa-de-cambio","55":"product_tag-taxas-portuarias","56":"product_tag-valor-aduaneiro","57":"product_tag-visualizacao","58":"desktop-align-center","59":"tablet-align-left","60":"mobile-align-left","61":"ast-product-gallery-layout-horizontal-slider","62":"ast-product-tabs-layout-horizontal","64":"first","65":"instock","66":"featured","67":"shipping-taxable","68":"purchasable","69":"product-type-simple"},"_links":{"self":[{"href":"https:\/\/planilhasexcell.com.br\/loja-de-planilhas\/wp-json\/wp\/v2\/product\/63","targetHints":{"allow":["GET"]}}],"collection":[{"href":"https:\/\/planilhasexcell.com.br\/loja-de-planilhas\/wp-json\/wp\/v2\/product"}],"about":[{"href":"https:\/\/planilhasexcell.com.br\/loja-de-planilhas\/wp-json\/wp\/v2\/types\/product"}],"replies":[{"embeddable":true,"href":"https:\/\/planilhasexcell.com.br\/loja-de-planilhas\/wp-json\/wp\/v2\/comments?post=63"}],"wp:featuredmedia":[{"embeddable":true,"href":"https:\/\/planilhasexcell.com.br\/loja-de-planilhas\/wp-json\/wp\/v2\/media\/204"}],"wp:attachment":[{"href":"https:\/\/planilhasexcell.com.br\/loja-de-planilhas\/wp-json\/wp\/v2\/media?parent=63"}],"wp:term":[{"taxonomy":"product_brand","embeddable":true,"href":"https:\/\/planilhasexcell.com.br\/loja-de-planilhas\/wp-json\/wp\/v2\/product_brand?post=63"},{"taxonomy":"product_cat","embeddable":true,"href":"https:\/\/planilhasexcell.com.br\/loja-de-planilhas\/wp-json\/wp\/v2\/product_cat?post=63"},{"taxonomy":"product_tag","embeddable":true,"href":"https:\/\/planilhasexcell.com.br\/loja-de-planilhas\/wp-json\/wp\/v2\/product_tag?post=63"}],"curies":[{"name":"wp","href":"https:\/\/api.w.org\/{rel}","templated":true}]}}