{"id":62,"date":"2023-10-16T14:53:25","date_gmt":"2023-10-16T17:53:25","guid":{"rendered":"https:\/\/planilhasexcell.com.br\/loja-de-planilhas\/?post_type=product&#038;p=62"},"modified":"2025-03-15T08:12:58","modified_gmt":"2025-03-15T11:12:58","slug":"planilha-de-controle-de-viagem","status":"publish","type":"product","link":"https:\/\/planilhasexcell.com.br\/loja-de-planilhas\/produto\/planilha-de-controle-de-viagem\/","title":{"rendered":"Planilha de Controle de Viagem"},"content":{"rendered":"<h1><span style=\"font-size: 14pt;\">Planilha de Controle de Viagem<\/span><\/h1>\n<h2><span style=\"font-size: 14pt;\">Planilha de Controle de Viagem vai te permitir organizar e planejar suas viagens de forma muito mais f\u00e1cil e pr\u00e1tica.<\/span><\/h2>\n<p>Planilha de Controle de Viagem<\/p>\n<p><img fetchpriority=\"high\" decoding=\"async\" class=\"aligncenter wp-image-198 size-medium\" title=\"planilha-controle-de-viagem\" src=\"https:\/\/planilhasexcell.com.br\/loja-de-planilhas\/wp-content\/uploads\/2023\/10\/planilha-controle-de-viagem-300x300.jpg\" alt=\"planilha-controle-de-viagem\" width=\"300\" height=\"300\" srcset=\"https:\/\/planilhasexcell.com.br\/loja-de-planilhas\/wp-content\/uploads\/2023\/10\/planilha-controle-de-viagem-300x300.jpg 300w, https:\/\/planilhasexcell.com.br\/loja-de-planilhas\/wp-content\/uploads\/2023\/10\/planilha-controle-de-viagem-150x150.jpg 150w, https:\/\/planilhasexcell.com.br\/loja-de-planilhas\/wp-content\/uploads\/2023\/10\/planilha-controle-de-viagem-768x768.jpg 768w, https:\/\/planilhasexcell.com.br\/loja-de-planilhas\/wp-content\/uploads\/2023\/10\/planilha-controle-de-viagem-600x600.jpg 600w, https:\/\/planilhasexcell.com.br\/loja-de-planilhas\/wp-content\/uploads\/2023\/10\/planilha-controle-de-viagem-100x100.jpg 100w, https:\/\/planilhasexcell.com.br\/loja-de-planilhas\/wp-content\/uploads\/2023\/10\/planilha-controle-de-viagem.jpg 1000w\" sizes=\"(max-width: 300px) 100vw, 300px\" \/><\/p>\n<p>Tem gente que se sente mais confort\u00e1vel colocando todo o roteiro, planejamento e gastos da viagem em uma\u00a0<strong>planilha de viagem<\/strong>.<\/p>\n<p>Certamente, ter um planejamento e acompanhar os gastos da viagem faz com que a gente fique mais tranquilo (a) e consiga aproveitar muito melhor a nossa viagem.<\/p>\n<p>Planilha de Controle de Viagem<\/p>\n<p>Uma planilha de controle de viagens pessoal, tem com funcionalidade organizar os gasto com o custo das viagens e as despesas.<\/p>\n<p>Ou seja, tudo isso ser\u00e1 refletido no seu saldo inicial ou <em>\u201cbudget\u201d,\u00a0<\/em>que seria o dinheiro que est\u00e1 proposto para gastar com essas viagens.<\/p>\n<p>Planilha de Controle de Viagem<\/p>\n<h3><span style=\"font-size: 14pt;\">Planilha de Controle de Viagem<\/span><\/h3>\n<p>Planilha de Controle de Viagem: Organize suas aventuras com facilidade!<\/p>\n<p>Voc\u00ea adora viajar e explorar novos destinos? Seja para neg\u00f3cios ou lazer, \u00e9 fundamental ter um bom controle sobre seus itiner\u00e1rios, despesas e detalhes da viagem. E para ajud\u00e1-lo nessa tarefa, apresentamos a incr\u00edvel Planilha de Controle de Viagem! \ud83d\ude80<\/p>\n<p>\ud83d\udcc5 Planejamento de viagem simplificado: Com esta planilha, voc\u00ea pode planejar e organizar todas as etapas da sua viagem de maneira f\u00e1cil e eficiente. Insira as datas de partida e chegada, informa\u00e7\u00f5es sobre o transporte utilizado e as reservas de hospedagem. Dessa forma, voc\u00ea ter\u00e1 uma vis\u00e3o clara de toda a sua programa\u00e7\u00e3o e poder\u00e1 fazer ajustes conforme necess\u00e1rio.<\/p>\n<p>\ud83d\udcb8 Controle financeiro integrado: Manter o controle das suas despesas \u00e9 essencial durante uma viagem. A Planilha de Controle de Viagem permite que voc\u00ea registre todos os gastos, como passagens a\u00e9reas, hospedagem, alimenta\u00e7\u00e3o, transporte local e outras despesas extras. Com uma vis\u00e3o detalhada dos seus custos, voc\u00ea pode monitorar seu or\u00e7amento e evitar surpresas desagrad\u00e1veis no final da viagem.<\/p>\n<p>Planilha de Controle de Viagem<\/p>\n<p>\ud83d\udcdd Anota\u00e7\u00f5es e lembretes \u00fateis: Quer lembrar-se dos lugares imperd\u00edveis para visitar ou de recomenda\u00e7\u00f5es de amigos? A planilha fornece uma se\u00e7\u00e3o para anota\u00e7\u00f5es, onde voc\u00ea pode registrar todas as informa\u00e7\u00f5es importantes, como pontos tur\u00edsticos, restaurantes populares, dicas de transporte e muito mais. Dessa forma, voc\u00ea ter\u00e1 tudo \u00e0 m\u00e3o, mesmo quando estiver offline, garantindo que n\u00e3o perca nenhuma experi\u00eancia valiosa.<\/p>\n<p>\ud83d\uddfa\ufe0f Mapas e roteiros personalizados: Com a integra\u00e7\u00e3o de mapas na planilha, voc\u00ea pode marcar seus destinos favoritos, pontos de interesse e rotas recomendadas. Isso facilita o planejamento do seu itiner\u00e1rio e a visualiza\u00e7\u00e3o geogr\u00e1fica da sua viagem. Al\u00e9m disso, voc\u00ea pode criar roteiros personalizados, destacando as principais atividades em cada local, para otimizar o tempo e aproveitar ao m\u00e1ximo sua estadia.<\/p>\n<p>\ud83d\udcca Relat\u00f3rios e an\u00e1lises completas: Ao final da viagem, a planilha oferece uma se\u00e7\u00e3o de relat\u00f3rios, onde voc\u00ea pode analisar suas despesas, comparar seu or\u00e7amento planejado com o real e obter insights valiosos para futuras viagens. Essas informa\u00e7\u00f5es ajudar\u00e3o voc\u00ea a tomar decis\u00f5es mais informadas, ajustar suas finan\u00e7as e aprimorar suas aventuras.<\/p>\n<p>Planilha de Controle de Viagem<\/p>\n<p>\ud83d\udd12 Seguran\u00e7a e acessibilidade: A Planilha de Controle de Viagem \u00e9 protegida por senha e pode ser facilmente acessada no seu computador, tablet ou smartphone. Dessa forma, voc\u00ea pode atualizar e consultar suas informa\u00e7\u00f5es em qualquer lugar, a qualquer momento.<\/p>\n<p>\u2728 Desfrute de suas viagens com tranquilidade: Viajar \u00e9 uma experi\u00eancia maravilhosa, e a Planilha de Controle de Viagem est\u00e1 aqui para tornar suas aventuras ainda melhores. Baixe a planilha hoje mesmo e tenha o controle completo de todas as suas viagens, garantindo uma jornada mais organizada, financeiramente vi\u00e1vel e memor\u00e1vel!<\/p>\n<p>#Viagem #Organiza\u00e7\u00e3o #Planilha #ControleDeViagem #Aventuras #ViajarComTranquilidade<\/p>\n","protected":false},"excerpt":{"rendered":"<h1><span style=\"font-size: 14pt;\">Planilha de Controle de Viagem<\/span><\/h1>\n<h2><span style=\"font-size: 14pt;\">Planilha de Controle de Viagem vai te permitir organizar e planejar suas viagens de forma muito mais f\u00e1cil e pr\u00e1tica.<\/span><\/h2>\n<p style=\"text-align: center;\"><span style=\"color: #008080;\"><strong>Adquira Agora Via Pix e Tenha 15% de Desconto e Receba todo o Conte\u00fado em seu E-mail ou se Preferir via WhatsApp.<\/strong><\/span><\/p>\n","protected":false},"featured_media":197,"comment_status":"closed","ping_status":"closed","template":"","meta":{"_sitemap_exclude":false,"_sitemap_priority":"","_sitemap_frequency":"","site-sidebar-layout":"default","site-content-layout":"","ast-site-content-layout":"default","site-content-style":"default","site-sidebar-style":"default","ast-global-header-display":"","ast-banner-title-visibility":"","ast-main-header-display":"","ast-hfb-above-header-display":"","ast-hfb-below-header-display":"","ast-hfb-mobile-header-display":"","site-post-title":"","ast-breadcrumbs-content":"","ast-featured-img":"","footer-sml-layout":"","ast-disable-related-posts":"","theme-transparent-header-meta":"default","adv-header-id-meta":"","stick-header-meta":"default","header-above-stick-meta":"","header-main-stick-meta":"","header-below-stick-meta":"","astra-migrate-meta-layouts":"set","ast-page-background-enabled":"default","ast-page-background-meta":{"desktop":{"background-color":"var(--ast-global-color-4)","background-image":"","background-repeat":"repeat","background-position":"center center","background-size":"auto","background-attachment":"scroll","background-type":"","background-media":"","overlay-type":"","overlay-color":"","overlay-opacity":"","overlay-gradient":""},"tablet":{"background-color":"","background-image":"","background-repeat":"repeat","background-position":"center center","background-size":"auto","background-attachment":"scroll","background-type":"","background-media":"","overlay-type":"","overlay-color":"","overlay-opacity":"","overlay-gradient":""},"mobile":{"background-color":"","background-image":"","background-repeat":"repeat","background-position":"center center","background-size":"auto","background-attachment":"scroll","background-type":"","background-media":"","overlay-type":"","overlay-color":"","overlay-opacity":"","overlay-gradient":""}},"ast-content-background-meta":{"desktop":{"background-color":"var(--ast-global-color-5)","background-image":"","background-repeat":"repeat","background-position":"center center","background-size":"auto","background-attachment":"scroll","background-type":"","background-media":"","overlay-type":"","overlay-color":"","overlay-opacity":"","overlay-gradient":""},"tablet":{"background-color":"var(--ast-global-color-5)","background-image":"","background-repeat":"repeat","background-position":"center center","background-size":"auto","background-attachment":"scroll","background-type":"","background-media":"","overlay-type":"","overlay-color":"","overlay-opacity":"","overlay-gradient":""},"mobile":{"background-color":"var(--ast-global-color-5)","background-image":"","background-repeat":"repeat","background-position":"center center","background-size":"auto","background-attachment":"scroll","background-type":"","background-media":"","overlay-type":"","overlay-color":"","overlay-opacity":"","overlay-gradient":""}}},"product_brand":[],"product_cat":[20,1113],"product_tag":[631,632,633,634,635,552,636,637,638,639,640,569,570,641,642,643,644,620,645,646,647,648,649,650],"class_list":{"0":"post-62","1":"product","2":"type-product","3":"status-publish","4":"has-post-thumbnail","6":"product_cat-planilhas-excel","7":"product_cat-viagem","8":"product_tag-acessibilidade","9":"product_tag-alimentacao","10":"product_tag-analises","11":"product_tag-anotacoes","12":"product_tag-aventuras","13":"product_tag-despesas","14":"product_tag-dicas-de-viagem","15":"product_tag-hospedagem","16":"product_tag-itinerario","17":"product_tag-lembretes","18":"product_tag-mapas","19":"product_tag-orcamento","20":"product_tag-organizacao","21":"product_tag-passagens-aereas","22":"product_tag-planilha-de-controle-de-viagem","23":"product_tag-pontos-turisticos","24":"product_tag-programacao","25":"product_tag-relatorios","26":"product_tag-restaurantes","27":"product_tag-roteiros-personalizados","28":"product_tag-seguranca","29":"product_tag-transporte-local","30":"product_tag-viagem","31":"product_tag-viajar-com-tranquilidade","32":"desktop-align-center","33":"tablet-align-left","34":"mobile-align-left","35":"ast-product-gallery-layout-horizontal-slider","36":"ast-product-tabs-layout-horizontal","38":"first","39":"instock","40":"featured","41":"shipping-taxable","42":"purchasable","43":"product-type-simple"},"_links":{"self":[{"href":"https:\/\/planilhasexcell.com.br\/loja-de-planilhas\/wp-json\/wp\/v2\/product\/62","targetHints":{"allow":["GET"]}}],"collection":[{"href":"https:\/\/planilhasexcell.com.br\/loja-de-planilhas\/wp-json\/wp\/v2\/product"}],"about":[{"href":"https:\/\/planilhasexcell.com.br\/loja-de-planilhas\/wp-json\/wp\/v2\/types\/product"}],"replies":[{"embeddable":true,"href":"https:\/\/planilhasexcell.com.br\/loja-de-planilhas\/wp-json\/wp\/v2\/comments?post=62"}],"wp:featuredmedia":[{"embeddable":true,"href":"https:\/\/planilhasexcell.com.br\/loja-de-planilhas\/wp-json\/wp\/v2\/media\/197"}],"wp:attachment":[{"href":"https:\/\/planilhasexcell.com.br\/loja-de-planilhas\/wp-json\/wp\/v2\/media?parent=62"}],"wp:term":[{"taxonomy":"product_brand","embeddable":true,"href":"https:\/\/planilhasexcell.com.br\/loja-de-planilhas\/wp-json\/wp\/v2\/product_brand?post=62"},{"taxonomy":"product_cat","embeddable":true,"href":"https:\/\/planilhasexcell.com.br\/loja-de-planilhas\/wp-json\/wp\/v2\/product_cat?post=62"},{"taxonomy":"product_tag","embeddable":true,"href":"https:\/\/planilhasexcell.com.br\/loja-de-planilhas\/wp-json\/wp\/v2\/product_tag?post=62"}],"curies":[{"name":"wp","href":"https:\/\/api.w.org\/{rel}","templated":true}]}}