{"id":59,"date":"2023-10-16T14:53:24","date_gmt":"2023-10-16T17:53:24","guid":{"rendered":"https:\/\/planilhasexcell.com.br\/loja-de-planilhas\/?post_type=product&#038;p=59"},"modified":"2025-09-20T17:03:19","modified_gmt":"2025-09-20T20:03:19","slug":"200-planilhas-excel","status":"publish","type":"product","link":"https:\/\/planilhasexcell.com.br\/loja-de-planilhas\/produto\/200-planilhas-excel\/","title":{"rendered":"200 Planilhas Excel"},"content":{"rendered":"<h1><span style=\"font-size: 14pt;\">200 Planilhas Excel<\/span><\/h1>\n<h2><span style=\"font-size: 14pt;\">200 Planilhas Excel Prontas e Edit\u00e1veis para v\u00e1rios ramos de atividade, tenha as principais planilhas para controlar suas atividades pessoais e empresariais.<\/span><\/h2>\n<p>200 Planilhas Excel<\/p>\n<p><img fetchpriority=\"high\" decoding=\"async\" class=\"aligncenter wp-image-172 size-medium\" title=\"200-planilhas-excel-prontas-e-editaveis\" src=\"https:\/\/planilhasexcell.com.br\/loja-de-planilhas\/wp-content\/uploads\/2023\/10\/200-planilhas-excel-prontas-e-editaveis-240x300.jpg\" alt=\"200-planilhas-excel-prontas-e-editaveis\" width=\"240\" height=\"300\" srcset=\"https:\/\/planilhasexcell.com.br\/loja-de-planilhas\/wp-content\/uploads\/2023\/10\/200-planilhas-excel-prontas-e-editaveis-240x300.jpg 240w, https:\/\/planilhasexcell.com.br\/loja-de-planilhas\/wp-content\/uploads\/2023\/10\/200-planilhas-excel-prontas-e-editaveis-819x1024.jpg 819w, https:\/\/planilhasexcell.com.br\/loja-de-planilhas\/wp-content\/uploads\/2023\/10\/200-planilhas-excel-prontas-e-editaveis-768x960.jpg 768w, https:\/\/planilhasexcell.com.br\/loja-de-planilhas\/wp-content\/uploads\/2023\/10\/200-planilhas-excel-prontas-e-editaveis-1229x1536.jpg 1229w, https:\/\/planilhasexcell.com.br\/loja-de-planilhas\/wp-content\/uploads\/2023\/10\/200-planilhas-excel-prontas-e-editaveis-600x750.jpg 600w, https:\/\/planilhasexcell.com.br\/loja-de-planilhas\/wp-content\/uploads\/2023\/10\/200-planilhas-excel-prontas-e-editaveis.jpg 1280w\" sizes=\"(max-width: 240px) 100vw, 240px\" \/><\/p>\n<p>Um pacote completo com <strong>200 planilhas excel prontas e edit\u00e1veis<\/strong> para v\u00e1rios ramos de neg\u00f3cio, ap\u00f3s a compra voc\u00ea baixa o pacote de planilhas e pode editar todas elas e usar.<\/p>\n<p>200 Planilhas Excel<\/p>\n<p>Planilha Excel Banco de Horas<br \/>\nPlanilha Excel C\u00e1lculo de Comiss\u00e3o de Vendas<br \/>\nPlanilha Excel Controle de Estoque Di\u00e1rio<br \/>\nPlanilha Excel Calcular notas dos alunos<br \/>\nPlanilha Excel Calculo do CMV &#8211; Custo da Mercadoria Vendida<br \/>\nPlanilha Excel Agenda de Atividades<br \/>\nPlanilha Excel Agenda Telef\u00f4nica<br \/>\nPlanilha Excel Apura\u00e7\u00e3o de Pis de Cofins<br \/>\nPlanilha Excel Avalia\u00e7\u00e3o Cota\u00e7\u00e3o de Cons\u00f3rcio<br \/>\nPlanilha Excel Avalia\u00e7\u00e3o de Compra de Ve\u00edculos<br \/>\nPlanilha Excel Avalia\u00e7\u00e3o de N\u00edvel de Servi\u00e7o de Vias<br \/>\nPlanilha Excel Calculadora para Festa<br \/>\nPlanilha Excel C\u00e1lculo de Bebidas<br \/>\nPlanilha Excel C\u00e1lculo de Datas<br \/>\nPlanilha Excel C\u00e1lculo de Dosagem de Concreto<br \/>\nPlanilhas Excel C\u00e1lculo de F\u00e9rias<br \/>\nPlanilha Excel C\u00e1lculo de Sal\u00e1rio L\u00edquido<br \/>\nPlanilha Excel C\u00e1lculo Ocupa\u00e7\u00e3o Estacionamento<br \/>\nPlanilha Excel C\u00e1lculo VDMA &#8211; Volume Di\u00e1rio M\u00e9dio Anual<br \/>\nPlanilha Excel Constru\u00e7\u00e3o<br \/>\nPlanilha Excel Contar N\u00famero de C\u00e9lulas com as Mesmas Cores da Cor Selecionada<br \/>\nPlanilha Excel Controle de Clientes e Or\u00e7amentos<br \/>\nPlanilha Excel Controle de Entrada e Sa\u00edda de Materiais<br \/>\nPlanilha Excel Controle de Horas por Empregado<br \/>\nPlanilha Excel Controle de Liga\u00e7\u00f5es<br \/>\nPlanilha Excel Controle de \u00d3tica<br \/>\nPlanilha Excel Controle de Pagamento com Cart\u00f5es de Cr\u00e9dito e D\u00e9bito<br \/>\nPlanilha Excel Cronograma de Estudo<br \/>\nPlanilha Excel Data de Anivers\u00e1rio Matricial<br \/>\nPlanilha Excel Determina\u00e7\u00e3o Consumo de Cimento<br \/>\nPlanilha Excel Fluxo de Caixa Di\u00e1rio &#8211; Previsto x Realizado<br \/>\nPlanilha Excel Fluxo de Caixa Mensal &#8211; Previsto x Realizado<br \/>\nPlanilha Excel Formul\u00e1rio de Observa\u00e7\u00e3o de Gesso<br \/>\nPlanilha Excel Gest\u00e3o de Projetos<br \/>\nPlanilha Excel Gest\u00e3o Financeira Pessoal<br \/>\nPlanilha Excel Gest\u00e3o Time de Futebol de V\u00e1rzea<br \/>\nPlanilha Excel Gr\u00e1fico de Notas de Alunos<br \/>\nPlanilha Excel Modelo M\u00eas a M\u00eas &#8211; LALUR<br \/>\nPlanilha Excel Nivelamento Geom\u00e9trico<br \/>\nPlanilha Excel Pedido de Or\u00e7amento para Farm\u00e1cias<br \/>\nPlanilha Excel de C\u00e1lculo do Valor do RPA<br \/>\nPlanilha Excel de Capta\u00e7\u00e3o de Im\u00f3veis<br \/>\nPlanilha Excel de Controle de Cheques Pr\u00e9-Datados<br \/>\nPlanilha Excel de Controle de Estoque Di\u00e1rio<br \/>\nPlanilha Excel de Custo de Ve\u00edculos<br \/>\nPlanilha Excel de Otimiza\u00e7\u00e3o Completa<br \/>\nPlanilha Excel de Seguros<br \/>\nPlanilha Excel Plano de Produ\u00e7\u00e3o<br \/>\nPlanilha Excel Polival\u00eancia 10<br \/>\nPlanilha Excel Polival\u00eancia 25<br \/>\nPlanilha Excel Programa\u00e7\u00e3o Pe\u00e7as de Concreto Armado<br \/>\nPlanilha Excel Sistema Sac e Price<br \/>\nPlanilha Excel Soma o Valor da C\u00e9lula de Acordo com a Cor<br \/>\nPlanilha Excel Agenda de Eventos<br \/>\nPlanilha Excel Alarme<br \/>\nPlanilha Excel Auto Filtro<br \/>\nPlanilha Excel Boletim Escolar<br \/>\nPlanilha Excel Calcular Notas dos Alunos<br \/>\nPlanilha Excel Calcular Pre\u00e7o Venda Ve\u00edculo<br \/>\nPlanilha Excel Calcule os Seus Dias de Vida<br \/>\nPlanilha Excel C\u00e1lculo D.R.E<br \/>\nPlanilha Excel C\u00e1lculo da Curva de Crescimento Infantil<br \/>\nPlanilha Excel C\u00e1lculo de Apura\u00e7\u00e3o de ICMS e IPI<br \/>\nPlanilha Excel C\u00e1lculo de Apura\u00e7\u00e3o de ISS<br \/>\nPlanilha Excel C\u00e1lculo do CMV &#8211; Custo da Mercadoria Vendida<br \/>\nPlanilha Excel C\u00e1lculo IRPJ<br \/>\nPlanilha Excel C\u00e1lculo Valor Liquido Cart\u00e3o de Cr\u00e9dito<br \/>\nPlanilha Excel Check List Inspe\u00e7\u00e3o Pe\u00e7as Pr\u00e9-fabricadas<br \/>\nPlanilha Excel Classifica\u00e7\u00e3o Faixa de Renda por Tipo de Ve\u00edculo<br \/>\nPlanilha Excel Contas a Pagar Simplificada<br \/>\nPlanilha Excel Contra Cheques &#8211; PROCV-RANGEDINAMICO<br \/>\nPlanilha Excel Controle de A\u00e7\u00f5es<br \/>\nPlanilha Excel Controle de Conta Bancaria<br \/>\nPlanilha Excel Controle de Custo M\u00e9dico<br \/>\nPlanilha Excel Controle de Emiss\u00e3o e Recebimento de Cheques<br \/>\nPlanilha Excel Controle de Estoque<br \/>\nPlanilha Excel Controle de Faltas de Empregados<br \/>\nPlanilha Excel Controle de Folha de Ponto<br \/>\nPlanilha Excel Controle de Glicose<br \/>\nPlanilha Excel Controle de Pagamentos<br \/>\nPlanilha Excel Controle de Pedido de Material de Escrit\u00f3rio<br \/>\nPlanilha Excel Controle de Poker<br \/>\nPlanilha Excel Controle de Presen\u00e7a de Aluno<br \/>\nPlanilha Excel Controle de Quilometragem &#8211; BDV<br \/>\nPlanilha Excel Controle Di\u00e1rio de Despesas com Totaliza\u00e7\u00e3o Semanal e Mensal<br \/>\nPlanilha Excel Convers\u00e3o de Temperaturas<br \/>\nPlanilha Excel Cronograma de Atividades<br \/>\nPlanilha Excel Demonstrativo Anual de Apura\u00e7\u00e3o de ICMS<br \/>\nPlanilha Excel Demonstrativo Financeiro Pessoal<br \/>\nPlanilha Excel Dosagem Concreto Leve<br \/>\nPlanilha Excel Estoque<br \/>\nPlanilha Excel Extra\u00e7\u00e3o com Valida\u00e7\u00e3o<br \/>\nPlanilha Excel Folha de Ponto da Semana<br \/>\nPlanilha Excel For\u00e7ar Digita\u00e7\u00e3o em Mai\u00fasculo<br \/>\nPlanilha Excel For\u00e7ar Escrita em Mai\u00fasculo ou Min\u00fasculo<br \/>\nPlanilha Excel Gest\u00e3o de Estoque<br \/>\nPlanilha Excel Levantamento Taqueometria<br \/>\nPlanilha Excel Lista de Atividades Projeto<br \/>\nPlanilha Excel Matriz Otimiza\u00e7\u00e3o<br \/>\nPlanilha Excel Modelo de Nota Fiscal<br \/>\nPlanilha Excel Planejamento Festa Noivado<br \/>\nPlanilha Excel Classifica\u00e7\u00e3o Faixa de Renda por Tipo de Veiculo<br \/>\n200 Planilhas Excel<\/p>\n<p>Acima uma rela\u00e7\u00e3o das planilhas mais usadas, s\u00e3o 200 planilhas.<\/p>\n<p>Na compra desse Pacote de Planilhas Excel Prontas e Edit\u00e1veis voc\u00ea recebe de B\u00f4nus e Brinde:<\/p>\n<ul>\n<li>Kit Cartas Comerciais + 2000<\/li>\n<li>Gest\u00e3o Empresarial no Varejo<\/li>\n<li>V\u00eddeos de como destravar e ativar Macros em Planilhas<\/li>\n<\/ul>\n<p>200 Planilhas Excel<\/p>\n","protected":false},"excerpt":{"rendered":"<h1><span style=\"font-size: 14pt;\">200 Planilhas Excel Prontas e Edit\u00e1veis<\/span><\/h1>\n<h2><span style=\"font-size: 14pt;\">200 Planilhas Excel Prontas e Edit\u00e1veis para v\u00e1rios ramos de atividade, tenha as principais planilhas para controlar suas atividades pessoais e empresariais.<\/span><\/h2>\n<p style=\"text-align: center;\"><span style=\"color: #008080;\"><strong>Adquira Agora Via Pix e Tenha 15% de Desconto e Receba todo o Conte\u00fado em seu E-mail ou se Preferir via WhatsApp.<\/strong><\/span><\/p>\n","protected":false},"featured_media":169,"comment_status":"closed","ping_status":"closed","template":"","meta":{"_sitemap_exclude":false,"_sitemap_priority":"","_sitemap_frequency":"","site-sidebar-layout":"default","site-content-layout":"","ast-site-content-layout":"default","site-content-style":"default","site-sidebar-style":"default","ast-global-header-display":"","ast-banner-title-visibility":"","ast-main-header-display":"","ast-hfb-above-header-display":"","ast-hfb-below-header-display":"","ast-hfb-mobile-header-display":"","site-post-title":"","ast-breadcrumbs-content":"","ast-featured-img":"","footer-sml-layout":"","ast-disable-related-posts":"","theme-transparent-header-meta":"default","adv-header-id-meta":"","stick-header-meta":"default","header-above-stick-meta":"","header-main-stick-meta":"","header-below-stick-meta":"","astra-migrate-meta-layouts":"set","ast-page-background-enabled":"default","ast-page-background-meta":{"desktop":{"background-color":"var(--ast-global-color-4)","background-image":"","background-repeat":"repeat","background-position":"center center","background-size":"auto","background-attachment":"scroll","background-type":"","background-media":"","overlay-type":"","overlay-color":"","overlay-opacity":"","overlay-gradient":""},"tablet":{"background-color":"","background-image":"","background-repeat":"repeat","background-position":"center center","background-size":"auto","background-attachment":"scroll","background-type":"","background-media":"","overlay-type":"","overlay-color":"","overlay-opacity":"","overlay-gradient":""},"mobile":{"background-color":"","background-image":"","background-repeat":"repeat","background-position":"center center","background-size":"auto","background-attachment":"scroll","background-type":"","background-media":"","overlay-type":"","overlay-color":"","overlay-opacity":"","overlay-gradient":""}},"ast-content-background-meta":{"desktop":{"background-color":"var(--ast-global-color-5)","background-image":"","background-repeat":"repeat","background-position":"center center","background-size":"auto","background-attachment":"scroll","background-type":"","background-media":"","overlay-type":"","overlay-color":"","overlay-opacity":"","overlay-gradient":""},"tablet":{"background-color":"var(--ast-global-color-5)","background-image":"","background-repeat":"repeat","background-position":"center center","background-size":"auto","background-attachment":"scroll","background-type":"","background-media":"","overlay-type":"","overlay-color":"","overlay-opacity":"","overlay-gradient":""},"mobile":{"background-color":"var(--ast-global-color-5)","background-image":"","background-repeat":"repeat","background-position":"center center","background-size":"auto","background-attachment":"scroll","background-type":"","background-media":"","overlay-type":"","overlay-color":"","overlay-opacity":"","overlay-gradient":""}}},"product_brand":[],"product_cat":[1123,20],"product_tag":[418,419,420,421,422,423,424,425,426,427,428,429,430,431,432,181,433,434,435,436,437,438,439,440,441,442,443,444,445,446,447,448,449,450,451,452,453,454,455,456,457,458,459,460,461,462,463,164,464,465,466,467,468,469,470,471,472,473,474,475,476,477,478,479,480,481,482,483,484,485,486,487,488,489,490,491,492,493,494,495,496,497,498,499,500,501,502,503,504,505,506,507,508,509,510,511,512,513,514,515,516,517,518,519,520,61,521,362,522,523],"class_list":{"0":"post-59","1":"product","2":"type-product","3":"status-publish","4":"has-post-thumbnail","6":"product_cat-kit-planilhas","7":"product_cat-planilhas-excel","8":"product_tag-200-excel","9":"product_tag-200-planilhas","10":"product_tag-200-planilhas-excel","11":"product_tag-200-planilhas-excel-prontas-e-editaveis","12":"product_tag-200-planilhas-prontas-e-editaveis","13":"product_tag-planilha-editavel","14":"product_tag-planilha-excel-agenda-de-atividades","15":"product_tag-planilha-excel-agenda-de-eventos","16":"product_tag-planilha-excel-agenda-telefonica","17":"product_tag-planilha-excel-alarme","18":"product_tag-planilha-excel-apuracao-de-pis-de-cofins","19":"product_tag-planilha-excel-auto-filtro","20":"product_tag-planilha-excel-avaliacao-cotacao-de-consorcio","21":"product_tag-planilha-excel-avaliacao-de-compra-de-veiculos","22":"product_tag-planilha-excel-avaliacao-de-nivel-de-servico-de-vias","23":"product_tag-planilha-excel-banco-de-horas","24":"product_tag-planilha-excel-boletim-escolar","25":"product_tag-planilha-excel-calculadora-para-festa","26":"product_tag-planilha-excel-calcular-notas-dos-alunos","27":"product_tag-planilha-excel-calcular-preco-venda-veiculo","28":"product_tag-planilha-excel-calcule-os-seus-dias-de-vida","29":"product_tag-planilha-excel-calculo-d-r-e","30":"product_tag-planilha-excel-calculo-da-curva-de-crescimento-infantil","31":"product_tag-planilha-excel-calculo-de-apuracao-de-icms-e-ipi","32":"product_tag-planilha-excel-calculo-de-apuracao-de-iss","33":"product_tag-planilha-excel-calculo-de-bebidas","34":"product_tag-planilha-excel-calculo-de-comissao-de-vendas","35":"product_tag-planilha-excel-calculo-de-datas","36":"product_tag-planilha-excel-calculo-de-dosagem-de-concreto","37":"product_tag-planilha-excel-calculo-de-salario-liquido","38":"product_tag-planilha-excel-calculo-do-cmv-custo-da-mercadoria-vendida","39":"product_tag-planilha-excel-calculo-irpj","40":"product_tag-planilha-excel-calculo-ocupacao-estacionamento","41":"product_tag-planilha-excel-calculo-valor-liquido-cartao-de-credito","42":"product_tag-planilha-excel-calculo-vdma-volume-diario-medio-anual","43":"product_tag-planilha-excel-check-list-inspecao-pecas-pre-fabricadas","44":"product_tag-planilha-excel-classificacao-faixa-de-renda-por-tipo-de-veiculo","45":"product_tag-planilha-excel-construcao","46":"product_tag-planilha-excel-contar-numero-de-celulas-com-as-mesmas-cores-da-cor-selecionada","47":"product_tag-planilha-excel-contas-a-pagar-simplificada","48":"product_tag-planilha-excel-contra-cheques-procv-rangedinamico","49":"product_tag-planilha-excel-controle-de-acoes","50":"product_tag-planilha-excel-controle-de-clientes-e-orcamentos","51":"product_tag-planilha-excel-controle-de-conta-bancaria","52":"product_tag-planilha-excel-controle-de-custo-medico","53":"product_tag-planilha-excel-controle-de-emissao-e-recebimento-de-cheques","54":"product_tag-planilha-excel-controle-de-entrada-e-saida-de-materiais","55":"product_tag-planilha-excel-controle-de-estoque","56":"product_tag-planilha-excel-controle-de-estoque-diario","57":"product_tag-planilha-excel-controle-de-faltas-de-empregados","58":"product_tag-planilha-excel-controle-de-folha-de-ponto","59":"product_tag-planilha-excel-controle-de-glicose","60":"product_tag-planilha-excel-controle-de-horas-por-empregado","61":"product_tag-planilha-excel-controle-de-ligacoes","62":"product_tag-planilha-excel-controle-de-otica","63":"product_tag-planilha-excel-controle-de-pagamento-com-cartoes-de-credito-e-debito","64":"product_tag-planilha-excel-controle-de-pagamentos","65":"product_tag-planilha-excel-controle-de-pedido-de-material-de-escritorio","66":"product_tag-planilha-excel-controle-de-poker","67":"product_tag-planilha-excel-controle-de-presenca-de-aluno","68":"product_tag-planilha-excel-controle-de-quilometragem-bdv","69":"product_tag-planilha-excel-controle-diario-de-despesas-com-totalizacao-semanal-e-mensal","70":"product_tag-planilha-excel-conversao-de-temperaturas","71":"product_tag-planilha-excel-cronograma-de-atividades","72":"product_tag-planilha-excel-cronograma-de-estudo","73":"product_tag-planilha-excel-data-de-aniversario-matricial","74":"product_tag-planilha-excel-de-calculo-do-valor-do-rpa","75":"product_tag-planilha-excel-de-captacao-de-imoveis","76":"product_tag-planilha-excel-de-controle-de-cheques-pre-datados","77":"product_tag-planilha-excel-de-controle-de-estoque-diario","78":"product_tag-planilha-excel-de-custo-de-veiculos","79":"product_tag-planilha-excel-de-otimizacao-completa","80":"product_tag-planilha-excel-de-seguros","81":"product_tag-planilha-excel-demonstrativo-anual-de-apuracao-de-icms","82":"product_tag-planilha-excel-demonstrativo-financeiro-pessoal","83":"product_tag-planilha-excel-determinacao-consumo-de-cimento","84":"product_tag-planilha-excel-dosagem-concreto-leve","85":"product_tag-planilha-excel-estoque","86":"product_tag-planilha-excel-extracao-com-validacao","87":"product_tag-planilha-excel-fluxo-de-caixa-diario-previsto-x-realizado","88":"product_tag-planilha-excel-fluxo-de-caixa-mensal-previsto-x-realizado","89":"product_tag-planilha-excel-folha-de-ponto-da-semana","90":"product_tag-planilha-excel-forcar-digitacao-em-maiusculo","91":"product_tag-planilha-excel-forcar-escrita-em-maiusculo-ou-minusculo","92":"product_tag-planilha-excel-formulario-de-observacao-de-gesso","93":"product_tag-planilha-excel-gestao-de-estoque","94":"product_tag-planilha-excel-gestao-de-projetos","95":"product_tag-planilha-excel-gestao-financeira-pessoal","96":"product_tag-planilha-excel-gestao-time-de-futebol-de-varzea","97":"product_tag-planilha-excel-grafico-de-notas-de-alunos","98":"product_tag-planilha-excel-levantamento-taqueometria","99":"product_tag-planilha-excel-lista-de-atividades-projeto","100":"product_tag-planilha-excel-matriz-otimizacao","101":"product_tag-planilha-excel-modelo-de-nota-fiscal","102":"product_tag-planilha-excel-modelo-mes-a-mes-lalur","103":"product_tag-planilha-excel-nivelamento-geometrico","104":"product_tag-planilha-excel-pedido-de-orcamento-para-farmacias","105":"product_tag-planilha-excel-planejamento-festa-noivado","106":"product_tag-planilha-excel-plano-de-producao","107":"product_tag-planilha-excel-polivalencia-10","108":"product_tag-planilha-excel-polivalencia-25","109":"product_tag-planilha-excel-programacao-pecas-de-concreto-armado","110":"product_tag-planilha-excel-sistema-sac-e-price","111":"product_tag-planilha-excel-soma-o-valor-da-celula-de-acordo-com-a-cor","112":"product_tag-planilhas-editaveis","113":"product_tag-planilhas-excel","114":"product_tag-planilhas-excel-calculo-de-ferias","115":"product_tag-planilhas-prontas","116":"product_tag-plr-excel","117":"product_tag-plr-planilhas","118":"desktop-align-center","119":"tablet-align-left","120":"mobile-align-left","121":"ast-product-gallery-layout-horizontal-slider","122":"ast-product-tabs-layout-horizontal","124":"first","125":"instock","126":"featured","127":"shipping-taxable","128":"purchasable","129":"product-type-simple"},"_links":{"self":[{"href":"https:\/\/planilhasexcell.com.br\/loja-de-planilhas\/wp-json\/wp\/v2\/product\/59","targetHints":{"allow":["GET"]}}],"collection":[{"href":"https:\/\/planilhasexcell.com.br\/loja-de-planilhas\/wp-json\/wp\/v2\/product"}],"about":[{"href":"https:\/\/planilhasexcell.com.br\/loja-de-planilhas\/wp-json\/wp\/v2\/types\/product"}],"replies":[{"embeddable":true,"href":"https:\/\/planilhasexcell.com.br\/loja-de-planilhas\/wp-json\/wp\/v2\/comments?post=59"}],"wp:featuredmedia":[{"embeddable":true,"href":"https:\/\/planilhasexcell.com.br\/loja-de-planilhas\/wp-json\/wp\/v2\/media\/169"}],"wp:attachment":[{"href":"https:\/\/planilhasexcell.com.br\/loja-de-planilhas\/wp-json\/wp\/v2\/media?parent=59"}],"wp:term":[{"taxonomy":"product_brand","embeddable":true,"href":"https:\/\/planilhasexcell.com.br\/loja-de-planilhas\/wp-json\/wp\/v2\/product_brand?post=59"},{"taxonomy":"product_cat","embeddable":true,"href":"https:\/\/planilhasexcell.com.br\/loja-de-planilhas\/wp-json\/wp\/v2\/product_cat?post=59"},{"taxonomy":"product_tag","embeddable":true,"href":"https:\/\/planilhasexcell.com.br\/loja-de-planilhas\/wp-json\/wp\/v2\/product_tag?post=59"}],"curies":[{"name":"wp","href":"https:\/\/api.w.org\/{rel}","templated":true}]}}