{"id":57,"date":"2023-10-16T14:53:24","date_gmt":"2023-10-16T17:53:24","guid":{"rendered":"https:\/\/planilhasexcell.com.br\/loja-de-planilhas\/?post_type=product&#038;p=57"},"modified":"2025-03-15T08:13:49","modified_gmt":"2025-03-15T11:13:49","slug":"planilha-pmoc-ar-condicionado","status":"publish","type":"product","link":"https:\/\/planilhasexcell.com.br\/loja-de-planilhas\/produto\/planilha-pmoc-ar-condicionado\/","title":{"rendered":"Planilha PMOC Ar-Condicionado"},"content":{"rendered":"<h1><span style=\"font-size: 14pt;\">Planilha PMOC Ar-Condicionado<\/span><\/h1>\n<h2><span style=\"font-size: 14pt;\">Planilha PMOC Ar-Condicionado Planilha Excel PMOC manuten\u00e7\u00e3o e controle de ar-condicionado, pronta e edit\u00e1vel, insira seu logo e dados e pronto para o servi\u00e7o.<\/span><\/h2>\n<p>Planilha PMOC Ar-Condicionado<\/p>\n<p>Planilha do Plano de Manuten\u00e7\u00e3o Opera\u00e7\u00e3o e Controle, utilizado por Engenheiro Mec\u00e2nico cadastrado no CREA. Preencha, Edite e Coloque seu logotipo e organize da melhor forma seu PMOC.<\/p>\n<p>Planilha PMOC Ar-Condicionado<\/p>\n<p><img fetchpriority=\"high\" decoding=\"async\" class=\"aligncenter wp-image-159 size-medium\" title=\"pmoc-manutencao-e-controle-de-ar-condicionado-planilha\" src=\"https:\/\/planilhasexcell.com.br\/loja-de-planilhas\/wp-content\/uploads\/2023\/10\/pmoc-manutencao-e-controle-de-ar-condicionado-planilha-251x300.jpg\" alt=\"pmoc-manutencao-e-controle-de-ar-condicionado-planilha\" width=\"251\" height=\"300\" srcset=\"https:\/\/planilhasexcell.com.br\/loja-de-planilhas\/wp-content\/uploads\/2023\/10\/pmoc-manutencao-e-controle-de-ar-condicionado-planilha-251x300.jpg 251w, https:\/\/planilhasexcell.com.br\/loja-de-planilhas\/wp-content\/uploads\/2023\/10\/pmoc-manutencao-e-controle-de-ar-condicionado-planilha-855x1024.jpg 855w, https:\/\/planilhasexcell.com.br\/loja-de-planilhas\/wp-content\/uploads\/2023\/10\/pmoc-manutencao-e-controle-de-ar-condicionado-planilha-768x920.jpg 768w, https:\/\/planilhasexcell.com.br\/loja-de-planilhas\/wp-content\/uploads\/2023\/10\/pmoc-manutencao-e-controle-de-ar-condicionado-planilha-1283x1536.jpg 1283w, https:\/\/planilhasexcell.com.br\/loja-de-planilhas\/wp-content\/uploads\/2023\/10\/pmoc-manutencao-e-controle-de-ar-condicionado-planilha-600x719.jpg 600w, https:\/\/planilhasexcell.com.br\/loja-de-planilhas\/wp-content\/uploads\/2023\/10\/pmoc-manutencao-e-controle-de-ar-condicionado-planilha.jpg 1600w\" sizes=\"(max-width: 251px) 100vw, 251px\" \/><\/p>\n<p>Esta <strong>Planilha Excel PMOC Manuten\u00e7\u00e3o e Controle para Ar-condicionado<\/strong> ser\u00e1 entregue somente em arquivo digital.<br \/>\n<strong>Na Compra insira o seu melhor e-mail.<\/strong><\/p>\n<p><strong>ENVIO IMEDIATO, APROVEITE!<\/strong><\/p>\n<p>Planilha PMOC Ar-Condicionado<\/p>\n<p><strong>Ap\u00f3s realizar essa compra voc\u00ea receber\u00e1:<\/strong><\/p>\n<ul>\n<li>Planilha PMOC arquivo digital (formato EXCEL .xlsx) ser\u00e1 enviado por e-mail.<\/li>\n<\/ul>\n<p><strong>B\u00f4nus e Brinde na compra\u00a0<\/strong><\/p>\n<p>Kit Planilhas + 1600 (Pacote de Planilhas Excel Diversas Prontas e Edit\u00e1veis)<\/p>\n<p>Kit Cartas Comerciais + 2000<\/p>\n<p>Gest\u00e3o Empresarial no Varejo<\/p>\n<p><strong>O que diz a Lei Federal 13.589 de 04\/01\/18?<\/strong><\/p>\n<p>Todos os edif\u00edcios de uso p\u00fablico e coletivo que possuem ambientes climatizados artificialmente devem dispor de um Plano de Manuten\u00e7\u00e3o, Opera\u00e7\u00e3o e Controle \u2013 PMOC dos respectivos sistemas de climatiza\u00e7\u00e3o<\/p>\n<p>Planilha PMOC Ar-Condicionado<\/p>\n<p><strong>O que \u00e9 o PMOC?<\/strong><\/p>\n<p>\u00c9 o conjunto de documentos onde constam todos os dados da edifica\u00e7\u00e3o, do sistema de climatiza\u00e7\u00e3o, do respons\u00e1vel t\u00e9cnico, bem como procedimentos e rotinas de manuten\u00e7\u00e3o comprovando sua execu\u00e7\u00e3o.<\/p>\n<p><strong>S\u00f3 \u00e9 necess\u00e1rio ter PMOC sistemas de climatiza\u00e7\u00e3o acima de 5,0 TRs?<\/strong><\/p>\n<p>N\u00e3o. Segundo o art. 1\u00ba da Lei 13.589\/18, \u201cTodos os edif\u00edcios de uso p\u00fablico e coletivo que possuem ambientes de ar interior climatizado artificialmente devem dispor de um Plano de Manuten\u00e7\u00e3o, Opera\u00e7\u00e3o e Controle \u2013 PMOC dos respectivos sistemas de climatiza\u00e7\u00e3o, visando \u00e0 elimina\u00e7\u00e3o ou minimiza\u00e7\u00e3o de riscos potenciais \u00e0 sa\u00fade dos ocupantes.\u201d<\/p>\n<p><strong>Qual a multa para quem n\u00e3o cumprir a lei?<\/strong><\/p>\n<p>Segundo a Lei 6.437\/77, as multas podem variar de R$ 2.000,00 a R$ 1.500.000,00 dependendo do risco ou gravidade, recorr\u00eancia e tamanho do estabelecimento, sendo dobrada na sua reincid\u00eancia.<\/p>\n<p>Planilha PMOC Ar-Condicionado<\/p>\n","protected":false},"excerpt":{"rendered":"<h1><span style=\"font-size: 14pt;\">Planilha Excel PMOC Manuten\u00e7\u00e3o e Controle Ar Condicionado<\/span><\/h1>\n<h2><span style=\"font-size: 14pt;\">Planilha Excel PMOC manuten\u00e7\u00e3o e controle de ar-condicionado, pronta e edit\u00e1vel, insira seu logo e dados e pronto para o servi\u00e7o.<\/span><\/h2>\n<p style=\"text-align: center;\"><span style=\"color: #008080;\"><strong>Adquira Agora Via Pix e Tenha 15% de Desconto e Receba todo o Conte\u00fado em seu E-mail ou se Preferir via WhatsApp.<\/strong><\/span><\/p>\n","protected":false},"featured_media":153,"comment_status":"closed","ping_status":"closed","template":"","meta":{"_sitemap_exclude":false,"_sitemap_priority":"","_sitemap_frequency":"","site-sidebar-layout":"default","site-content-layout":"","ast-site-content-layout":"default","site-content-style":"default","site-sidebar-style":"default","ast-global-header-display":"","ast-banner-title-visibility":"","ast-main-header-display":"","ast-hfb-above-header-display":"","ast-hfb-below-header-display":"","ast-hfb-mobile-header-display":"","site-post-title":"","ast-breadcrumbs-content":"","ast-featured-img":"","footer-sml-layout":"","ast-disable-related-posts":"","theme-transparent-header-meta":"default","adv-header-id-meta":"","stick-header-meta":"default","header-above-stick-meta":"","header-main-stick-meta":"","header-below-stick-meta":"","astra-migrate-meta-layouts":"set","ast-page-background-enabled":"default","ast-page-background-meta":{"desktop":{"background-color":"var(--ast-global-color-4)","background-image":"","background-repeat":"repeat","background-position":"center center","background-size":"auto","background-attachment":"scroll","background-type":"","background-media":"","overlay-type":"","overlay-color":"","overlay-opacity":"","overlay-gradient":""},"tablet":{"background-color":"","background-image":"","background-repeat":"repeat","background-position":"center center","background-size":"auto","background-attachment":"scroll","background-type":"","background-media":"","overlay-type":"","overlay-color":"","overlay-opacity":"","overlay-gradient":""},"mobile":{"background-color":"","background-image":"","background-repeat":"repeat","background-position":"center center","background-size":"auto","background-attachment":"scroll","background-type":"","background-media":"","overlay-type":"","overlay-color":"","overlay-opacity":"","overlay-gradient":""}},"ast-content-background-meta":{"desktop":{"background-color":"var(--ast-global-color-5)","background-image":"","background-repeat":"repeat","background-position":"center center","background-size":"auto","background-attachment":"scroll","background-type":"","background-media":"","overlay-type":"","overlay-color":"","overlay-opacity":"","overlay-gradient":""},"tablet":{"background-color":"var(--ast-global-color-5)","background-image":"","background-repeat":"repeat","background-position":"center center","background-size":"auto","background-attachment":"scroll","background-type":"","background-media":"","overlay-type":"","overlay-color":"","overlay-opacity":"","overlay-gradient":""},"mobile":{"background-color":"var(--ast-global-color-5)","background-image":"","background-repeat":"repeat","background-position":"center center","background-size":"auto","background-attachment":"scroll","background-type":"","background-media":"","overlay-type":"","overlay-color":"","overlay-opacity":"","overlay-gradient":""}}},"product_brand":[],"product_cat":[1120,20],"product_tag":[363,364,365,366,367,368,369,370,371,372,373,374,344,375,376,377,378,379,380,381,382,383,384,385,386,387,388,389,390,391,392,393,394,395,396],"class_list":{"0":"post-57","1":"product","2":"type-product","3":"status-publish","4":"has-post-thumbnail","6":"product_cat-assistencia-tecnica","7":"product_cat-planilhas-excel","8":"product_tag-como-fazer-pmoc","9":"product_tag-como-fazer-um-pmoc","10":"product_tag-contrato-de-pmoc","11":"product_tag-curso-de-pmoc","12":"product_tag-curso-pmoc","13":"product_tag-etapas-do-pmoc","14":"product_tag-laudo-pmoc","15":"product_tag-lei-do-pmoc","16":"product_tag-lei-pmoc","17":"product_tag-modelo-de-pmoc","18":"product_tag-modelo-pmoc","19":"product_tag-o-que-e-pmoc","20":"product_tag-planilha","21":"product_tag-planilha-ar-condicionado","22":"product_tag-planilha-controle-ar-condicionado","23":"product_tag-planilha-de-pmoc","24":"product_tag-planilha-excel","25":"product_tag-planilha-excel-pmoc","26":"product_tag-planilha-excela-ar-condicionado","27":"product_tag-planilha-manutencao-ar-condicionado","28":"product_tag-planilha-pmoc","29":"product_tag-planilha-pmoc-manutencao-e-controle-ar-condicionado","30":"product_tag-planilha-pmoc-pronta-e-editavel","31":"product_tag-plr-pmoc","32":"product_tag-pmoc","33":"product_tag-pmoc-2022","34":"product_tag-pmoc-ar-condicionado","35":"product_tag-pmoc-arcondicionado","36":"product_tag-pmoc-como-fazer","37":"product_tag-pmoc-facil","38":"product_tag-pmoc-lei","39":"product_tag-pmoc-o-que-e","40":"product_tag-pmoc-passo","41":"product_tag-pmoc-passo-a-passo","42":"product_tag-treinamento-pmoc","43":"desktop-align-center","44":"tablet-align-left","45":"mobile-align-left","46":"ast-product-gallery-layout-horizontal-slider","47":"ast-product-tabs-layout-horizontal","49":"first","50":"instock","51":"featured","52":"shipping-taxable","53":"purchasable","54":"product-type-simple"},"_links":{"self":[{"href":"https:\/\/planilhasexcell.com.br\/loja-de-planilhas\/wp-json\/wp\/v2\/product\/57","targetHints":{"allow":["GET"]}}],"collection":[{"href":"https:\/\/planilhasexcell.com.br\/loja-de-planilhas\/wp-json\/wp\/v2\/product"}],"about":[{"href":"https:\/\/planilhasexcell.com.br\/loja-de-planilhas\/wp-json\/wp\/v2\/types\/product"}],"replies":[{"embeddable":true,"href":"https:\/\/planilhasexcell.com.br\/loja-de-planilhas\/wp-json\/wp\/v2\/comments?post=57"}],"wp:featuredmedia":[{"embeddable":true,"href":"https:\/\/planilhasexcell.com.br\/loja-de-planilhas\/wp-json\/wp\/v2\/media\/153"}],"wp:attachment":[{"href":"https:\/\/planilhasexcell.com.br\/loja-de-planilhas\/wp-json\/wp\/v2\/media?parent=57"}],"wp:term":[{"taxonomy":"product_brand","embeddable":true,"href":"https:\/\/planilhasexcell.com.br\/loja-de-planilhas\/wp-json\/wp\/v2\/product_brand?post=57"},{"taxonomy":"product_cat","embeddable":true,"href":"https:\/\/planilhasexcell.com.br\/loja-de-planilhas\/wp-json\/wp\/v2\/product_cat?post=57"},{"taxonomy":"product_tag","embeddable":true,"href":"https:\/\/planilhasexcell.com.br\/loja-de-planilhas\/wp-json\/wp\/v2\/product_tag?post=57"}],"curies":[{"name":"wp","href":"https:\/\/api.w.org\/{rel}","templated":true}]}}