{"id":54,"date":"2023-10-16T14:53:24","date_gmt":"2023-10-16T17:53:24","guid":{"rendered":"https:\/\/planilhasexcell.com.br\/loja-de-planilhas\/?post_type=product&#038;p=54"},"modified":"2025-03-15T08:14:32","modified_gmt":"2025-03-15T11:14:32","slug":"pacote-de-planilhas-administrativas-e-empresas","status":"publish","type":"product","link":"https:\/\/planilhasexcell.com.br\/loja-de-planilhas\/produto\/pacote-de-planilhas-administrativas-e-empresas\/","title":{"rendered":"Pacote de Planilhas Administrativas e Empresas"},"content":{"rendered":"<h1><span style=\"font-size: 14pt;\">Pacote de Planilhas Administrativas e Empresas<\/span><\/h1>\n<h2><span style=\"font-size: 14pt;\">Pacote de planilhas Excel administrativas e empresas prontas e edit\u00e1veis para utiliza\u00e7\u00e3o nas mais diversas \u00e1reas, esse pacote \u00e9 completo e foi feito para voc\u00ea que tem dificuldades em criar planilhas em Excel.<\/span><\/h2>\n<p>Pacote de Planilhas Administrativas e Empresas<\/p>\n<p><img fetchpriority=\"high\" decoding=\"async\" class=\"aligncenter wp-image-372 size-medium\" title=\"planilhas-excel-engenharia-mecanica\" src=\"https:\/\/planilhasexcell.com.br\/loja-de-planilhas\/wp-content\/uploads\/2023\/10\/planilhas-excel-engenharia-mecanica-2-300x300.jpg\" alt=\"planilhas-excel-engenharia-mecanica\" width=\"300\" height=\"300\" srcset=\"https:\/\/planilhasexcell.com.br\/loja-de-planilhas\/wp-content\/uploads\/2023\/10\/planilhas-excel-engenharia-mecanica-2-300x300.jpg 300w, https:\/\/planilhasexcell.com.br\/loja-de-planilhas\/wp-content\/uploads\/2023\/10\/planilhas-excel-engenharia-mecanica-2-1024x1024.jpg 1024w, https:\/\/planilhasexcell.com.br\/loja-de-planilhas\/wp-content\/uploads\/2023\/10\/planilhas-excel-engenharia-mecanica-2-150x150.jpg 150w, https:\/\/planilhasexcell.com.br\/loja-de-planilhas\/wp-content\/uploads\/2023\/10\/planilhas-excel-engenharia-mecanica-2-768x768.jpg 768w, https:\/\/planilhasexcell.com.br\/loja-de-planilhas\/wp-content\/uploads\/2023\/10\/planilhas-excel-engenharia-mecanica-2-1536x1536.jpg 1536w, https:\/\/planilhasexcell.com.br\/loja-de-planilhas\/wp-content\/uploads\/2023\/10\/planilhas-excel-engenharia-mecanica-2-600x600.jpg 600w, https:\/\/planilhasexcell.com.br\/loja-de-planilhas\/wp-content\/uploads\/2023\/10\/planilhas-excel-engenharia-mecanica-2-100x100.jpg 100w, https:\/\/planilhasexcell.com.br\/loja-de-planilhas\/wp-content\/uploads\/2023\/10\/planilhas-excel-engenharia-mecanica-2.jpg 1595w\" sizes=\"(max-width: 300px) 100vw, 300px\" \/><\/p>\n<p>Pacote indicado para quem est\u00e1 abrindo um novo neg\u00f3cio, com ele voc\u00ea vai garantir que todas as \u00e1reas mais importantes da sua empresa est\u00e3o bem gerenciadas!<\/p>\n<p>Pacote de Planilhas Administrativas e Empresas<\/p>\n<div class=\"demo-principal\">Clique nas imagens para ver a rela\u00e7\u00e3o das planilhas que vai receber nesse Pacote de Planilhas Administrativas e Empresas.<\/div>\n<div>Pacote de Planilhas Administrativas e Empresas<\/div>\n<div><\/div>\n<div><strong>Saiba Mais sobre:<\/strong> Pacote de Planilhas Administrativas e Empresas<\/div>\n<div>\n<h3><span style=\"font-size: 14pt;\"><strong>Pacote de Planilhas Administrativas e Empresariais: Simplificando a Gest\u00e3o Empresarial<\/strong><\/span><\/h3>\n<p>No mundo empresarial, a efici\u00eancia e a organiza\u00e7\u00e3o s\u00e3o essenciais para o sucesso.<\/p>\n<p>\u00c0 medida que empresas crescem e se expandem, a necessidade de ferramentas eficazes de gerenciamento se torna ainda mais premente.<\/p>\n<p>\u00c9 nesse contexto que o &#8220;Pacote de Planilhas Administrativas e Empresariais&#8221; se destaca como uma solu\u00e7\u00e3o vers\u00e1til e acess\u00edvel para auxiliar na gest\u00e3o de neg\u00f3cios de todos os tamanhos.<\/p>\n<p><strong>O que \u00e9 um Pacote de Planilhas Administrativas e Empresariais?<\/strong><\/p>\n<p>Um pacote de planilhas administrativas e empresariais \u00e9 um conjunto de modelos de planilhas predefinidas e prontas para uso que abrangem uma variedade de aspectos relacionados \u00e0 gest\u00e3o de uma empresa.<\/p>\n<p>Essas planilhas s\u00e3o projetadas para simplificar tarefas cotidianas, desde controle financeiro at\u00e9 gerenciamento de projetos e recursos humanos.<\/p>\n<p><strong>Benef\u00edcios de um Pacote de Planilhas Empresariais:<\/strong><\/p>\n<ol>\n<li><strong>Facilidade de Uso:<\/strong> As planilhas s\u00e3o intuitivas e podem ser usadas por qualquer pessoa com conhecimentos b\u00e1sicos em Excel ou softwares similares.<\/li>\n<li><strong>Economia de Tempo:<\/strong> Elas permitem automatizar c\u00e1lculos e processos, economizando tempo que seria gasto manualmente.<\/li>\n<li><strong>Organiza\u00e7\u00e3o:<\/strong> As planilhas ajudam a manter dados empresariais organizados e acess\u00edveis.<\/li>\n<li><strong>Tomada de Decis\u00f5es Informadas:<\/strong> Com dados atualizados e m\u00e9tricas claras, as planilhas fornecem informa\u00e7\u00f5es valiosas para tomada de decis\u00f5es estrat\u00e9gicas.<\/li>\n<li><strong>Customiza\u00e7\u00e3o:<\/strong> As planilhas podem ser adaptadas \u00e0s necessidades espec\u00edficas de cada empresa, com a adi\u00e7\u00e3o ou remo\u00e7\u00e3o de campos conforme necess\u00e1rio.<\/li>\n<\/ol>\n<p><strong>Exemplos de Planilhas no Pacote Empresarial:<\/strong><\/p>\n<ol>\n<li><strong>Controle Financeiro:<\/strong> Inclui planilhas para or\u00e7amento, fluxo de caixa, controle de despesas e proje\u00e7\u00f5es financeiras.<\/li>\n<li><strong>Gest\u00e3o de Recursos Humanos:<\/strong> Oferece ferramentas para registro de funcion\u00e1rios, controle de folha de pagamento e c\u00e1lculo de benef\u00edcios.<\/li>\n<li><strong>Gest\u00e3o de Projetos:<\/strong> Ajuda a planejar, rastrear e gerenciar projetos, atribuindo tarefas, monitorando prazos e recursos.<\/li>\n<li><strong>Controle de Estoque:<\/strong> Permite o acompanhamento de estoque, pedidos de compra e vendas.<\/li>\n<li><strong>Relat\u00f3rios de Vendas e Marketing:<\/strong> Facilita a an\u00e1lise de dados de vendas e campanhas de marketing.<\/li>\n<li><strong>Gerenciamento de Clientes:<\/strong> Ajuda a acompanhar contatos, hist\u00f3rico de comunica\u00e7\u00e3o e solicita\u00e7\u00f5es de clientes.<\/li>\n<li><strong>Controle de Ativos:<\/strong> Registra ativos da empresa, como equipamentos e ve\u00edculos, para fins de manuten\u00e7\u00e3o e deprecia\u00e7\u00e3o.<\/li>\n<\/ol>\n<p><strong>Vantagens para Empresas de Todos os Tamanhos:<\/strong><\/p>\n<p>Seja uma pequena empresa que deseja manter as finan\u00e7as sob controle ou uma grande corpora\u00e7\u00e3o buscando otimizar processos internos, um pacote de planilhas administrativas e empresariais oferece flexibilidade e efici\u00eancia.<\/p>\n<p>\u00c9 uma ferramenta que capacita as empresas a enfrentar desafios complexos de gest\u00e3o com mais confian\u00e7a e precis\u00e3o, impulsionando o crescimento e a efic\u00e1cia operacional.<\/p>\n<p>Em resumo, um pacote de planilhas empresariais \u00e9 um aliado valioso que simplifica tarefas administrativas, ajuda na tomada de decis\u00f5es informadas e contribui para o sucesso e crescimento de qualquer empreendimento.<\/p>\n<p>Independentemente do tamanho ou setor da empresa, essa ferramenta torna a gest\u00e3o empresarial mais eficaz e acess\u00edvel.<\/p>\n<\/div>\n","protected":false},"excerpt":{"rendered":"<h1><span style=\"font-size: 14pt;\">Pacote de Planilhas Administrativas e Empresas Prontas e Edit\u00e1veis<\/span><\/h1>\n<h2><span style=\"font-size: 14pt;\">Pacote de planilhas Excel administrativas e empresas prontas e edit\u00e1veis para utiliza\u00e7\u00e3o nas mais diversas \u00e1reas, esse pacote \u00e9 completo e foi feito para voc\u00ea que tem dificuldades em criar planilhas em Excel.<\/span><\/h2>\n<p style=\"text-align: center;\"><span style=\"color: #008080;\"><strong>Adquira Agora Via Pix e Tenha 15% de Desconto e Receba todo o Conte\u00fado em seu E-mail ou se Preferir via WhatsApp.<\/strong><\/span><\/p>\n","protected":false},"featured_media":130,"comment_status":"closed","ping_status":"closed","template":"","meta":{"_sitemap_exclude":false,"_sitemap_priority":"","_sitemap_frequency":"","site-sidebar-layout":"default","site-content-layout":"","ast-site-content-layout":"default","site-content-style":"default","site-sidebar-style":"default","ast-global-header-display":"","ast-banner-title-visibility":"","ast-main-header-display":"","ast-hfb-above-header-display":"","ast-hfb-below-header-display":"","ast-hfb-mobile-header-display":"","site-post-title":"","ast-breadcrumbs-content":"","ast-featured-img":"","footer-sml-layout":"","ast-disable-related-posts":"","theme-transparent-header-meta":"default","adv-header-id-meta":"","stick-header-meta":"default","header-above-stick-meta":"","header-main-stick-meta":"","header-below-stick-meta":"","astra-migrate-meta-layouts":"set","ast-page-background-enabled":"default","ast-page-background-meta":{"desktop":{"background-color":"var(--ast-global-color-4)","background-image":"","background-repeat":"repeat","background-position":"center center","background-size":"auto","background-attachment":"scroll","background-type":"","background-media":"","overlay-type":"","overlay-color":"","overlay-opacity":"","overlay-gradient":""},"tablet":{"background-color":"","background-image":"","background-repeat":"repeat","background-position":"center center","background-size":"auto","background-attachment":"scroll","background-type":"","background-media":"","overlay-type":"","overlay-color":"","overlay-opacity":"","overlay-gradient":""},"mobile":{"background-color":"","background-image":"","background-repeat":"repeat","background-position":"center center","background-size":"auto","background-attachment":"scroll","background-type":"","background-media":"","overlay-type":"","overlay-color":"","overlay-opacity":"","overlay-gradient":""}},"ast-content-background-meta":{"desktop":{"background-color":"var(--ast-global-color-5)","background-image":"","background-repeat":"repeat","background-position":"center center","background-size":"auto","background-attachment":"scroll","background-type":"","background-media":"","overlay-type":"","overlay-color":"","overlay-opacity":"","overlay-gradient":""},"tablet":{"background-color":"var(--ast-global-color-5)","background-image":"","background-repeat":"repeat","background-position":"center center","background-size":"auto","background-attachment":"scroll","background-type":"","background-media":"","overlay-type":"","overlay-color":"","overlay-opacity":"","overlay-gradient":""},"mobile":{"background-color":"var(--ast-global-color-5)","background-image":"","background-repeat":"repeat","background-position":"center center","background-size":"auto","background-attachment":"scroll","background-type":"","background-media":"","overlay-type":"","overlay-color":"","overlay-opacity":"","overlay-gradient":""}}},"product_brand":[],"product_cat":[1106,20],"product_tag":[319,320,321,322],"class_list":{"0":"post-54","1":"product","2":"type-product","3":"status-publish","4":"has-post-thumbnail","6":"product_cat-administrativa","7":"product_cat-planilhas-excel","8":"product_tag-kit-planilhas-excel-administrativas","9":"product_tag-kit-planilhas-excel-para-empresas","10":"product_tag-planilha-administrativa","11":"product_tag-planilha-empresa","12":"desktop-align-center","13":"tablet-align-left","14":"mobile-align-left","15":"ast-product-gallery-layout-horizontal-slider","16":"ast-product-tabs-layout-horizontal","18":"first","19":"instock","20":"featured","21":"downloadable","22":"shipping-taxable","23":"purchasable","24":"product-type-simple"},"_links":{"self":[{"href":"https:\/\/planilhasexcell.com.br\/loja-de-planilhas\/wp-json\/wp\/v2\/product\/54","targetHints":{"allow":["GET"]}}],"collection":[{"href":"https:\/\/planilhasexcell.com.br\/loja-de-planilhas\/wp-json\/wp\/v2\/product"}],"about":[{"href":"https:\/\/planilhasexcell.com.br\/loja-de-planilhas\/wp-json\/wp\/v2\/types\/product"}],"replies":[{"embeddable":true,"href":"https:\/\/planilhasexcell.com.br\/loja-de-planilhas\/wp-json\/wp\/v2\/comments?post=54"}],"wp:featuredmedia":[{"embeddable":true,"href":"https:\/\/planilhasexcell.com.br\/loja-de-planilhas\/wp-json\/wp\/v2\/media\/130"}],"wp:attachment":[{"href":"https:\/\/planilhasexcell.com.br\/loja-de-planilhas\/wp-json\/wp\/v2\/media?parent=54"}],"wp:term":[{"taxonomy":"product_brand","embeddable":true,"href":"https:\/\/planilhasexcell.com.br\/loja-de-planilhas\/wp-json\/wp\/v2\/product_brand?post=54"},{"taxonomy":"product_cat","embeddable":true,"href":"https:\/\/planilhasexcell.com.br\/loja-de-planilhas\/wp-json\/wp\/v2\/product_cat?post=54"},{"taxonomy":"product_tag","embeddable":true,"href":"https:\/\/planilhasexcell.com.br\/loja-de-planilhas\/wp-json\/wp\/v2\/product_tag?post=54"}],"curies":[{"name":"wp","href":"https:\/\/api.w.org\/{rel}","templated":true}]}}