{"id":49,"date":"2023-10-16T14:53:23","date_gmt":"2023-10-16T17:53:23","guid":{"rendered":"https:\/\/planilhasexcell.com.br\/loja-de-planilhas\/?post_type=product&#038;p=49"},"modified":"2026-04-08T08:39:59","modified_gmt":"2026-04-08T11:39:59","slug":"987-planilhas-excel-prontas","status":"publish","type":"product","link":"https:\/\/planilhasexcell.com.br\/loja-de-planilhas\/produto\/987-planilhas-excel-prontas\/","title":{"rendered":"987 Planilhas Excel Prontas"},"content":{"rendered":"<h1 class=\"entry-title\"><strong><span style=\"font-size: 14pt;\">987 Planilhas Excel Prontas<\/span><\/strong><\/h1>\n<h2><span style=\"font-size: 14pt;\">987 Planilhas Excel Prontas <strong>com mais de 987 Planilhas Excel Prontas e Edit\u00e1veis<\/strong>\u00a0para todos os ramos de atividade,\u00a0<strong>planilhas atualizadas em 2021<\/strong>, agora voc\u00ea pode ter todas as planilhas e controlar todas as suas opera\u00e7\u00f5es.<\/span><\/h2>\n<p>987 Planilhas Excel Prontas<\/p>\n<p><img fetchpriority=\"high\" decoding=\"async\" class=\"aligncenter wp-image-475 size-medium\" title=\"987 Planilhas Excel Prontas\" src=\"https:\/\/planilhasexcell.com.br\/loja-de-planilhas\/wp-content\/uploads\/2023\/10\/kit-987-planilhas-excel-283x300.jpg\" alt=\"987 Planilhas Excel Prontas\" width=\"283\" height=\"300\" srcset=\"https:\/\/planilhasexcell.com.br\/loja-de-planilhas\/wp-content\/uploads\/2023\/10\/kit-987-planilhas-excel-283x300.jpg 283w, https:\/\/planilhasexcell.com.br\/loja-de-planilhas\/wp-content\/uploads\/2023\/10\/kit-987-planilhas-excel-966x1024.jpg 966w, https:\/\/planilhasexcell.com.br\/loja-de-planilhas\/wp-content\/uploads\/2023\/10\/kit-987-planilhas-excel-768x814.jpg 768w, https:\/\/planilhasexcell.com.br\/loja-de-planilhas\/wp-content\/uploads\/2023\/10\/kit-987-planilhas-excel-600x636.jpg 600w, https:\/\/planilhasexcell.com.br\/loja-de-planilhas\/wp-content\/uploads\/2023\/10\/kit-987-planilhas-excel.jpg 1423w\" sizes=\"(max-width: 283px) 100vw, 283px\" \/><\/p>\n<p>S\u00e3o mais de\u00a0<strong>[987]<\/strong>\u00a0<strong>Planilhas em Excel<\/strong>, nos mais variados segmentos, todas as planilhas s\u00e3o prontas para uso e podem ser editadas em qualquer vers\u00e3o do Excel e tamb\u00e9m no\u00a0<a href=\"https:\/\/www.google.com\/intl\/pt-BR\/sheets\/about\/\" target=\"_blank\" rel=\"noopener noreferrer\">Google Planilhas<\/a>.<\/p>\n<p>Planilhas Excel para Trabalho<br \/>\nPlanilhas Excel para os Estudos<br \/>\nPlanilhas Excel para os Estudos<br \/>\nPlanilhas Excel para uso Pessoal<br \/>\nPlanilhas Excel para Jogos<br \/>\nPlanilhas Excel para Treinamento<br \/>\nPlanilhas Excel para uso em geral<\/p>\n<p>987 Planilhas Excel Prontas<\/p>\n<p>As\u00a0<em><strong>planilhas<\/strong><\/em>\u00a0que voc\u00ea ir\u00e1 adquirir podem ser utilizadas no seu trabalho, estudos ou nas tarefas do dia a dia! Est\u00e3o prontas para o uso e tamb\u00e9m s\u00e3o 100% edit\u00e1veis, ou seja, voc\u00ea poder\u00e1 alterar qualquer item de acordo com a sua vontade, nos formatos .xlt e .xls! Algumas planilhas que voc\u00ea ir\u00e1 encontrar: an\u00e1lise de balan\u00e7os, an\u00e1lise gr\u00e1fica, apura\u00e7\u00e3o de ISS, controle de bebidas, binominal, controle de caixa, c\u00e1lculo de materiais, c\u00e1lculo de pre\u00e7o de venda, controle de estoque, livros fiscais, or\u00e7amentos e MUITO MAIS!!!! S\u00e3o mais de\u00a0<em><strong>987 planilhas de Excel<\/strong><\/em>, dividias em diversos assuntos e pastas.<\/p>\n<p><strong>Economize tempo e dinheiro comprando esse Pacote de Planilhas Prontas e Edit\u00e1veis para todos os ramos de neg\u00f3cios, atendemos todo o Brasil.<\/strong><\/p>\n<p><strong>Planilhas Prontas 987 Planilhas Excel 100% Edit\u00e1veis + Curso + B\u00f4nus + Brindes<\/strong><\/p>\n<p>Um\u00a0<strong>Kit de Planilhas<\/strong>\u00a0completo para voc\u00ea usar em qualquer aplica\u00e7\u00e3o de controle, em qualquer ramo de atividade, na sua empresa, na sua resid\u00eancia, no seu condom\u00ednio, enfim s\u00e3o muitos modelos de planilhas prontos e edit\u00e1veis.<\/p>\n<p>Voc\u00ea recebe o Kit atrav\u00e9s do seu e-mail com Link para Baixar o Kit na hora da Compra.<\/p>\n<p>987 Planilhas Excel Prontas<\/p>\n<p><strong>Comprou, recebeu, baixou, salvou, pronto !!!<\/strong><\/p>\n<p><strong>Pague com Cart\u00e3o de Cr\u00e9dito, D\u00e9bito, Transfer\u00eancia atrav\u00e9s do PagSeguro, a forma mais segura de fazer pagamentos via Internet.<\/strong><\/p>\n<p>S\u00e3o\u00a0<em><strong>mais<\/strong><\/em>\u00a0de\u00a0<em><strong>987<\/strong><strong>\u00a0Planilhas Excel<\/strong><\/em>, planilhas prontas e totalmente edit\u00e1veis para qualquer ramo de neg\u00f3cio, para qualquer atividade em seus neg\u00f3cios, podem ser utilizadas em casa, no trabalho, em empresas de pequeno, m\u00e9dio e grande porte.<\/p>\n<p style=\"text-align: center;\"><span style=\"font-size: 14pt; color: #808000;\"><strong>Receba B\u00f4nus incr\u00edveis comprando hoje o Kit de Planilhas Excel<\/strong><\/span><\/p>\n<p><strong>1 \u2013\u00a0Apostila Completa do Exel<\/strong><\/p>\n<p><strong>2 \u2013\u00a0Planilhas Avan\u00e7adas<\/strong><\/p>\n<p><strong>3 \u2013\u00a0Planilhas em Destaque<\/strong><\/p>\n<p><strong>4 \u2013\u00a0Planilhas de Or\u00e7amentos<\/strong><\/p>\n<p><strong>5 \u2013\u00a0Planilhas Simples para Estudo<\/strong><\/p>\n<p><strong>6 \u2013\u00a0Kit Cartas Comerciais<\/strong><\/p>\n<p><strong>7 \u2013\u00a0Gest\u00e3o Empresarial no Varejo<\/strong><\/p>\n<hr \/>\n<p><strong>Forma de Envio:<\/strong>\u00a0Frete Gr\u00e1tis por E-mail atrav\u00e9s de um link para Download.<\/p>\n<p><strong>Aten\u00e7\u00e3o:<\/strong>\u00a0Na hora da Compra insira o seu\u00a0<strong>Melhor E-mail<\/strong>, \u00e9 atrav\u00e9s dele que voc\u00ea ir\u00e1 receber os\u00a0<strong>Links para Baixar o Kit de Planilhas Excel Pronto e Edit\u00e1veis + B\u00f4nus<\/strong>.<\/p>\n<p>Caso n\u00e3o receba o E-mail, verifique na sua Caixa de Spam e Lixeira.<\/p>\n","protected":false},"excerpt":{"rendered":"<h1 class=\"entry-title\"><strong><span style=\"font-size: 14pt;\">987 Planilhas Excel Prontas e Edit\u00e1veis<\/span><\/strong><\/h1>\n<h2><span style=\"font-size: 14pt;\">Um\u00a0<strong>Kit com mais de 987 Planilhas Excel Prontas e Edit\u00e1veis<\/strong>\u00a0para todos os ramos de atividade,\u00a0<strong>planilhas atualizadas em 2021<\/strong>, agora voc\u00ea pode ter todas as planilhas e controlar todas as suas opera\u00e7\u00f5es.<\/span><\/h2>\n<p style=\"text-align: center;\"><span style=\"font-size: 14pt; color: #008000;\"><strong>Pacote de Planilhas para sua Empresa e para sua Casa<\/strong><\/span><\/p>\n<p style=\"text-align: center;\"><span style=\"color: #008080;\"><strong>Adquira Agora Via Pix e Tenha 15% de Desconto e Receba todo o Conte\u00fado em seu E-mail ou se Preferir via WhatsApp.<\/strong><\/span><\/p>\n","protected":false},"featured_media":474,"comment_status":"closed","ping_status":"closed","template":"","meta":{"_sitemap_exclude":false,"_sitemap_priority":"","_sitemap_frequency":"","site-sidebar-layout":"default","site-content-layout":"","ast-site-content-layout":"default","site-content-style":"default","site-sidebar-style":"default","ast-global-header-display":"","ast-banner-title-visibility":"","ast-main-header-display":"","ast-hfb-above-header-display":"","ast-hfb-below-header-display":"","ast-hfb-mobile-header-display":"","site-post-title":"","ast-breadcrumbs-content":"","ast-featured-img":"","footer-sml-layout":"","ast-disable-related-posts":"","theme-transparent-header-meta":"default","adv-header-id-meta":"","stick-header-meta":"default","header-above-stick-meta":"","header-main-stick-meta":"","header-below-stick-meta":"","astra-migrate-meta-layouts":"set","ast-page-background-enabled":"default","ast-page-background-meta":{"desktop":{"background-color":"var(--ast-global-color-4)","background-image":"","background-repeat":"repeat","background-position":"center center","background-size":"auto","background-attachment":"scroll","background-type":"","background-media":"","overlay-type":"","overlay-color":"","overlay-opacity":"","overlay-gradient":""},"tablet":{"background-color":"","background-image":"","background-repeat":"repeat","background-position":"center center","background-size":"auto","background-attachment":"scroll","background-type":"","background-media":"","overlay-type":"","overlay-color":"","overlay-opacity":"","overlay-gradient":""},"mobile":{"background-color":"","background-image":"","background-repeat":"repeat","background-position":"center center","background-size":"auto","background-attachment":"scroll","background-type":"","background-media":"","overlay-type":"","overlay-color":"","overlay-opacity":"","overlay-gradient":""}},"ast-content-background-meta":{"desktop":{"background-color":"var(--ast-global-color-5)","background-image":"","background-repeat":"repeat","background-position":"center center","background-size":"auto","background-attachment":"scroll","background-type":"","background-media":"","overlay-type":"","overlay-color":"","overlay-opacity":"","overlay-gradient":""},"tablet":{"background-color":"var(--ast-global-color-5)","background-image":"","background-repeat":"repeat","background-position":"center center","background-size":"auto","background-attachment":"scroll","background-type":"","background-media":"","overlay-type":"","overlay-color":"","overlay-opacity":"","overlay-gradient":""},"mobile":{"background-color":"var(--ast-global-color-5)","background-image":"","background-repeat":"repeat","background-position":"center center","background-size":"auto","background-attachment":"scroll","background-type":"","background-media":"","overlay-type":"","overlay-color":"","overlay-opacity":"","overlay-gradient":""}}},"product_brand":[],"product_cat":[1123,20],"product_tag":[190,191,192,193,194,195,196,197,198,199,200,201,202,203,204,205,206,207,208,209,210,211,33,34,212,39,213,41,43,44,45,46,214,215,216,53,55,57,217,218,219,220,221],"class_list":{"0":"post-49","1":"product","2":"type-product","3":"status-publish","4":"has-post-thumbnail","6":"product_cat-kit-planilhas","7":"product_cat-planilhas-excel","8":"product_tag-987-planilhas","9":"product_tag-987-planilhas-excel","10":"product_tag-agenda-de-compromissos","11":"product_tag-analise-de-mercado","12":"product_tag-auditorias-e-inspecoes","13":"product_tag-calculo-de-retorno-sobre-investimento-roi","14":"product_tag-controle-de-despesas-de-viagens","15":"product_tag-controle-de-gastos-mensais","16":"product_tag-demonstrativos-financeiros","17":"product_tag-estrategias-de-marketing-digital","18":"product_tag-folha-de-calculo-de-despesas","19":"product_tag-gestao-de-inventario","20":"product_tag-gestao-de-producao-industrial","21":"product_tag-gestao-de-relacionamento-com-o-cliente-crm","22":"product_tag-indicadores-de-desempenho-chave-kpis","23":"product_tag-kit-planilhas-excel-987","24":"product_tag-modelos-excel-para-negocios","25":"product_tag-modelos-para-gestao-de-tarefas","26":"product_tag-orcamento-de-obras","27":"product_tag-pesquisa-de-mercado","28":"product_tag-planilhas-de-acompanhamento-de-clientes","29":"product_tag-planilhas-de-acompanhamento-de-vendas","30":"product_tag-planilhas-de-analise-de-concorrencia","31":"product_tag-planilhas-de-analise-de-dados","32":"product_tag-planilhas-de-analise-de-investimentos","33":"product_tag-planilhas-de-calculo-de-custos","34":"product_tag-planilhas-de-controle-de-desempenho","35":"product_tag-planilhas-de-controle-de-estoque","36":"product_tag-planilhas-de-controle-de-producao","37":"product_tag-planilhas-de-controle-de-qualidade","38":"product_tag-planilhas-de-controle-financeiro","39":"product_tag-planilhas-de-cronograma-de-trabalho","40":"product_tag-planilhas-de-gerenciamento-de-projetos","41":"product_tag-planilhas-de-gestao-de-rh","42":"product_tag-planilhas-de-gestao-de-viagens-de-negocios","43":"product_tag-planilhas-de-orcamento-pessoal","44":"product_tag-planilhas-de-planejamento-de-marketing","45":"product_tag-planilhas-de-planejamento-estrategico","46":"product_tag-planilhas-de-relatorios-de-financas","47":"product_tag-planilhas-excel-prontas","48":"product_tag-registro-de-horas-de-trabalho","49":"product_tag-relatorios-de-desempenho-de-vendas","50":"product_tag-tabelas-dinamicas-e-graficos","51":"desktop-align-center","52":"tablet-align-left","53":"mobile-align-left","54":"ast-product-gallery-layout-horizontal-slider","55":"ast-product-tabs-layout-horizontal","57":"first","58":"instock","59":"featured","60":"downloadable","61":"shipping-taxable","62":"purchasable","63":"product-type-simple"},"_links":{"self":[{"href":"https:\/\/planilhasexcell.com.br\/loja-de-planilhas\/wp-json\/wp\/v2\/product\/49","targetHints":{"allow":["GET"]}}],"collection":[{"href":"https:\/\/planilhasexcell.com.br\/loja-de-planilhas\/wp-json\/wp\/v2\/product"}],"about":[{"href":"https:\/\/planilhasexcell.com.br\/loja-de-planilhas\/wp-json\/wp\/v2\/types\/product"}],"replies":[{"embeddable":true,"href":"https:\/\/planilhasexcell.com.br\/loja-de-planilhas\/wp-json\/wp\/v2\/comments?post=49"}],"wp:featuredmedia":[{"embeddable":true,"href":"https:\/\/planilhasexcell.com.br\/loja-de-planilhas\/wp-json\/wp\/v2\/media\/474"}],"wp:attachment":[{"href":"https:\/\/planilhasexcell.com.br\/loja-de-planilhas\/wp-json\/wp\/v2\/media?parent=49"}],"wp:term":[{"taxonomy":"product_brand","embeddable":true,"href":"https:\/\/planilhasexcell.com.br\/loja-de-planilhas\/wp-json\/wp\/v2\/product_brand?post=49"},{"taxonomy":"product_cat","embeddable":true,"href":"https:\/\/planilhasexcell.com.br\/loja-de-planilhas\/wp-json\/wp\/v2\/product_cat?post=49"},{"taxonomy":"product_tag","embeddable":true,"href":"https:\/\/planilhasexcell.com.br\/loja-de-planilhas\/wp-json\/wp\/v2\/product_tag?post=49"}],"curies":[{"name":"wp","href":"https:\/\/api.w.org\/{rel}","templated":true}]}}