{"id":47,"date":"2023-10-16T14:53:23","date_gmt":"2023-10-16T17:53:23","guid":{"rendered":"https:\/\/planilhasexcell.com.br\/loja-de-planilhas\/?post_type=product&#038;p=47"},"modified":"2026-02-04T19:16:03","modified_gmt":"2026-02-04T22:16:03","slug":"kit-3500-modelos-planilhas-prontas","status":"publish","type":"product","link":"https:\/\/planilhasexcell.com.br\/loja-de-planilhas\/produto\/kit-3500-modelos-planilhas-prontas\/","title":{"rendered":"Kit 3500 Modelos Planilhas Prontas"},"content":{"rendered":"<p><strong><span style=\"font-size: 14pt;\">Kit 3500 Modelos Planilhas Prontas<\/span><\/strong><\/p>\n<h2><span style=\"font-size: 14pt;\"><em><strong>Kit 3500 Modelos Planilhas Prontas Excel Edit\u00e1veis<\/strong><\/em>\u00a0para todo tipo de neg\u00f3cio, controle gastos, finan\u00e7as, obras, feiras, mesadas, liga\u00e7\u00f5es telef\u00f4nicas e tudo mais que precisar organizar.<\/span><\/h2>\n<p>Kit 3500 Modelos Planilhas Prontas<\/p>\n<p>Kit 3500 Modelos Planilhas Prontas<\/p>\n<p><img fetchpriority=\"high\" decoding=\"async\" class=\"aligncenter wp-image-505 size-medium\" title=\"kit-3500-modelos-planilhas-prontas\" src=\"https:\/\/planilhasexcell.com.br\/loja-de-planilhas\/wp-content\/uploads\/2023\/10\/kit-3500-modelos-planilhas-prontas-240x300.jpg\" alt=\"kit-3500-modelos-planilhas-prontas\" width=\"240\" height=\"300\" srcset=\"https:\/\/planilhasexcell.com.br\/loja-de-planilhas\/wp-content\/uploads\/2023\/10\/kit-3500-modelos-planilhas-prontas-240x300.jpg 240w, https:\/\/planilhasexcell.com.br\/loja-de-planilhas\/wp-content\/uploads\/2023\/10\/kit-3500-modelos-planilhas-prontas-768x960.jpg 768w, https:\/\/planilhasexcell.com.br\/loja-de-planilhas\/wp-content\/uploads\/2023\/10\/kit-3500-modelos-planilhas-prontas-600x750.jpg 600w, https:\/\/planilhasexcell.com.br\/loja-de-planilhas\/wp-content\/uploads\/2023\/10\/kit-3500-modelos-planilhas-prontas.jpg 800w\" sizes=\"(max-width: 240px) 100vw, 240px\" \/><\/p>\n<p>Kit 3500 Modelos Planilhas Prontas<\/p>\n<p><strong>Marca:<\/strong>\u00a0Planilhas Br Kits<\/p>\n<p><strong>Modelo:<\/strong> Kit 3500 Modelos Planilhas Prontas<\/p>\n<p><strong>Planilhas Prontas 3500 Planilha Excel 100% Edit\u00e1veis + Curso + B\u00f4nus + Brindes<\/strong><\/p>\n<p>Um\u00a0<strong>Kit de Planilhas<\/strong>\u00a0completo para voc\u00ea usar em qualquer aplica\u00e7\u00e3o de controle, em qualquer ramo de atividade, na sua empresa, na sua resid\u00eancia, no seu condom\u00ednio, enfim s\u00e3o muitos modelos de planilhas prontos e edit\u00e1veis.<\/p>\n<p>Voc\u00ea recebe o Kit atrav\u00e9s do seu e-mail com Link para Baixar o Kit na hora da Compra.<\/p>\n<p><strong>Comprou, recebeu, baixou, salvou, pronto !!!<\/strong><\/p>\n<p>O Kit esta em Pastas separadas por assuntos, e em cada pasta s\u00e3o centenas de Planilhas para voc\u00ea Abrir, Editar, Salvar e Usar\u2026<\/p>\n<p>Kit 3.500 Modelos Planilhas Prontas<\/p>\n<p>Voc\u00ea pode usar o\u00a0<em><strong>Kit 3.500 Modelos de Planilhas Prontas<\/strong><\/em>\u00a0no Excel no seu\u00a0<strong>PC<\/strong>,\u00a0<strong>Smartphone<\/strong>,<strong>\u00a0Tablet<\/strong>\u00a0ou no\u00a0<strong>Google Planilhas<\/strong>, no Google Planilhas voc\u00ea pode compartilhar as planilhas com a sua equipe de trabalho, com o seu grupo de estudos, pode enviar as planilhas em tempo real para an\u00e1lise de outras pessoas, tudo online.<\/p>\n<p>Kit 3500 Modelos Planilhas Prontas<\/p>\n<p><strong>Planilhas Excel Edit\u00e1veis, Atualizadas e Profissionais<\/strong>\u00a0para voc\u00ea editar e usar a qualquer momento, no escrit\u00f3rio, em casa, na empresa, na ind\u00fastria, no com\u00e9rcio, em condom\u00ednios, na constru\u00e7\u00e3o civil, no planejamento de obras, compras, vendas e onde mais voc\u00ea precisar de organiza\u00e7\u00e3o para ter em m\u00e3os todos os dados e fazer consultas r\u00e1pidas e precisas.<\/p>\n<p><strong>Veja Alguns Modelos de Planilhas<\/strong><\/p>\n<p>An\u00e1lise de balan\u00e7os<br \/>\nAn\u00e1lise gr\u00e1fica de dados<br \/>\nApura\u00e7\u00e3o de iss e irpf, irpj<br \/>\nBebidas<br \/>\nBinomial<br \/>\nCaixa<br \/>\nC\u00e1lculo de materiais<br \/>\nControle de estoque<br \/>\nC\u00e1lculo de pre\u00e7o de venda de mercadorias<br \/>\nC\u00e1lculo de tarifas<br \/>\nCondom\u00ednios<br \/>\nControle financeiro<br \/>\n\u00c1rea cont\u00e1bil<br \/>\nCustos de produ\u00e7\u00e3o<br \/>\nDemonstra\u00e7\u00e3o de resultados gerais<br \/>\nDepartamento pessoal e RH<br \/>\nControle de acesso<br \/>\nEstacionamento<br \/>\nFluxo de caixa<br \/>\nIndicadores<br \/>\nApura\u00e7\u00e3o de lucro real<br \/>\nLivro di\u00e1rio<br \/>\nLivros fiscais<br \/>\nOr\u00e7amentos<br \/>\nServi\u00e7os<br \/>\nApura\u00e7\u00e3o de Icms<\/p>\n<p>S\u00e3o\u00a0<em><strong>mais<\/strong><\/em>\u00a0de\u00a0<em><strong>3<\/strong><strong>.500\u00a0Planilhas Excel<\/strong><\/em>, planilhas prontas e totalmente edit\u00e1veis para qualquer ramo de neg\u00f3cio, para qualquer atividade em seus neg\u00f3cios, podem ser utilizadas em casa, no trabalho, em empresas de pequeno, m\u00e9dio e grande porte.<\/p>\n<p>Kit 3.500 Modelos Planilhas Prontas<\/p>\n<p style=\"text-align: center;\"><span style=\"font-size: 14pt; color: #008000;\"><strong>Receba B\u00f4nus incr\u00edveis comprando hoje o Kit de Planilhas Excel<\/strong><\/span><\/p>\n<p><img decoding=\"async\" class=\"aligncenter wp-image-379 size-medium\" title=\"3-bonus\" src=\"https:\/\/planilhasexcell.com.br\/loja-de-planilhas\/wp-content\/uploads\/2023\/10\/3-bonus-300x120.jpg\" alt=\"3-bonus\" width=\"300\" height=\"120\" srcset=\"https:\/\/planilhasexcell.com.br\/loja-de-planilhas\/wp-content\/uploads\/2023\/10\/3-bonus-300x120.jpg 300w, https:\/\/planilhasexcell.com.br\/loja-de-planilhas\/wp-content\/uploads\/2023\/10\/3-bonus-600x241.jpg 600w, https:\/\/planilhasexcell.com.br\/loja-de-planilhas\/wp-content\/uploads\/2023\/10\/3-bonus.jpg 625w\" sizes=\"(max-width: 300px) 100vw, 300px\" \/><\/p>\n<p><strong><span style=\"font-size: 14pt; color: #ff6600;\">1 \u2013<\/span> Kit Cartas Comerciais<\/strong><\/p>\n<p><strong><span style=\"font-size: 14pt; color: #ff6600;\">2 \u2013<\/span> Kit 1.600 Planilhas Extras<\/strong><\/p>\n<p><strong><span style=\"font-size: 14pt; color: #ff6600;\">3 \u2013<\/span> Gest\u00e3o Empresarial no Varejo<\/strong><\/p>\n<p>O\u00a0<strong>Kit 3.500 Planilhas Excel prontas e edit\u00e1veis<\/strong>\u00a0tamb\u00e9m pode ser usado no Google Planilhas, basta exportar a planilha que quer usar e editar e pronto, voc\u00ea pode administrar a sua planilha totalmente online atrav\u00e9s do Planilhas Google, enviar para um grupo de trabalho, enviar para amigos, parentes, enfim, voc\u00ea pode compartilhar a sua planilha com v\u00e1rias pessoas e empresas.<\/p>\n<p><strong>Pague com Cart\u00e3o de Cr\u00e9dito, D\u00e9bito, Transfer\u00eancia atrav\u00e9s do PagSeguro ou PIX, a forma mais segura de fazer pagamentos via Internet.<\/strong><\/p>\n<p><strong>Forma de Envio:<\/strong>\u00a0Frete Gr\u00e1tis por E-mail atrav\u00e9s de um link para Download.<\/p>\n<p><strong>Aten\u00e7\u00e3o:<\/strong>\u00a0Na hora da Compra insira o seu\u00a0<strong>Melhor E-mail<\/strong>, \u00e9 atrav\u00e9s dele que voc\u00ea ir\u00e1 receber os\u00a0<strong>Links para Baixar o Kit de Planilhas Excel Pronto e Edit\u00e1veis + B\u00f4nus<\/strong>.<\/p>\n<p>Caso n\u00e3o receba o E-mail, verifique na sua Caixa de Spam e Lixeira.<\/p>\n","protected":false},"excerpt":{"rendered":"<p><strong><span style=\"font-size: 14pt;\">Kit 3500 Modelos Planilhas Prontas e Edit\u00e1veis<\/span><\/strong><\/p>\n<h2><span style=\"font-size: 14pt;\"><em><strong>Kit 3500 Modelos Planilhas Prontas Excel Edit\u00e1veis<\/strong><\/em>\u00a0para todo tipo de neg\u00f3cio, controle gastos, finan\u00e7as, obras, feiras, mesadas, liga\u00e7\u00f5es telef\u00f4nicas e tudo mais que precisar organizar.<\/span><\/h2>\n<p style=\"text-align: center;\"><span style=\"color: #ff6600;\"><strong>PACOTE COM MAIS DE 3500\u00a0<span class=\"destaque\">PLANILHAS PRONTAS<\/span>\u00a0EXCEL<\/strong><\/span><\/p>\n<p style=\"text-align: center;\"><span style=\"color: #008080;\"><strong>Adquira Agora Via Pix e Tenha 15% de Desconto e Receba todo o Conte\u00fado em seu E-mail ou se Preferir via WhatsApp.<\/strong><\/span><\/p>\n","protected":false},"featured_media":504,"comment_status":"closed","ping_status":"closed","template":"","meta":{"_sitemap_exclude":false,"_sitemap_priority":"","_sitemap_frequency":"","site-sidebar-layout":"default","site-content-layout":"","ast-site-content-layout":"default","site-content-style":"default","site-sidebar-style":"default","ast-global-header-display":"","ast-banner-title-visibility":"","ast-main-header-display":"","ast-hfb-above-header-display":"","ast-hfb-below-header-display":"","ast-hfb-mobile-header-display":"","site-post-title":"","ast-breadcrumbs-content":"","ast-featured-img":"","footer-sml-layout":"","ast-disable-related-posts":"","theme-transparent-header-meta":"default","adv-header-id-meta":"","stick-header-meta":"default","header-above-stick-meta":"","header-main-stick-meta":"","header-below-stick-meta":"","astra-migrate-meta-layouts":"set","ast-page-background-enabled":"default","ast-page-background-meta":{"desktop":{"background-color":"var(--ast-global-color-4)","background-image":"","background-repeat":"repeat","background-position":"center center","background-size":"auto","background-attachment":"scroll","background-type":"","background-media":"","overlay-type":"","overlay-color":"","overlay-opacity":"","overlay-gradient":""},"tablet":{"background-color":"","background-image":"","background-repeat":"repeat","background-position":"center center","background-size":"auto","background-attachment":"scroll","background-type":"","background-media":"","overlay-type":"","overlay-color":"","overlay-opacity":"","overlay-gradient":""},"mobile":{"background-color":"","background-image":"","background-repeat":"repeat","background-position":"center center","background-size":"auto","background-attachment":"scroll","background-type":"","background-media":"","overlay-type":"","overlay-color":"","overlay-opacity":"","overlay-gradient":""}},"ast-content-background-meta":{"desktop":{"background-color":"var(--ast-global-color-5)","background-image":"","background-repeat":"repeat","background-position":"center center","background-size":"auto","background-attachment":"scroll","background-type":"","background-media":"","overlay-type":"","overlay-color":"","overlay-opacity":"","overlay-gradient":""},"tablet":{"background-color":"var(--ast-global-color-5)","background-image":"","background-repeat":"repeat","background-position":"center center","background-size":"auto","background-attachment":"scroll","background-type":"","background-media":"","overlay-type":"","overlay-color":"","overlay-opacity":"","overlay-gradient":""},"mobile":{"background-color":"var(--ast-global-color-5)","background-image":"","background-repeat":"repeat","background-position":"center center","background-size":"auto","background-attachment":"scroll","background-type":"","background-media":"","overlay-type":"","overlay-color":"","overlay-opacity":"","overlay-gradient":""}}},"product_brand":[],"product_cat":[1123,20],"product_tag":[148,149,150,151,152,153,154,155,156,157,158,159,160,161,162,163,164,165,166,167,168,169,170,171,172,173,174,175,176,177],"class_list":{"0":"post-47","1":"product","2":"type-product","3":"status-publish","4":"has-post-thumbnail","6":"product_cat-kit-planilhas","7":"product_cat-planilhas-excel","8":"product_tag-3-500-planilhas-excel","9":"product_tag-kit-de-planilhas-excel","10":"product_tag-planilha-excel-analise-de-balancos","11":"product_tag-planilha-excel-analise-grafica-de-dados","12":"product_tag-planilha-excel-apuracao-de-icms","13":"product_tag-planilha-excel-apuracao-de-iss","14":"product_tag-planilha-excel-apuracao-de-lucro-real","15":"product_tag-planilha-excel-area-contabil","16":"product_tag-planilha-excel-bebidas","17":"product_tag-planilha-excel-binomial","18":"product_tag-planilha-excel-caixa","19":"product_tag-planilha-excel-calculo-de-materiais","20":"product_tag-planilha-excel-calculo-de-preco-de-venda-de-mercadorias","21":"product_tag-planilha-excel-calculo-de-tarifas","22":"product_tag-planilha-excel-condominios","23":"product_tag-planilha-excel-controle-de-acesso","24":"product_tag-planilha-excel-controle-de-estoque","25":"product_tag-planilha-excel-controle-financeiro","26":"product_tag-planilha-excel-custos-de-producao","27":"product_tag-planilha-excel-demonstracao-de-resultados-gerais","28":"product_tag-planilha-excel-departanto-pessoal","29":"product_tag-planilha-excel-estacionamento","30":"product_tag-planilha-excel-fluxo-de-caixa","31":"product_tag-planilha-excel-indicadores","32":"product_tag-planilha-excel-irpf","33":"product_tag-planilha-excel-livro-diario","34":"product_tag-planilha-excel-livros-fiscais","35":"product_tag-planilha-excel-orcamentos","36":"product_tag-planilha-excel-rh","37":"product_tag-planilha-excel-servicos","38":"desktop-align-center","39":"tablet-align-left","40":"mobile-align-left","41":"ast-product-gallery-layout-horizontal-slider","42":"ast-product-tabs-layout-horizontal","44":"first","45":"instock","46":"featured","47":"downloadable","48":"shipping-taxable","49":"purchasable","50":"product-type-simple"},"_links":{"self":[{"href":"https:\/\/planilhasexcell.com.br\/loja-de-planilhas\/wp-json\/wp\/v2\/product\/47","targetHints":{"allow":["GET"]}}],"collection":[{"href":"https:\/\/planilhasexcell.com.br\/loja-de-planilhas\/wp-json\/wp\/v2\/product"}],"about":[{"href":"https:\/\/planilhasexcell.com.br\/loja-de-planilhas\/wp-json\/wp\/v2\/types\/product"}],"replies":[{"embeddable":true,"href":"https:\/\/planilhasexcell.com.br\/loja-de-planilhas\/wp-json\/wp\/v2\/comments?post=47"}],"wp:featuredmedia":[{"embeddable":true,"href":"https:\/\/planilhasexcell.com.br\/loja-de-planilhas\/wp-json\/wp\/v2\/media\/504"}],"wp:attachment":[{"href":"https:\/\/planilhasexcell.com.br\/loja-de-planilhas\/wp-json\/wp\/v2\/media?parent=47"}],"wp:term":[{"taxonomy":"product_brand","embeddable":true,"href":"https:\/\/planilhasexcell.com.br\/loja-de-planilhas\/wp-json\/wp\/v2\/product_brand?post=47"},{"taxonomy":"product_cat","embeddable":true,"href":"https:\/\/planilhasexcell.com.br\/loja-de-planilhas\/wp-json\/wp\/v2\/product_cat?post=47"},{"taxonomy":"product_tag","embeddable":true,"href":"https:\/\/planilhasexcell.com.br\/loja-de-planilhas\/wp-json\/wp\/v2\/product_tag?post=47"}],"curies":[{"name":"wp","href":"https:\/\/api.w.org\/{rel}","templated":true}]}}