{"id":46,"date":"2023-10-16T14:53:23","date_gmt":"2023-10-16T17:53:23","guid":{"rendered":"https:\/\/planilhasexcell.com.br\/loja-de-planilhas\/?post_type=product&#038;p=46"},"modified":"2026-02-04T19:15:54","modified_gmt":"2026-02-04T22:15:54","slug":"planilhas-engenharia-civil","status":"publish","type":"product","link":"https:\/\/planilhasexcell.com.br\/loja-de-planilhas\/produto\/planilhas-engenharia-civil\/","title":{"rendered":"Planilhas Engenharia Civil"},"content":{"rendered":"<h1><span style=\"font-size: 14pt;\">Planilhas Engenharia Civil<\/span><\/h1>\n<h2><span style=\"font-size: 14pt;\">Planilhas Engenharia Civil Tudo o que voc\u00ea precisa em Planilhas de Engenharia Civil, s\u00e3o planilhas feitas em Excel, prontas e edit\u00e1veis para as mais diversas aplica\u00e7\u00f5es na engenharia civil, constru\u00e7\u00e3o, obras e c\u00e1lculos estruturados.<\/span><\/h2>\n<p>Planilhas Engenharia Civil<\/p>\n<p><img fetchpriority=\"high\" decoding=\"async\" class=\"aligncenter size-full wp-image-85\" src=\"https:\/\/planilhasexcell.com.br\/loja-de-planilhas\/wp-content\/uploads\/2023\/10\/capa-planilhas-engenharia-civil.jpg\" alt=\"capa-planilhas-engenharia\" width=\"300\" height=\"300\" srcset=\"https:\/\/planilhasexcell.com.br\/loja-de-planilhas\/wp-content\/uploads\/2023\/10\/capa-planilhas-engenharia-civil.jpg 300w, https:\/\/planilhasexcell.com.br\/loja-de-planilhas\/wp-content\/uploads\/2023\/10\/capa-planilhas-engenharia-civil-150x150.jpg 150w, https:\/\/planilhasexcell.com.br\/loja-de-planilhas\/wp-content\/uploads\/2023\/10\/capa-planilhas-engenharia-civil-100x100.jpg 100w\" sizes=\"(max-width: 300px) 100vw, 300px\" \/><\/p>\n<p><strong>Pacote Planilhas Engenharia Civil Excel [Frete Gr\u00e1tis+brinde]<\/strong><\/p>\n<p><strong>Caracter\u00edsticas<\/strong><br \/>\nMarca: PLANILHAS ENGENHARIA CIVIL<\/p>\n<p>Modelo: Excel<\/p>\n<p>Descri\u00e7\u00e3o:<br \/>\nSUPER PACOTE DE PLANILHAS DE ENGENHARIA CIVIL EM EXCEL 100% EDIT\u00c1VEIS FRETE GR\u00c1TIS DOWNLOAD + BRINDE<\/p>\n<p>ENVIO DE LINK VIA DOWNLOAD \u2013 ASSIM QUE EFETUAR A COMPRA ENVIAREMOS UM EMAIL PARA VOC\u00ca COM UM\u00a0 LINK PARA DOWNLOAD.<\/p>\n<p>PLANILHAS DE ENGENHARIA CIVIL \u2013 FORMATO EXCEL<\/p>\n<hr \/>\n<p>O PODEROSO EXCEL APLICADO \u00c0S T\u00c9CNICAS DE ENGENHARIA CIVIL PERMITIU O DESENVOLVIMENTO DE PLANILHAS EXTRAORDIN\u00c1RIAS PARA A GEST\u00c3O, C\u00c1LCULO E CONTROLE DE OBRAS E PROJETOS. POR SER PR\u00c1TICO E DE F\u00c1CIL VISUALIZA\u00c7\u00c3O, POSSUI UMA VARIEDADE DE RECURSOS E ITENS PERSONALIZ\u00c1VEIS, CAPAZES DE OTIMIZAR A ROTINA DE TRABALHO E FACILITAR A VIDA<br \/>\nDE ENGENHEIROS CIVIS, ARQUITETOS, DESIGNERS, T\u00c9CNICOS EM EDIFICA\u00c7\u00d5ES, PROFISSIONAIS DA CONSTRU\u00c7\u00c3O CIVIL, EMPREENDEDORES E ETC.<\/p>\n<p>Planilhas Engenharia Civil<\/p>\n<p><strong>DO B\u00c1SICO AO AVAN\u00c7ADO!<\/strong><\/p>\n<p>Um\u00a0<strong>Super Pacote<\/strong>\u00a0totalmente focado em\u00a0<strong>Engenharia Civil<\/strong>.<\/p>\n<p>Fa\u00e7a or\u00e7amentos, c\u00e1lculos e dimensionamento de vigas,<br \/>\nLajes, Pilares, Sistemas Hidrossanit\u00e1rios e etc.<\/p>\n<p><strong>PARA QUEM \u00c9 RECOMENDADO?<\/strong><\/p>\n<p>\u00c9 recomendado a todos os estudantes e profissionais que atuam na \u00e1rea de engenharia Civil, Arquitetos, T\u00e9cnicos de Edifica\u00e7\u00f5es e Especialistas que aplicam o Excel em sua rotina acad\u00eamica ou profissional.<\/p>\n<p>PLANILHAS PRONTAS 100% EDIT\u00c1VEIS<br \/>\nPARA QUE VOC\u00ca POSSA MODIFICAR, MODELAR E ADEQUAR PARA UM NOVO DESIGN CONFORME A SUA NECESSIDADE<\/p>\n<p>ADQUIRA AGORA MESMO ESTE PACOTE DE PLANILHAS EXCEL PARA ENGENHA CIVIL PRONTAS E EDIT\u00c1VEIS E GANHE UM SUPER BRINDE (+ 1 PACOTE DE PLANILHAS E APOSTILAS DE EXCEL)<\/p>\n<p><strong>CONFIRA ALGUMAS DAS PLANILHAS DESTE SUPER PACOTE:<\/strong><\/p>\n<p>ESFOR\u00c7OS EM ESTRUTURAS DEVIDO AO VENTO<br \/>\n\u00c1REA DE A\u00c7O E LARGURA M\u00cdNIMA<br \/>\n\u00c1REA DE A\u00c7O POR METRO DE LARGURA<br \/>\nARMADURA SIMPLES<br \/>\nC\u00c1LCULO DE CANAIS<br \/>\nC\u00c1LCULO DE ESCADAS<br \/>\nC\u00c1LCULO DE ESGOTOS<br \/>\nC\u00c1LCULO DE SAPATAS<br \/>\nDIAGRAMA DE INTERA\u00c7\u00c3O MXN<br \/>\nFLECHAS E FISSURAS (VIGAS)<br \/>\nFLEX\u00c3O SIMPLES ARMADURA DUPLA<br \/>\nF\u00d3RMULAS<br \/>\nFUNDA\u00c7\u00d5ES EM CONCRETO ARMADO<br \/>\nLAJES EM CONCRETO ARMADO<br \/>\nLAJES TRELI\u00c7ADAS<br \/>\nPILAR MET\u00c1LICO<br \/>\nPILAR MISTO ENVOLVIDO<br \/>\nPILARES EM CONCRETO ARMADO<br \/>\nPLANILHA EDIF\u00cdCIOS<br \/>\nPLANILHA OR\u00c7AMENTO<br \/>\nPLANILHAS DE INSTALA\u00c7\u00d5ES HIDR\u00c1ULICAS<br \/>\nPLANILHAS TOPOGRAFIA E ESTRADAS<br \/>\nPROGRAMAS DE CONCRETO ARMADO<br \/>\nREDE DISTRIBUI\u00c7\u00c3O DE \u00c1GUA<br \/>\nTABELAS DE LAJES<br \/>\nTAQUEOMETRIA<br \/>\nTRA\u00c7O DE CONCRETO<br \/>\nVIGAS DE A\u00c7O<br \/>\nVIGAS EM CONCRETO ARMADO<br \/>\nVIGAS MET\u00c1LICAS<br \/>\nVIGAS MISTAS<\/p>\n<p>E MUITO MAIS\u2026\u2026<\/p>\n<p style=\"text-align: center;\"><strong>COMPRA SEGURA COM GARANTIA E QUALIDADE<\/strong><\/p>\n<p>Total liberdade para alterar os dados de entrada e obter novos resultados comparativos.<\/p>\n<p><strong>Forma de Envio:<\/strong>\u00a0Frete Gr\u00e1tis por E-mail atrav\u00e9s de um link para Download.<\/p>\n<p><strong>Aten\u00e7\u00e3o:<\/strong>\u00a0Na hora da Compra insira o seu\u00a0<strong>Melhor E-mail<\/strong>, \u00e9 atrav\u00e9s dele que voc\u00ea ir\u00e1 receber os\u00a0<strong>Links para Baixar o Kit de Planilhas Excel Pronto e Edit\u00e1veis Engenharia Civil + os B\u00f4nus<\/strong>.<\/p>\n<p>Caso n\u00e3o receba o E-mail, verifique na sua Caixa de Spam e Lixeira.<\/p>\n","protected":false},"excerpt":{"rendered":"<h1><span style=\"font-size: 14pt;\">Planilhas Engenharia Civil Prontas e Edit\u00e1veis<\/span><\/h1>\n<h2><span style=\"font-size: 14pt;\">Tudo o que voc\u00ea precisa em Planilhas de Engenharia Civil, s\u00e3o planilhas feitas em Excel, prontas e edit\u00e1veis para as mais diversas aplica\u00e7\u00f5es na engenharia civil, constru\u00e7\u00e3o, obras e c\u00e1lculos estruturados.<\/span><\/h2>\n<p style=\"text-align: center;\"><span style=\"color: #4d2c2c;\"><strong><span style=\"font-size: 14pt;\">Kit Completo para Aplica\u00e7\u00e3o na Engenharia Civil<\/span><\/strong><\/span><\/p>\n<p style=\"text-align: center;\"><span style=\"color: #008080;\"><strong>Adquira Agora Via Pix e Tenha 15% de Desconto e Receba todo o Conte\u00fado em seu E-mail ou se Preferir via WhatsApp.<\/strong><\/span><\/p>\n","protected":false},"featured_media":85,"comment_status":"closed","ping_status":"closed","template":"","meta":{"_sitemap_exclude":false,"_sitemap_priority":"","_sitemap_frequency":"","site-sidebar-layout":"default","site-content-layout":"","ast-site-content-layout":"default","site-content-style":"default","site-sidebar-style":"default","ast-global-header-display":"","ast-banner-title-visibility":"","ast-main-header-display":"","ast-hfb-above-header-display":"","ast-hfb-below-header-display":"","ast-hfb-mobile-header-display":"","site-post-title":"","ast-breadcrumbs-content":"","ast-featured-img":"","footer-sml-layout":"","ast-disable-related-posts":"","theme-transparent-header-meta":"default","adv-header-id-meta":"","stick-header-meta":"default","header-above-stick-meta":"","header-main-stick-meta":"","header-below-stick-meta":"","astra-migrate-meta-layouts":"set","ast-page-background-enabled":"default","ast-page-background-meta":{"desktop":{"background-color":"var(--ast-global-color-4)","background-image":"","background-repeat":"repeat","background-position":"center center","background-size":"auto","background-attachment":"scroll","background-type":"","background-media":"","overlay-type":"","overlay-color":"","overlay-opacity":"","overlay-gradient":""},"tablet":{"background-color":"","background-image":"","background-repeat":"repeat","background-position":"center center","background-size":"auto","background-attachment":"scroll","background-type":"","background-media":"","overlay-type":"","overlay-color":"","overlay-opacity":"","overlay-gradient":""},"mobile":{"background-color":"","background-image":"","background-repeat":"repeat","background-position":"center center","background-size":"auto","background-attachment":"scroll","background-type":"","background-media":"","overlay-type":"","overlay-color":"","overlay-opacity":"","overlay-gradient":""}},"ast-content-background-meta":{"desktop":{"background-color":"var(--ast-global-color-5)","background-image":"","background-repeat":"repeat","background-position":"center center","background-size":"auto","background-attachment":"scroll","background-type":"","background-media":"","overlay-type":"","overlay-color":"","overlay-opacity":"","overlay-gradient":""},"tablet":{"background-color":"var(--ast-global-color-5)","background-image":"","background-repeat":"repeat","background-position":"center center","background-size":"auto","background-attachment":"scroll","background-type":"","background-media":"","overlay-type":"","overlay-color":"","overlay-opacity":"","overlay-gradient":""},"mobile":{"background-color":"var(--ast-global-color-5)","background-image":"","background-repeat":"repeat","background-position":"center center","background-size":"auto","background-attachment":"scroll","background-type":"","background-media":"","overlay-type":"","overlay-color":"","overlay-opacity":"","overlay-gradient":""}}},"product_brand":[],"product_cat":[1112,20],"product_tag":[104,105,106,107,108,109,110,111,112,113,114,115,116,117,118,119,120,121,122,123,124,125,126,127,128,129,130,131,132,133,134,135,136,137,138,139,140,141,142,143,144,145,146,147],"class_list":{"0":"post-46","1":"product","2":"type-product","3":"status-publish","4":"has-post-thumbnail","6":"product_cat-engenharia-civil","7":"product_cat-planilhas-excel","8":"product_tag-analise-de-estruturas","9":"product_tag-analise-de-solos-e-fundacoes","10":"product_tag-avaliacao-de-impacto-ambiental","11":"product_tag-calculos-de-resistencia","12":"product_tag-calculos-de-valor-de-mercado","13":"product_tag-composicao-de-custos-unitarios","14":"product_tag-controle-de-custos-de-construcao","15":"product_tag-controle-de-empreendimentos","16":"product_tag-controle-de-processos-licitatorios","17":"product_tag-diagnostico-de-problemas-estruturais","18":"product_tag-estudos-de-zoneamento","19":"product_tag-gestao-de-prazos-de-projetos","20":"product_tag-gestao-de-recursos-municipais","21":"product_tag-inspecoes-e-ensaios","22":"product_tag-kit-planilha-excel-engenharia-civil","23":"product_tag-levantamento-de-terrenos-e-parcelamentos","24":"product_tag-manutencao-e-alocacao","25":"product_tag-modelos-excel-para-engenheiros","26":"product_tag-planilha-engenharia-civil","27":"product_tag-planilha-excel-reforma-e-construcao","28":"product_tag-planilhas-analise-de-custos-diretos","29":"product_tag-planilhas-analise-de-riscos","30":"product_tag-planilhas-avaliacao-imobiliaria","31":"product_tag-planilhas-calculo-estrutural","32":"product_tag-planilhas-controle-de-equipamentos","33":"product_tag-planilhas-controle-de-qualidade","34":"product_tag-planilhas-cronograma-de-obras","35":"product_tag-planilhas-dimensionamento-de-estruturas","36":"product_tag-planilhas-engenharia-civil","37":"product_tag-planilhas-geotecnia","38":"product_tag-planilhas-gestao-de-documentos","39":"product_tag-planilhas-gestao-de-projetos","40":"product_tag-planilhas-hidraulica-e-saneamento","41":"product_tag-planilhas-licitacoes-publicas","42":"product_tag-planilhas-medicao-de-obras","43":"product_tag-planilhas-orcamento-de-obras","44":"product_tag-planilhas-orcamento-publico","45":"product_tag-planilhas-patologia-das-construcoes","46":"product_tag-planilhas-planejamento-urbano","47":"product_tag-planilhas-reforma-e-construcao","48":"product_tag-planilhas-topografia","49":"product_tag-projetos-de-agua-e-esgoto","50":"product_tag-quantitativos-de-materiais","51":"product_tag-registros-e-relatorios-tecnicos","52":"desktop-align-center","53":"tablet-align-left","54":"mobile-align-left","55":"ast-product-gallery-layout-horizontal-slider","56":"ast-product-tabs-layout-horizontal","58":"first","59":"instock","60":"featured","61":"downloadable","62":"shipping-taxable","63":"purchasable","64":"product-type-simple"},"_links":{"self":[{"href":"https:\/\/planilhasexcell.com.br\/loja-de-planilhas\/wp-json\/wp\/v2\/product\/46","targetHints":{"allow":["GET"]}}],"collection":[{"href":"https:\/\/planilhasexcell.com.br\/loja-de-planilhas\/wp-json\/wp\/v2\/product"}],"about":[{"href":"https:\/\/planilhasexcell.com.br\/loja-de-planilhas\/wp-json\/wp\/v2\/types\/product"}],"replies":[{"embeddable":true,"href":"https:\/\/planilhasexcell.com.br\/loja-de-planilhas\/wp-json\/wp\/v2\/comments?post=46"}],"wp:featuredmedia":[{"embeddable":true,"href":"https:\/\/planilhasexcell.com.br\/loja-de-planilhas\/wp-json\/wp\/v2\/media\/85"}],"wp:attachment":[{"href":"https:\/\/planilhasexcell.com.br\/loja-de-planilhas\/wp-json\/wp\/v2\/media?parent=46"}],"wp:term":[{"taxonomy":"product_brand","embeddable":true,"href":"https:\/\/planilhasexcell.com.br\/loja-de-planilhas\/wp-json\/wp\/v2\/product_brand?post=46"},{"taxonomy":"product_cat","embeddable":true,"href":"https:\/\/planilhasexcell.com.br\/loja-de-planilhas\/wp-json\/wp\/v2\/product_cat?post=46"},{"taxonomy":"product_tag","embeddable":true,"href":"https:\/\/planilhasexcell.com.br\/loja-de-planilhas\/wp-json\/wp\/v2\/product_tag?post=46"}],"curies":[{"name":"wp","href":"https:\/\/api.w.org\/{rel}","templated":true}]}}