{"id":45,"date":"2023-10-16T14:53:23","date_gmt":"2023-10-16T17:53:23","guid":{"rendered":"https:\/\/planilhasexcell.com.br\/loja-de-planilhas\/?post_type=product&#038;p=45"},"modified":"2025-03-15T08:15:05","modified_gmt":"2025-03-15T11:15:05","slug":"kit-planilhas-loterias","status":"publish","type":"product","link":"https:\/\/planilhasexcell.com.br\/loja-de-planilhas\/produto\/kit-planilhas-loterias\/","title":{"rendered":"Kit Planilhas Loterias"},"content":{"rendered":"<h1><span style=\"font-size: 14pt;\">Kit Planilhas Loterias<\/span><\/h1>\n<h2><span style=\"font-size: 14pt;\">Planilhas de Loteria para voc\u00ea jogar em todas as loterias do Brasil: Mega, Mega Sena, Dupla Sena, Loto F\u00e1cil, Quina, Lotomania e muitos mais\u2026<\/span><\/h2>\n<p>Kit Planilhas Loterias<\/p>\n<p><img fetchpriority=\"high\" decoding=\"async\" class=\"aligncenter wp-image-488 size-medium\" title=\"kit-planilhas-loterias\" src=\"https:\/\/planilhasexcell.com.br\/loja-de-planilhas\/wp-content\/uploads\/2023\/10\/kit-planilhas-loterias-1-240x300.jpg\" alt=\"kit-planilhas-loterias\" width=\"240\" height=\"300\" srcset=\"https:\/\/planilhasexcell.com.br\/loja-de-planilhas\/wp-content\/uploads\/2023\/10\/kit-planilhas-loterias-1-240x300.jpg 240w, https:\/\/planilhasexcell.com.br\/loja-de-planilhas\/wp-content\/uploads\/2023\/10\/kit-planilhas-loterias-1-768x960.jpg 768w, https:\/\/planilhasexcell.com.br\/loja-de-planilhas\/wp-content\/uploads\/2023\/10\/kit-planilhas-loterias-1-600x750.jpg 600w, https:\/\/planilhasexcell.com.br\/loja-de-planilhas\/wp-content\/uploads\/2023\/10\/kit-planilhas-loterias-1.jpg 800w\" sizes=\"(max-width: 240px) 100vw, 240px\" \/><\/p>\n<p>Super Pacote com mais de 2.000 Planilhas para Loterias [Mega, Mega Sena, Dupla Sena, Loto F\u00e1cil, Quina, Lotomania<\/p>\n<p>Kit Planilhas Loterias<\/p>\n<p><strong>Aumente suas Chances de Ganhar na Loteria<\/strong>, s\u00e3o mais de 2.000 Planilhas variadas de Apostas, tudo em Excel separados por arquivos e pasta.<\/p>\n<p><strong>QUINA\u00a0<\/strong><br \/>\n<strong>MEGA-SENA<\/strong><br \/>\n<strong>DUPLA-SENA<\/strong><br \/>\n<strong>LOTOF\u00c1CIL<\/strong><br \/>\n<strong>LOTOMANIA<\/strong><br \/>\n<strong>TIMEMANIA<\/strong><\/p>\n<p><em><strong>Melhor Kit a Venda da Internet<\/strong><\/em><\/p>\n<p>Este KIT cont\u00e9m [+] de 2.000 PLANILHAS DA MEGA SENA, DUPLA-SENA, QUINA, LOTOF\u00c1CIL, LOTOMANIA, TIMEMANIA E MUITO MAIS\u2026<\/p>\n<p>Voc\u00ea Poder\u00e1 jogar como um profissional, atrav\u00e9s de estrat\u00e9gias matem\u00e1ticas que permite garantias de at\u00e9 100% de pontua\u00e7\u00f5es desde que as dezenas sorteadas estejam entre as dezenas escolhidas pelo usu\u00e1rio.<\/p>\n<p>Com esse pacote voc\u00ea n\u00e3o vai mais precisar ficar procurando planilhas por a\u00ed, pois ele est\u00e1 muito completo e tem tudo que voc\u00ea precisa para realizar todos os tipos de jogos.<\/p>\n<p>Planilha para Loteca, simples e f\u00e1cil de usar, elabore seus jogos com Duplos, Triplos e palpites secos em 18 Cart\u00f5es.<\/p>\n<p>Planilhas de 23 Dezenas Loto F\u00e1cil desdobradas em 10 cart\u00f5es de 15 Dezenas, aumente suas chances de Ganhar\u00a0<strong>ABSURDAMENTE<\/strong>\u00a0deixando apenas duas Dezenas de fora do Jogo !!!<\/p>\n<p>Mais de 1.000 Planilhas Loterias para<br \/>\nMEGA SENA, LOTOF\u00c1CIL, QUINA, LOTOMANIA, DUPLA SENA, TIMIMANIA, LOTOGOL e mais programas, mais B\u00f4nus e mais Brindes.<\/p>\n<p>Este KIT cont\u00e9m + de 1.000 PLANILHAS DA MEGA SENA, LOTOF\u00c1CIL, LOTOMANIA, QUINA, DUPLA SENA, TIMEMANIA, LOTOGOL E MUITO MAIS\u2026 Voc\u00ea Poder\u00e1 jogar como um profissional, atrav\u00e9s de estrat\u00e9gias matem\u00e1ticas que permite garantias de at\u00e9 100% de pontua\u00e7\u00f5es desde que as dezenas sorteadas estejam entre as dezenas escolhidas pelo usu\u00e1rio.<\/p>\n<p>Kit Planilhas Loterias<\/p>\n<p>\u00c9 muito f\u00e1cil de jogar na loteria, basta voc\u00ea colocar os n\u00fameros de sua escolha nos campos correspondentes de cada planilha e pronto, o sistema faz as combina\u00e7\u00f5es matem\u00e1ticas e gera as apostas (n\u00fameros) correspondentes para voc\u00ea transcrever para os volantes da caixa e apostar.<\/p>\n<p>Com esse pacote voc\u00ea n\u00e3o vai mais precisar ficar procurando planilhas de loterias por a\u00ed, pois ele est\u00e1 muito completo e tem tudo que voc\u00ea precisa para realizar todos os tipos de jogos.<\/p>\n<p><strong>ATEN\u00c7\u00c3O:<\/strong>\u00a0ESSE KIT [PACOTE] DE\u00a0<em><strong>PLANILHAS PARA LOTERIAS<\/strong><\/em>\u00a0N\u00c3O ESTA A VENDA NO\u00a0<strong>MERCADO LIVRE<\/strong>, A VENDA \u00c9 EXCLUSIVA EM NOSSO SITE E O PRE\u00c7O \u00c9 PROMOCIONAL, DENTRO DE ALGUNS DIAS VOLTA PARA O PRE\u00c7O NORMAL !!!<\/p>\n<p>Veja o que voc\u00ea vai receber com o Melhor Kit [Pacote] de Planilhas Excel para Jogos de Loterias:<\/p>\n<ul>\n<li>e-Books e Brindes para Loterias<\/li>\n<li>A biblia e a loteria<\/li>\n<li>Conjunto 01<\/li>\n<li>Conjunto 02<\/li>\n<li>Dica Lotomania<\/li>\n<li>E-book Mega-Sena garantida<\/li>\n<li>Estrat\u00e9gia simplificada para Mega-Sena<\/li>\n<li>Estrat\u00e9gias para apostar melhor<\/li>\n<li>Filtros Fixos<\/li>\n<li>LotoFacil 3.0 (Programa Execut\u00e1vel)<\/li>\n<li>Lotomania<\/li>\n<li>Planilhas Dupla Sena<\/li>\n<li>Planilhas LotoF\u00e1cil<\/li>\n<li>Planilhas Lotomania<\/li>\n<li>Planilhas Mega Sena<\/li>\n<li>MS \u2013 Fechamento Quina<\/li>\n<li>Planilhas Quina<\/li>\n<li>Quina Fechamento Quadra<\/li>\n<li>Quina Fechamento Quina<\/li>\n<li>Planilhas Time Mania<\/li>\n<li>Planilhas Diversas<\/li>\n<\/ul>\n<p>No total s\u00e3o mais de 2.000 Planilhas para voc\u00ea acertar na mosca com o seu Jogo em v\u00e1rias Loterias.<\/p>\n<p>Combina\u00e7\u00f5es da Loto F\u00e1cil<br \/>\nComo Ganhar Na Loteria Usando Sistemas<br \/>\nComo ganhar na Lotomania<br \/>\nSegredo Da Loto F\u00e1cil<br \/>\nDicas para Ganhar na Mega Sena<br \/>\nJogadas para Lotomania<br \/>\nPrograma de Loterias Mega Sena<br \/>\nPrograma Loto F\u00e1cil<br \/>\nSimulador de Loterias<br \/>\nTruques e Macetes para ganhar na Lotomania<\/p>\n<p>Muito conte\u00fado para voc\u00ea que gosta de Jogos e principalmente gosta de Acertar e Ganhar !!!<\/p>\n","protected":false},"excerpt":{"rendered":"<h1><span style=\"font-size: 14pt;\">Kit Planilhas Loterias\u00a0o Melhor Kit de Jogos do Brasil<\/span><\/h1>\n<h2><span style=\"font-size: 14pt;\"><span style=\"vertical-align: inherit;\"><span style=\"vertical-align: inherit;\">Planilhas de Loteria para voc\u00ea jogar em todas as loterias do Brasil: Mega, Mega Sena, Dupla Sena, Loto F\u00e1cil, Quina, Lotomania e muitos mais\u2026<\/span><\/span><\/span><\/h2>\n<p style=\"text-align: center;\"><span style=\"font-size: 14pt; color: #333399;\"><strong>+ 2.000 Planilhas para Jogos<\/strong><\/span><\/p>\n<p style=\"text-align: center;\"><span style=\"color: #008080;\"><strong>Adquira Agora Via Pix e Tenha 15% de Desconto e Receba todo o Conte\u00fado em seu E-mail ou se Preferir via WhatsApp.<\/strong><\/span><\/p>\n","protected":false},"featured_media":487,"comment_status":"closed","ping_status":"closed","template":"","meta":{"_sitemap_exclude":false,"_sitemap_priority":"","_sitemap_frequency":"","site-sidebar-layout":"default","site-content-layout":"","ast-site-content-layout":"default","site-content-style":"default","site-sidebar-style":"default","ast-global-header-display":"","ast-banner-title-visibility":"","ast-main-header-display":"","ast-hfb-above-header-display":"","ast-hfb-below-header-display":"","ast-hfb-mobile-header-display":"","site-post-title":"","ast-breadcrumbs-content":"","ast-featured-img":"","footer-sml-layout":"","ast-disable-related-posts":"","theme-transparent-header-meta":"default","adv-header-id-meta":"","stick-header-meta":"default","header-above-stick-meta":"","header-main-stick-meta":"","header-below-stick-meta":"","astra-migrate-meta-layouts":"set","ast-page-background-enabled":"default","ast-page-background-meta":{"desktop":{"background-color":"var(--ast-global-color-4)","background-image":"","background-repeat":"repeat","background-position":"center center","background-size":"auto","background-attachment":"scroll","background-type":"","background-media":"","overlay-type":"","overlay-color":"","overlay-opacity":"","overlay-gradient":""},"tablet":{"background-color":"","background-image":"","background-repeat":"repeat","background-position":"center center","background-size":"auto","background-attachment":"scroll","background-type":"","background-media":"","overlay-type":"","overlay-color":"","overlay-opacity":"","overlay-gradient":""},"mobile":{"background-color":"","background-image":"","background-repeat":"repeat","background-position":"center center","background-size":"auto","background-attachment":"scroll","background-type":"","background-media":"","overlay-type":"","overlay-color":"","overlay-opacity":"","overlay-gradient":""}},"ast-content-background-meta":{"desktop":{"background-color":"var(--ast-global-color-5)","background-image":"","background-repeat":"repeat","background-position":"center center","background-size":"auto","background-attachment":"scroll","background-type":"","background-media":"","overlay-type":"","overlay-color":"","overlay-opacity":"","overlay-gradient":""},"tablet":{"background-color":"var(--ast-global-color-5)","background-image":"","background-repeat":"repeat","background-position":"center center","background-size":"auto","background-attachment":"scroll","background-type":"","background-media":"","overlay-type":"","overlay-color":"","overlay-opacity":"","overlay-gradient":""},"mobile":{"background-color":"var(--ast-global-color-5)","background-image":"","background-repeat":"repeat","background-position":"center center","background-size":"auto","background-attachment":"scroll","background-type":"","background-media":"","overlay-type":"","overlay-color":"","overlay-opacity":"","overlay-gradient":""}}},"product_brand":[],"product_cat":[1105,20],"product_tag":[64,65,66,67,68,69,70,71,72,73,74,75,76,77,78,79,80,81,82,83,84,85,86,87,88,89,90,91,92,93,94,95,96,97,98,99,100,101,102,103],"class_list":{"0":"post-45","1":"product","2":"type-product","3":"status-publish","4":"has-post-thumbnail","6":"product_cat-loterias","7":"product_cat-planilhas-excel","8":"product_tag-analise-de-dezenas","9":"product_tag-analise-de-probabilidade","10":"product_tag-analise-de-resultados-de-loteria","11":"product_tag-analise-de-resultados-historicos","12":"product_tag-apostas-inteligentes","13":"product_tag-apostas-premiadas","14":"product_tag-controle-de-jogos-lotericos","15":"product_tag-dicas-de-loteria","16":"product_tag-estatisticas-de-loteria","17":"product_tag-estatisticas-de-sorteio","18":"product_tag-estrategias-de-apostas","19":"product_tag-estrategias-de-ganho","20":"product_tag-estrategias-de-loteria","21":"product_tag-ferramentas-para-loteria","22":"product_tag-gestao-de-apostas","23":"product_tag-gestao-de-resultados","24":"product_tag-jogos-de-loteria","25":"product_tag-kit-planilhas-loterias","26":"product_tag-numeros-da-sorte","27":"product_tag-numeros-sorteados","28":"product_tag-planilha-loterias","29":"product_tag-planilhas-de-apostas","30":"product_tag-planilhas-de-jogos-lotericos","31":"product_tag-planilhas-lotericas","32":"product_tag-planilhas-para-apostadores","33":"product_tag-planilhas-para-dupla-sena","34":"product_tag-planilhas-para-loteca","35":"product_tag-planilhas-para-loteria-esportiva","36":"product_tag-planilhas-para-loteria-estadual","37":"product_tag-planilhas-para-loterias-internacionais","38":"product_tag-planilhas-para-lotofacil","39":"product_tag-planilhas-para-lotogol","40":"product_tag-planilhas-para-lotomania","41":"product_tag-planilhas-para-mega-sena","42":"product_tag-planilhas-para-quina","43":"product_tag-planilhas-para-timemania","44":"product_tag-resultados-de-sorteios","45":"product_tag-sorteio-da-loteria-federal","46":"product_tag-sorteios-lotericos","47":"product_tag-tecnicas-de-loteria","48":"desktop-align-center","49":"tablet-align-left","50":"mobile-align-left","51":"ast-product-gallery-layout-horizontal-slider","52":"ast-product-tabs-layout-horizontal","54":"first","55":"instock","56":"featured","57":"downloadable","58":"shipping-taxable","59":"purchasable","60":"product-type-simple"},"_links":{"self":[{"href":"https:\/\/planilhasexcell.com.br\/loja-de-planilhas\/wp-json\/wp\/v2\/product\/45","targetHints":{"allow":["GET"]}}],"collection":[{"href":"https:\/\/planilhasexcell.com.br\/loja-de-planilhas\/wp-json\/wp\/v2\/product"}],"about":[{"href":"https:\/\/planilhasexcell.com.br\/loja-de-planilhas\/wp-json\/wp\/v2\/types\/product"}],"replies":[{"embeddable":true,"href":"https:\/\/planilhasexcell.com.br\/loja-de-planilhas\/wp-json\/wp\/v2\/comments?post=45"}],"wp:featuredmedia":[{"embeddable":true,"href":"https:\/\/planilhasexcell.com.br\/loja-de-planilhas\/wp-json\/wp\/v2\/media\/487"}],"wp:attachment":[{"href":"https:\/\/planilhasexcell.com.br\/loja-de-planilhas\/wp-json\/wp\/v2\/media?parent=45"}],"wp:term":[{"taxonomy":"product_brand","embeddable":true,"href":"https:\/\/planilhasexcell.com.br\/loja-de-planilhas\/wp-json\/wp\/v2\/product_brand?post=45"},{"taxonomy":"product_cat","embeddable":true,"href":"https:\/\/planilhasexcell.com.br\/loja-de-planilhas\/wp-json\/wp\/v2\/product_cat?post=45"},{"taxonomy":"product_tag","embeddable":true,"href":"https:\/\/planilhasexcell.com.br\/loja-de-planilhas\/wp-json\/wp\/v2\/product_tag?post=45"}],"curies":[{"name":"wp","href":"https:\/\/api.w.org\/{rel}","templated":true}]}}