{"id":14,"date":"2023-10-16T09:38:01","date_gmt":"2023-10-16T12:38:01","guid":{"rendered":"https:\/\/planilhasexcell.com.br\/loja-de-planilhas\/?page_id=14"},"modified":"2023-10-16T09:38:01","modified_gmt":"2023-10-16T12:38:01","slug":"reembolso_devolucoes","status":"publish","type":"page","link":"https:\/\/planilhasexcell.com.br\/loja-de-planilhas\/reembolso_devolucoes\/","title":{"rendered":"Pol\u00edtica de reembolso e devolu\u00e7\u00f5es"},"content":{"rendered":"<h1><span style=\"font-size: 14pt;\">Pol\u00edtica de Reembolso e Devolu\u00e7\u00f5es<\/span><\/h1>\n<h2><span style=\"font-size: 14pt;\">Pol\u00edtica de reembolso e devolu\u00e7\u00f5es, nossos termos abaixo<\/span><\/h2>\n<p>Pol\u00edtica de reembolso e devolu\u00e7\u00f5es<\/p>\n<p>Vis\u00e3o geral<\/p>\n<p>Nossa pol\u00edtica de reembolso e devolu\u00e7\u00e3o dura 07 dias. Se j\u00e1 se passaram 07 dias desde a sua compra, n\u00e3o poderemos oferecer reembolso total ou troca.<\/p>\n<p>Para ter direito a uma devolu\u00e7\u00e3o, seu item deve n\u00e3o ter sido utilizado e estar nas mesmas condi\u00e7\u00f5es em que voc\u00ea o recebeu. Tamb\u00e9m deve estar na embalagem original.<\/p>\n<p>V\u00e1rios tipos de mercadorias est\u00e3o isentos de devolu\u00e7\u00e3o. Bens perec\u00edveis como alimentos, flores, jornais ou revistas e produtos digitais n\u00e3o podem ser devolvidos.<\/p>\n<p>Tamb\u00e9m n\u00e3o aceitamos produtos que sejam bens \u00edntimos ou higi\u00eanicos, materiais perigosos ou l\u00edquidos ou gases inflam\u00e1veis.<\/p>\n<p>Itens adicionais n\u00e3o retorn\u00e1veis:<\/p>\n<p>Cart\u00f5es de presente<br \/>Produtos de software para download<br \/>Alguns itens de sa\u00fade e cuidados pessoais<\/p>\n<p>Para concluir a sua devolu\u00e7\u00e3o, necessitamos de um recibo ou comprovativo de compra.<\/p>\n<p>Por favor, n\u00e3o devolva sua compra ao fabricante.<\/p>\n<p>Existem certas situa\u00e7\u00f5es em que apenas s\u00e3o concedidos reembolsos parciais:<\/p>\n<p>Livro com sinais evidentes de uso<br \/>CD, DVD, fita VHS, software, videogame, fita cassete ou disco de vinil que foi aberto.<br \/>Qualquer item que n\u00e3o esteja em sua condi\u00e7\u00e3o original, esteja danificado ou com pe\u00e7as faltando por motivos n\u00e3o devidos a nosso erro.<br \/>Qualquer item devolvido mais de 07 dias ap\u00f3s a entrega<br \/>Reembolsos<\/p>\n<p>Assim que sua devolu\u00e7\u00e3o for recebida e inspecionada, enviaremos um e-mail para notific\u00e1-lo de que recebemos seu item devolvido.<\/p>\n<p>Tamb\u00e9m iremos notific\u00e1-lo sobre a aprova\u00e7\u00e3o ou rejei\u00e7\u00e3o do seu reembolso.<\/p>\n<p>Se voc\u00ea for aprovado, seu reembolso ser\u00e1 processado e um cr\u00e9dito ser\u00e1 automaticamente aplicado ao seu cart\u00e3o de cr\u00e9dito ou m\u00e9todo de pagamento original, dentro de um determinado per\u00edodo de dias.<\/p>\n<p>Reembolsos atrasados ou faltantes<\/p>\n<p>Se voc\u00ea ainda n\u00e3o recebeu um reembolso, primeiro verifique sua conta banc\u00e1ria novamente.<\/p>\n<p>Em seguida, entre em contato com a administradora do seu cart\u00e3o de cr\u00e9dito. Pode levar algum tempo at\u00e9 que seu reembolso seja publicado oficialmente.<\/p>\n<p>Em seguida, entre em contato com seu banco. Muitas vezes, h\u00e1 algum tempo de processamento antes que um reembolso seja publicado.<\/p>\n<p>Se voc\u00ea fez tudo isso e ainda n\u00e3o recebeu o reembolso, entre em contato conosco pelo e-mail <a href=\"mailto:contato@planilhasexcell.com.br\" target=\"_blank\" rel=\"noopener\">contato@planilhasexcell.com.br<\/a>.<\/p>\n<p>Itens \u00e0 venda<\/p>\n<p>Apenas itens com pre\u00e7o normal podem ser reembolsados. Os itens em promo\u00e7\u00e3o n\u00e3o podem ser reembolsados.<\/p>\n<p>Trocas<\/p>\n<p>S\u00f3 substitu\u00edmos itens se estiverem com defeito ou danificados. Caso necessite troc\u00e1-lo pelo mesmo artigo, envie-nos um email para <a href=\"mailto:contato@planilhasexcell.com.br\" target=\"_blank\" rel=\"noopener\">contato@planilhasexcell.com.br<\/a>.<\/p>\n<p>Presentes<\/p>\n<p>Se o item foi marcado como presente quando comprado e enviado diretamente para voc\u00ea, voc\u00ea receber\u00e1 um cr\u00e9dito de presente no valor da sua devolu\u00e7\u00e3o. Assim que o item devolvido for recebido, um vale-presente ser\u00e1 enviado a voc\u00ea.<\/p>\n<p>Se o item n\u00e3o foi marcado como presente no momento da compra, ou se o presenteador tiver enviado o pedido para si mesmo para entreg\u00e1-lo mais tarde, enviaremos um reembolso ao presenteador e ele saber\u00e1 sobre sua devolu\u00e7\u00e3o.<\/p>\n<p>Devolu\u00e7\u00f5es de envio<\/p>\n<p>Para devolver o seu produto, voc\u00ea deve envi\u00e1-lo pelo correio para: n\u00e3o se aplica, s\u00f3 vendemos produtos digitais.<\/p>\n<p>Voc\u00ea ser\u00e1 respons\u00e1vel por pagar seus pr\u00f3prios custos de envio para devolver seu item. Os custos de envio n\u00e3o s\u00e3o reembols\u00e1veis. Se voc\u00ea receber um reembolso, o custo do frete de devolu\u00e7\u00e3o ser\u00e1 deduzido do seu reembolso.<\/p>\n<p>Dependendo de onde voc\u00ea mora, o tempo que o produto trocado pode levar para chegar at\u00e9 voc\u00ea pode variar.<\/p>\n<p>Se voc\u00ea estiver devolvendo itens mais caros, considere usar um servi\u00e7o de remessa rastre\u00e1vel ou adquirir um seguro de remessa. N\u00e3o garantimos que receberemos seu item devolvido.<\/p>\n<p>Preciso de ajuda?<\/p>\n<p>Contate-nos em <a href=\"mailto:contato@planilhasexcell.com.br\" target=\"_blank\" rel=\"noopener\">contato@planilhasexcell.com.br<\/a> para perguntas relacionadas a reembolsos e devolu\u00e7\u00f5es.<\/p>\n","protected":false},"excerpt":{"rendered":"<p>Pol\u00edtica de Reembolso e Devolu\u00e7\u00f5es Pol\u00edtica de reembolso e devolu\u00e7\u00f5es, nossos termos abaixo Pol\u00edtica de reembolso e devolu\u00e7\u00f5es Vis\u00e3o geral Nossa pol\u00edtica de reembolso e devolu\u00e7\u00e3o dura 07 dias. Se j\u00e1 se passaram 07 dias desde a sua compra, n\u00e3o poderemos oferecer reembolso total ou troca. Para ter direito a uma devolu\u00e7\u00e3o, seu item deve [&hellip;]<\/p>\n","protected":false},"author":1,"featured_media":0,"parent":0,"menu_order":0,"comment_status":"closed","ping_status":"open","template":"","meta":{"_sitemap_exclude":false,"_sitemap_priority":"","_sitemap_frequency":"","site-sidebar-layout":"default","site-content-layout":"","ast-site-content-layout":"default","site-content-style":"default","site-sidebar-style":"default","ast-global-header-display":"","ast-banner-title-visibility":"","ast-main-header-display":"","ast-hfb-above-header-display":"","ast-hfb-below-header-display":"","ast-hfb-mobile-header-display":"","site-post-title":"","ast-breadcrumbs-content":"","ast-featured-img":"","footer-sml-layout":"","ast-disable-related-posts":"","theme-transparent-header-meta":"default","adv-header-id-meta":"","stick-header-meta":"","header-above-stick-meta":"","header-main-stick-meta":"","header-below-stick-meta":"","astra-migrate-meta-layouts":"set","ast-page-background-enabled":"default","ast-page-background-meta":{"desktop":{"background-color":"var(--ast-global-color-4)","background-image":"","background-repeat":"repeat","background-position":"center center","background-size":"auto","background-attachment":"scroll","background-type":"","background-media":"","overlay-type":"","overlay-color":"","overlay-opacity":"","overlay-gradient":""},"tablet":{"background-color":"","background-image":"","background-repeat":"repeat","background-position":"center center","background-size":"auto","background-attachment":"scroll","background-type":"","background-media":"","overlay-type":"","overlay-color":"","overlay-opacity":"","overlay-gradient":""},"mobile":{"background-color":"","background-image":"","background-repeat":"repeat","background-position":"center center","background-size":"auto","background-attachment":"scroll","background-type":"","background-media":"","overlay-type":"","overlay-color":"","overlay-opacity":"","overlay-gradient":""}},"ast-content-background-meta":{"desktop":{"background-color":"var(--ast-global-color-5)","background-image":"","background-repeat":"repeat","background-position":"center center","background-size":"auto","background-attachment":"scroll","background-type":"","background-media":"","overlay-type":"","overlay-color":"","overlay-opacity":"","overlay-gradient":""},"tablet":{"background-color":"var(--ast-global-color-5)","background-image":"","background-repeat":"repeat","background-position":"center center","background-size":"auto","background-attachment":"scroll","background-type":"","background-media":"","overlay-type":"","overlay-color":"","overlay-opacity":"","overlay-gradient":""},"mobile":{"background-color":"var(--ast-global-color-5)","background-image":"","background-repeat":"repeat","background-position":"center center","background-size":"auto","background-attachment":"scroll","background-type":"","background-media":"","overlay-type":"","overlay-color":"","overlay-opacity":"","overlay-gradient":""}},"footnotes":""},"class_list":["post-14","page","type-page","status-publish","hentry"],"_links":{"self":[{"href":"https:\/\/planilhasexcell.com.br\/loja-de-planilhas\/wp-json\/wp\/v2\/pages\/14","targetHints":{"allow":["GET"]}}],"collection":[{"href":"https:\/\/planilhasexcell.com.br\/loja-de-planilhas\/wp-json\/wp\/v2\/pages"}],"about":[{"href":"https:\/\/planilhasexcell.com.br\/loja-de-planilhas\/wp-json\/wp\/v2\/types\/page"}],"author":[{"embeddable":true,"href":"https:\/\/planilhasexcell.com.br\/loja-de-planilhas\/wp-json\/wp\/v2\/users\/1"}],"replies":[{"embeddable":true,"href":"https:\/\/planilhasexcell.com.br\/loja-de-planilhas\/wp-json\/wp\/v2\/comments?post=14"}],"version-history":[{"count":0,"href":"https:\/\/planilhasexcell.com.br\/loja-de-planilhas\/wp-json\/wp\/v2\/pages\/14\/revisions"}],"wp:attachment":[{"href":"https:\/\/planilhasexcell.com.br\/loja-de-planilhas\/wp-json\/wp\/v2\/media?parent=14"}],"curies":[{"name":"wp","href":"https:\/\/api.w.org\/{rel}","templated":true}]}}